{"id":31559,"date":"2025-01-28T20:17:14","date_gmt":"2025-01-28T19:17:14","guid":{"rendered":"https:\/\/www.savonspotionsetcie.com\/?post_type=product&#038;p=31559"},"modified":"2025-08-29T15:56:19","modified_gmt":"2025-08-29T13:56:19","slug":"savon-a-barbe","status":"publish","type":"product","link":"https:\/\/www.savonspotionsetcie.com\/en\/product\/savon-a-barbe\/","title":{"rendered":"Beard soap"},"content":{"rendered":"<p data-start=\"466\" data-end=\"567\">Le Savon \u00e0 barbe :<\/p>\n<p class=\"\" data-start=\"466\" data-end=\"567\">\u2714\ufe0f Soothes and protects the skin<br data-start=\"494\" data-end=\"497\" \/>\u2714\ufe0f Softens and hydrates facial hair<br data-start=\"530\" data-end=\"533\" \/>\u2714\ufe0f Rich, natural lather<\/p>\n<hr class=\"\" data-start=\"569\" data-end=\"572\" \/>\n<h3 class=\"\" data-start=\"574\" data-end=\"613\">Pourquoi adopter ce savon \u00e0 barbe ?<\/h3>\n<h4 class=\"\" data-start=\"615\" data-end=\"670\">A sensory and effective shaving experience<\/h4>\n<p class=\"\" data-start=\"671\" data-end=\"923\">Crafted by hand with a calendula flower macerate\u2014known for its soothing and healing properties\u2014this soap is perfect for a gentle shave. Hibiscus oil complements the formula, providing comfort and elasticity to the skin.<\/p>\n<hr \/>\n<h4 class=\"\" data-start=\"925\" data-end=\"963\">Rich lather without compromise<\/h4>\n<p class=\"\" data-start=\"964\" data-end=\"1164\">This shaving soap creates a creamy, stable foam that helps your razor glide smoothly while respecting the skin\u2019s natural balance. It helps reduce irritation, tightness, and razor burn.<\/p>\n<hr \/>\n<h4 class=\"\" data-start=\"1166\" data-end=\"1214\">Artisanal and responsible production<\/h4>\n<p class=\"\" data-start=\"1215\" data-end=\"1423\">Like all our products, this shaving soap is cold-processed to preserve the properties of plant oils and naturally produce moisturizing glycerin. Zero plastic, zero compromise.<\/p>\n<hr class=\"\" data-start=\"1425\" data-end=\"1428\" \/>\n<h3 data-start=\"1430\" data-end=\"1464\">My commitments<\/h3>\n<p><img loading=\"lazy\" decoding=\"async\" class=\"alignnone wp-image-31313\" src=\"https:\/\/www.savonspotionsetcie.com\/wp-content\/uploads\/2024\/08\/logo-MADE-IN-FRANCE.png\" alt=\"a flag in a circle with hearts\" width=\"200\" height=\"200\" srcset=\"https:\/\/www.savonspotionsetcie.com\/wp-content\/uploads\/2024\/08\/logo-MADE-IN-FRANCE.png 500w, https:\/\/www.savonspotionsetcie.com\/wp-content\/uploads\/2024\/08\/logo-MADE-IN-FRANCE-300x300.png 300w, https:\/\/www.savonspotionsetcie.com\/wp-content\/uploads\/2024\/08\/logo-MADE-IN-FRANCE-150x150.png 150w, https:\/\/www.savonspotionsetcie.com\/wp-content\/uploads\/2024\/08\/logo-MADE-IN-FRANCE-12x12.png 12w\" sizes=\"(max-width: 200px) 100vw, 200px\" \/><img loading=\"lazy\" decoding=\"async\" class=\"alignnone wp-image-31316\" src=\"https:\/\/www.savonspotionsetcie.com\/wp-content\/uploads\/2024\/05\/logo-2-1-300x300.png\" alt=\"a green logo with leaves around it\" width=\"199\" height=\"199\" srcset=\"https:\/\/www.savonspotionsetcie.com\/wp-content\/uploads\/2024\/05\/logo-2-1-300x300.png 300w, https:\/\/www.savonspotionsetcie.com\/wp-content\/uploads\/2024\/05\/logo-2-1-150x150.png 150w, https:\/\/www.savonspotionsetcie.com\/wp-content\/uploads\/2024\/05\/logo-2-1-12x12.png 12w, https:\/\/www.savonspotionsetcie.com\/wp-content\/uploads\/2024\/05\/logo-2-1.png 500w\" sizes=\"(max-width: 199px) 100vw, 199px\" \/><img loading=\"lazy\" decoding=\"async\" class=\"alignnone wp-image-31315\" src=\"https:\/\/www.savonspotionsetcie.com\/wp-content\/uploads\/2024\/08\/logo-handmade.png\" alt=\"two hands in the air\" width=\"201\" height=\"201\" srcset=\"https:\/\/www.savonspotionsetcie.com\/wp-content\/uploads\/2024\/08\/logo-handmade.png 500w, https:\/\/www.savonspotionsetcie.com\/wp-content\/uploads\/2024\/08\/logo-handmade-300x300.png 300w, https:\/\/www.savonspotionsetcie.com\/wp-content\/uploads\/2024\/08\/logo-handmade-150x150.png 150w, https:\/\/www.savonspotionsetcie.com\/wp-content\/uploads\/2024\/08\/logo-handmade-12x12.png 12w\" sizes=\"(max-width: 201px) 100vw, 201px\" \/><img loading=\"lazy\" decoding=\"async\" class=\"alignnone wp-image-31317\" src=\"https:\/\/www.savonspotionsetcie.com\/wp-content\/uploads\/2024\/05\/logo-3-1-300x300.png\" alt=\"a green and white globe with leaves and a arrow\" width=\"200\" height=\"200\" srcset=\"https:\/\/www.savonspotionsetcie.com\/wp-content\/uploads\/2024\/05\/logo-3-1-300x300.png 300w, https:\/\/www.savonspotionsetcie.com\/wp-content\/uploads\/2024\/05\/logo-3-1-150x150.png 150w, https:\/\/www.savonspotionsetcie.com\/wp-content\/uploads\/2024\/05\/logo-3-1-12x12.png 12w, https:\/\/www.savonspotionsetcie.com\/wp-content\/uploads\/2024\/05\/logo-3-1.png 500w\" sizes=\"(max-width: 200px) 100vw, 200px\" \/><\/p>\n<hr \/>\n<h3 class=\"\" data-start=\"1430\" data-end=\"1464\">Composition du Savon \u00e0 Barbe<\/h3>\n<p class=\"\" data-start=\"1466\" data-end=\"1723\"><strong data-start=\"1466\" data-end=\"1483\">Ingredients:<\/strong>\u00a0saponified oils (olive oil*, coconut oil*, shea butter*, calendula macerate*, castor oil*, hibiscus oil), water, sodium hydroxide, essential oils of lemon*, ho wood*, sweet orange*, white clay.<\/p>\n<p data-start=\"1466\" data-end=\"1723\">*Ingr\u00e9dients issus de l\u2019agriculture biologique.<\/p>\n<p class=\"\" data-start=\"1725\" data-end=\"2115\"><strong data-start=\"1725\" data-end=\"1735\">INCI :<\/strong><em>Sodium olivate, Sodium cocoate, Sodium shea butterate, Sodium soyate, Sodium castorate, Sodium hibiscus seedate, Glycerin<\/em>**,\u00a0<em>Aqua, Calendula officinalis flowers, Citrus limon oil, Citrus aurantium dulcis peel oil*, Kaolin, Cinnamomum camphora wood oil*,<\/em><em>Limon\u00e8ne, Linallol, Pin\u00e8nes.<\/em><\/p>\n<p>**naturally created during the saponification process.<\/p>\n<hr class=\"\" data-start=\"2117\" data-end=\"2120\" \/>\n<h3 class=\"\" data-start=\"2122\" data-end=\"2150\">How to use<\/h3>\n<p class=\"\" data-start=\"2152\" data-end=\"2384\">1\ufe0f\u20e3 Wet your face and shaving brush with warm water<br data-start=\"2204\" data-end=\"2207\" \/>2\ufe0f\u20e3 Lather the soap using circular motions with the brush<br data-start=\"2279\" data-end=\"2282\" \/>3\ufe0f\u20e3 Apply the foam to your face<br data-start=\"2320\" data-end=\"2323\" \/>4\ufe0f\u20e3 Shave as usual, then rinse with cool water<\/p>\n<p class=\"\" data-start=\"2386\" data-end=\"2483\">\ud83d\udca1 <strong data-start=\"2389\" data-end=\"2401\">Tip:<\/strong> Let the soap air dry after use to extend its lifespan.<\/p>","protected":false},"excerpt":{"rendered":"<p>Discover a new shaving experience with our Calendula Shaving Soap.\nCrafted with calendula macerate\u2014renowned for its soothing and healing properties\u2014and hibiscus oil to restore skin elasticity and comfort, this soap cares for both your skin and the environment. Its rich, creamy lather hydrates and protects the skin, reducing the risk of irritation and cuts.<\/p>\n<p>Conseils d\u2019utilisation :<\/p>\n<p>Mouillez votre visage et le blaireau de rasage \u00e0 l\u2019eau ti\u00e8de.<br \/>\nWork the soap into a lather by rubbing the shaving brush over the soap surface in a circular motion.<br \/>\nApply the foam to your face in circular movements to prepare the skin and hair.<br \/>\nShave as usual.<\/p>","protected":false},"featured_media":30398,"comment_status":"open","ping_status":"closed","template":"","meta":{"_et_pb_use_builder":"","_et_pb_old_content":"","_et_gb_content_width":""},"product_brand":[],"product_cat":[19],"product_tag":[],"class_list":{"0":"post-31559","1":"product","2":"type-product","3":"status-publish","4":"has-post-thumbnail","6":"product_cat-non-classe","7":"clearfix","9":"first","10":"instock","11":"taxable","12":"shipping-taxable","13":"purchasable","14":"product-type-simple"},"yoast_head":"<!-- This site is optimized with the Yoast SEO plugin v27.3 - https:\/\/yoast.com\/product\/yoast-seo-wordpress\/ -->\n<title>Savon \u00e0 barbe - Savons Potions &amp; Cie<\/title>\n<meta name=\"description\" content=\"Savon \u00e0 barbe naturel au calendula et hibiscus. Mousse onctueuse, rasage tout en douceur. Apaise, hydrate et prot\u00e8ge la peau sans irriter.\" \/>\n<meta name=\"robots\" content=\"index, follow, max-snippet:-1, max-image-preview:large, max-video-preview:-1\" \/>\n<link rel=\"canonical\" href=\"https:\/\/www.savonspotionsetcie.com\/en\/product\/savon-a-barbe\/\" \/>\n<meta property=\"og:locale\" content=\"en_US\" \/>\n<meta property=\"og:type\" content=\"article\" \/>\n<meta property=\"og:title\" content=\"Savon \u00e0 barbe - Savons Potions &amp; Cie\" \/>\n<meta property=\"og:description\" content=\"Savon \u00e0 barbe naturel au calendula et hibiscus. Mousse onctueuse, rasage tout en douceur. Apaise, hydrate et prot\u00e8ge la peau sans irriter.\" \/>\n<meta property=\"og:url\" content=\"https:\/\/www.savonspotionsetcie.com\/en\/product\/savon-a-barbe\/\" \/>\n<meta property=\"og:site_name\" content=\"Savons Potions &amp; Cie\" \/>\n<meta property=\"article:publisher\" content=\"https:\/\/www.facebook.com\/Maguypavan\" \/>\n<meta property=\"article:modified_time\" content=\"2025-08-29T13:56:19+00:00\" \/>\n<meta property=\"og:image\" content=\"https:\/\/www.savonspotionsetcie.com\/wp-content\/uploads\/2023\/07\/DSC02926.jpg\" \/>\n\t<meta property=\"og:image:width\" content=\"2456\" \/>\n\t<meta property=\"og:image:height\" content=\"1632\" \/>\n\t<meta property=\"og:image:type\" content=\"image\/jpeg\" \/>\n<meta name=\"twitter:card\" content=\"summary_large_image\" \/>\n<meta name=\"twitter:label1\" content=\"Est. reading time\" \/>\n\t<meta name=\"twitter:data1\" content=\"3 minutes\" \/>\n<script type=\"application\/ld+json\" class=\"yoast-schema-graph\">{\"@context\":\"https:\\\/\\\/schema.org\",\"@graph\":[{\"@type\":\"WebPage\",\"@id\":\"https:\\\/\\\/www.savonspotionsetcie.com\\\/produit\\\/savon-a-barbe\\\/\",\"url\":\"https:\\\/\\\/www.savonspotionsetcie.com\\\/produit\\\/savon-a-barbe\\\/\",\"name\":\"Savon \u00e0 barbe - Savons Potions &amp; Cie\",\"isPartOf\":{\"@id\":\"https:\\\/\\\/www.savonspotionsetcie.com\\\/en\\\/#website\"},\"primaryImageOfPage\":{\"@id\":\"https:\\\/\\\/www.savonspotionsetcie.com\\\/produit\\\/savon-a-barbe\\\/#primaryimage\"},\"image\":{\"@id\":\"https:\\\/\\\/www.savonspotionsetcie.com\\\/produit\\\/savon-a-barbe\\\/#primaryimage\"},\"thumbnailUrl\":\"https:\\\/\\\/www.savonspotionsetcie.com\\\/wp-content\\\/uploads\\\/2023\\\/07\\\/DSC02926.jpg\",\"datePublished\":\"2025-01-28T19:17:14+00:00\",\"dateModified\":\"2025-08-29T13:56:19+00:00\",\"description\":\"Savon \u00e0 barbe naturel au calendula et hibiscus. Mousse onctueuse, rasage tout en douceur. Apaise, hydrate et prot\u00e8ge la peau sans irriter.\",\"breadcrumb\":{\"@id\":\"https:\\\/\\\/www.savonspotionsetcie.com\\\/produit\\\/savon-a-barbe\\\/#breadcrumb\"},\"inLanguage\":\"en-US\",\"potentialAction\":[{\"@type\":\"ReadAction\",\"target\":[\"https:\\\/\\\/www.savonspotionsetcie.com\\\/produit\\\/savon-a-barbe\\\/\"]}]},{\"@type\":\"ImageObject\",\"inLanguage\":\"en-US\",\"@id\":\"https:\\\/\\\/www.savonspotionsetcie.com\\\/produit\\\/savon-a-barbe\\\/#primaryimage\",\"url\":\"https:\\\/\\\/www.savonspotionsetcie.com\\\/wp-content\\\/uploads\\\/2023\\\/07\\\/DSC02926.jpg\",\"contentUrl\":\"https:\\\/\\\/www.savonspotionsetcie.com\\\/wp-content\\\/uploads\\\/2023\\\/07\\\/DSC02926.jpg\",\"width\":2456,\"height\":1632},{\"@type\":\"BreadcrumbList\",\"@id\":\"https:\\\/\\\/www.savonspotionsetcie.com\\\/produit\\\/savon-a-barbe\\\/#breadcrumb\",\"itemListElement\":[{\"@type\":\"ListItem\",\"position\":1,\"name\":\"Accueil\",\"item\":\"https:\\\/\\\/www.savonspotionsetcie.com\\\/\"},{\"@type\":\"ListItem\",\"position\":2,\"name\":\"Products\",\"item\":\"https:\\\/\\\/www.savonspotionsetcie.com\\\/en\\\/boutique__trashed\\\/\"},{\"@type\":\"ListItem\",\"position\":3,\"name\":\"Savon \u00e0 barbe\"}]},{\"@type\":\"WebSite\",\"@id\":\"https:\\\/\\\/www.savonspotionsetcie.com\\\/en\\\/#website\",\"url\":\"https:\\\/\\\/www.savonspotionsetcie.com\\\/en\\\/\",\"name\":\"Savons Potions & Cie\",\"description\":\"Cr\u00e9atrice de savons et cosm\u00e9tiques naturels vegan\",\"publisher\":{\"@id\":\"https:\\\/\\\/www.savonspotionsetcie.com\\\/en\\\/#organization\"},\"potentialAction\":[{\"@type\":\"SearchAction\",\"target\":{\"@type\":\"EntryPoint\",\"urlTemplate\":\"https:\\\/\\\/www.savonspotionsetcie.com\\\/en\\\/?s={search_term_string}\"},\"query-input\":{\"@type\":\"PropertyValueSpecification\",\"valueRequired\":true,\"valueName\":\"search_term_string\"}}],\"inLanguage\":\"en-US\"},{\"@type\":\"Organization\",\"@id\":\"https:\\\/\\\/www.savonspotionsetcie.com\\\/en\\\/#organization\",\"name\":\"Savons Potions & Cie\",\"url\":\"https:\\\/\\\/www.savonspotionsetcie.com\\\/en\\\/\",\"logo\":{\"@type\":\"ImageObject\",\"inLanguage\":\"en-US\",\"@id\":\"https:\\\/\\\/www.savonspotionsetcie.com\\\/en\\\/#\\\/schema\\\/logo\\\/image\\\/\",\"url\":\"https:\\\/\\\/www.savonspotionsetcie.com\\\/wp-content\\\/uploads\\\/2023\\\/11\\\/Logo-depot-1.jpg\",\"contentUrl\":\"https:\\\/\\\/www.savonspotionsetcie.com\\\/wp-content\\\/uploads\\\/2023\\\/11\\\/Logo-depot-1.jpg\",\"width\":1492,\"height\":1492,\"caption\":\"Savons Potions & Cie\"},\"image\":{\"@id\":\"https:\\\/\\\/www.savonspotionsetcie.com\\\/en\\\/#\\\/schema\\\/logo\\\/image\\\/\"},\"sameAs\":[\"https:\\\/\\\/www.facebook.com\\\/Maguypavan\",\"https:\\\/\\\/www.instagram.com\\\/savonspotionsetcie\\\/\",\"https:\\\/\\\/www.tiktok.com\\\/@savonspotionsetcie\"]}]}<\/script>\n<!-- \/ Yoast SEO plugin. -->","yoast_head_json":{"title":"Savon \u00e0 barbe - Savons Potions &amp; Cie","description":"Savon \u00e0 barbe naturel au calendula et hibiscus. Mousse onctueuse, rasage tout en douceur. Apaise, hydrate et prot\u00e8ge la peau sans irriter.","robots":{"index":"index","follow":"follow","max-snippet":"max-snippet:-1","max-image-preview":"max-image-preview:large","max-video-preview":"max-video-preview:-1"},"canonical":"https:\/\/www.savonspotionsetcie.com\/en\/product\/savon-a-barbe\/","og_locale":"en_US","og_type":"article","og_title":"Savon \u00e0 barbe - Savons Potions &amp; Cie","og_description":"Savon \u00e0 barbe naturel au calendula et hibiscus. Mousse onctueuse, rasage tout en douceur. Apaise, hydrate et prot\u00e8ge la peau sans irriter.","og_url":"https:\/\/www.savonspotionsetcie.com\/en\/product\/savon-a-barbe\/","og_site_name":"Savons Potions &amp; Cie","article_publisher":"https:\/\/www.facebook.com\/Maguypavan","article_modified_time":"2025-08-29T13:56:19+00:00","og_image":[{"width":2456,"height":1632,"url":"https:\/\/www.savonspotionsetcie.com\/wp-content\/uploads\/2023\/07\/DSC02926.jpg","type":"image\/jpeg"}],"twitter_card":"summary_large_image","twitter_misc":{"Est. reading time":"3 minutes"},"schema":{"@context":"https:\/\/schema.org","@graph":[{"@type":"WebPage","@id":"https:\/\/www.savonspotionsetcie.com\/produit\/savon-a-barbe\/","url":"https:\/\/www.savonspotionsetcie.com\/produit\/savon-a-barbe\/","name":"Savon \u00e0 barbe - Savons Potions &amp; Cie","isPartOf":{"@id":"https:\/\/www.savonspotionsetcie.com\/en\/#website"},"primaryImageOfPage":{"@id":"https:\/\/www.savonspotionsetcie.com\/produit\/savon-a-barbe\/#primaryimage"},"image":{"@id":"https:\/\/www.savonspotionsetcie.com\/produit\/savon-a-barbe\/#primaryimage"},"thumbnailUrl":"https:\/\/www.savonspotionsetcie.com\/wp-content\/uploads\/2023\/07\/DSC02926.jpg","datePublished":"2025-01-28T19:17:14+00:00","dateModified":"2025-08-29T13:56:19+00:00","description":"Savon \u00e0 barbe naturel au calendula et hibiscus. Mousse onctueuse, rasage tout en douceur. Apaise, hydrate et prot\u00e8ge la peau sans irriter.","breadcrumb":{"@id":"https:\/\/www.savonspotionsetcie.com\/produit\/savon-a-barbe\/#breadcrumb"},"inLanguage":"en-US","potentialAction":[{"@type":"ReadAction","target":["https:\/\/www.savonspotionsetcie.com\/produit\/savon-a-barbe\/"]}]},{"@type":"ImageObject","inLanguage":"en-US","@id":"https:\/\/www.savonspotionsetcie.com\/produit\/savon-a-barbe\/#primaryimage","url":"https:\/\/www.savonspotionsetcie.com\/wp-content\/uploads\/2023\/07\/DSC02926.jpg","contentUrl":"https:\/\/www.savonspotionsetcie.com\/wp-content\/uploads\/2023\/07\/DSC02926.jpg","width":2456,"height":1632},{"@type":"BreadcrumbList","@id":"https:\/\/www.savonspotionsetcie.com\/produit\/savon-a-barbe\/#breadcrumb","itemListElement":[{"@type":"ListItem","position":1,"name":"Accueil","item":"https:\/\/www.savonspotionsetcie.com\/"},{"@type":"ListItem","position":2,"name":"Products","item":"https:\/\/www.savonspotionsetcie.com\/en\/boutique__trashed\/"},{"@type":"ListItem","position":3,"name":"Savon \u00e0 barbe"}]},{"@type":"WebSite","@id":"https:\/\/www.savonspotionsetcie.com\/en\/#website","url":"https:\/\/www.savonspotionsetcie.com\/en\/","name":"Savons Potions & Cie","description":"Cr\u00e9atrice de savons et cosm\u00e9tiques naturels vegan","publisher":{"@id":"https:\/\/www.savonspotionsetcie.com\/en\/#organization"},"potentialAction":[{"@type":"SearchAction","target":{"@type":"EntryPoint","urlTemplate":"https:\/\/www.savonspotionsetcie.com\/en\/?s={search_term_string}"},"query-input":{"@type":"PropertyValueSpecification","valueRequired":true,"valueName":"search_term_string"}}],"inLanguage":"en-US"},{"@type":"Organization","@id":"https:\/\/www.savonspotionsetcie.com\/en\/#organization","name":"Savons Potions & Cie","url":"https:\/\/www.savonspotionsetcie.com\/en\/","logo":{"@type":"ImageObject","inLanguage":"en-US","@id":"https:\/\/www.savonspotionsetcie.com\/en\/#\/schema\/logo\/image\/","url":"https:\/\/www.savonspotionsetcie.com\/wp-content\/uploads\/2023\/11\/Logo-depot-1.jpg","contentUrl":"https:\/\/www.savonspotionsetcie.com\/wp-content\/uploads\/2023\/11\/Logo-depot-1.jpg","width":1492,"height":1492,"caption":"Savons Potions & Cie"},"image":{"@id":"https:\/\/www.savonspotionsetcie.com\/en\/#\/schema\/logo\/image\/"},"sameAs":["https:\/\/www.facebook.com\/Maguypavan","https:\/\/www.instagram.com\/savonspotionsetcie\/","https:\/\/www.tiktok.com\/@savonspotionsetcie"]}]}},"_links":{"self":[{"href":"https:\/\/www.savonspotionsetcie.com\/en\/wp-json\/wp\/v2\/product\/31559","targetHints":{"allow":["GET"]}}],"collection":[{"href":"https:\/\/www.savonspotionsetcie.com\/en\/wp-json\/wp\/v2\/product"}],"about":[{"href":"https:\/\/www.savonspotionsetcie.com\/en\/wp-json\/wp\/v2\/types\/product"}],"replies":[{"embeddable":true,"href":"https:\/\/www.savonspotionsetcie.com\/en\/wp-json\/wp\/v2\/comments?post=31559"}],"wp:featuredmedia":[{"embeddable":true,"href":"https:\/\/www.savonspotionsetcie.com\/en\/wp-json\/wp\/v2\/media\/30398"}],"wp:attachment":[{"href":"https:\/\/www.savonspotionsetcie.com\/en\/wp-json\/wp\/v2\/media?parent=31559"}],"wp:term":[{"taxonomy":"product_brand","embeddable":true,"href":"https:\/\/www.savonspotionsetcie.com\/en\/wp-json\/wp\/v2\/product_brand?post=31559"},{"taxonomy":"product_cat","embeddable":true,"href":"https:\/\/www.savonspotionsetcie.com\/en\/wp-json\/wp\/v2\/product_cat?post=31559"},{"taxonomy":"product_tag","embeddable":true,"href":"https:\/\/www.savonspotionsetcie.com\/en\/wp-json\/wp\/v2\/product_tag?post=31559"}],"curies":[{"name":"wp","href":"https:\/\/api.w.org\/{rel}","templated":true}]}}