{"id":30717,"date":"2023-11-21T14:15:30","date_gmt":"2023-11-21T13:15:30","guid":{"rendered":"https:\/\/demo-site.savonspotionsetcie.com\/?post_type=product&#038;p=30717"},"modified":"2026-01-10T16:41:00","modified_gmt":"2026-01-10T15:41:00","slug":"eponge-luffa","status":"publish","type":"product","link":"https:\/\/www.savonspotionsetcie.com\/en\/product\/eponge-luffa\/","title":{"rendered":"Luffa sponge"},"content":{"rendered":"<p data-start=\"580\" data-end=\"617\">L&#8217;\u00e9ponge luffa :<\/p>\n<p class=\"\" data-start=\"619\" data-end=\"862\">\u2714\ufe0f 100 % v\u00e9g\u00e9tale, biod\u00e9gradable et compostable.<br data-start=\"666\" data-end=\"669\" \/>\u2714\ufe0f Exfolie la peau en douceur.<br data-start=\"698\" data-end=\"701\" \/>\u2714\ufe0f Stimule la circulation et le renouvellement cellulaire.<br data-start=\"758\" data-end=\"761\" \/>\u2714\ufe0f S\u2019utilise aussi pour l\u2019entretien de la maison.<br data-start=\"809\" data-end=\"812\" \/>\u2714\ufe0f Alternative \u00e9cologique aux \u00e9ponges synth\u00e9tiques.<\/p>\n<hr class=\"\" data-start=\"864\" data-end=\"867\" \/>\n<h3 class=\"\" data-start=\"869\" data-end=\"908\">Pourquoi adopter l\u2019\u00e9ponge luffa ?<\/h3>\n<h4 class=\"\" data-start=\"910\" data-end=\"957\">Une \u00e9ponge 100 % naturelle et durable<\/h4>\n<p class=\"\" data-start=\"958\" data-end=\"1293\">Issue de la plante luffa (cousine du concombre et de la courgette), cette \u00e9ponge v\u00e9g\u00e9tale est cultiv\u00e9e, s\u00e9ch\u00e9e et d\u00e9coup\u00e9e sans aucun traitement chimique. Elle constitue une solution z\u00e9ro d\u00e9chet id\u00e9ale pour remplacer les \u00e9ponges synth\u00e9tiques du commerce, souvent issues de la p\u00e9trochimie. Une fois us\u00e9e, elle se composte sans polluer !<\/p>\n<h4 class=\"\" data-start=\"1295\" data-end=\"1337\">Un accessoire beaut\u00e9 multi-usage<\/h4>\n<p class=\"\" data-start=\"1338\" data-end=\"1641\">Sous la douche, l\u2019\u00e9ponge luffa exfolie naturellement la peau, \u00e9limine les cellules mortes, stimule la microcirculation et laisse la peau douce et lisse. Elle convient aussi bien au corps qu\u2019aux zones plus sensibles, selon la pression exerc\u00e9e. Elle peut aussi \u00eatre utilis\u00e9e \u00e0 sec pour un massage tonique.<\/p>\n<h4 class=\"\" data-start=\"1643\" data-end=\"1693\">Une alli\u00e9e pour l\u2019entretien de la maison<\/h4>\n<p class=\"\" data-start=\"1694\" data-end=\"1926\">Polyvalente, elle est \u00e9galement tr\u00e8s utile pour laver la vaisselle ou nettoyer les surfaces sans rayer. R\u00e9sistante \u00e0 l\u2019usage, elle reste efficace m\u00eame apr\u00e8s de nombreux lavages. Son s\u00e9chage rapide \u00e9vite la prolif\u00e9ration bact\u00e9rienne.<\/p>\n<hr class=\"\" data-start=\"1928\" data-end=\"1931\" \/>\n<h3 class=\"\" data-start=\"1933\" data-end=\"1961\">How to use<\/h3>\n<ol data-start=\"1963\" data-end=\"2336\">\n<li class=\"\" data-start=\"1963\" data-end=\"2045\">\n<p class=\"\" data-start=\"1966\" data-end=\"2045\">Humidifiez l\u2019\u00e9ponge avant usage : elle devient souple et agr\u00e9able au toucher.<\/p>\n<\/li>\n<li class=\"\" data-start=\"2046\" data-end=\"2094\">\n<p class=\"\" data-start=\"2049\" data-end=\"2094\">Appliquez votre savon ou gel douche dessus.<\/p>\n<\/li>\n<li class=\"\" data-start=\"2095\" data-end=\"2165\">\n<p class=\"\" data-start=\"2098\" data-end=\"2165\">Massez la peau en mouvements circulaires, sans appuyer trop fort.<\/p>\n<\/li>\n<li class=\"\" data-start=\"2166\" data-end=\"2236\">\n<p class=\"\" data-start=\"2169\" data-end=\"2236\">Rincez soigneusement apr\u00e8s usage et laissez s\u00e9cher \u00e0 l\u2019air libre.<\/p>\n<\/li>\n<li class=\"\" data-start=\"2237\" data-end=\"2336\">\n<p class=\"\" data-start=\"2240\" data-end=\"2336\">Pour l\u2019entretien m\u00e9nager, utilisez-la humide avec votre produit vaisselle ou nettoyant habituel.<\/p>\n<\/li>\n<\/ol>\n<p class=\"\" data-start=\"2338\" data-end=\"2481\">\u00a0Astuce : Pour prolonger sa dur\u00e9e de vie, plongez-la r\u00e9guli\u00e8rement dans de l\u2019eau bouillante quelques minutes pour un nettoyage en profondeur.<\/p>\n<hr class=\"\" data-start=\"2483\" data-end=\"2486\" \/>\n<h3 class=\"\" data-start=\"2488\" data-end=\"2509\">My commitments<\/h3>\n<p class=\"\" data-start=\"2510\" data-end=\"2589\"><img loading=\"lazy\" decoding=\"async\" class=\"alignnone wp-image-31313\" src=\"https:\/\/www.savonspotionsetcie.com\/wp-content\/uploads\/2024\/08\/logo-MADE-IN-FRANCE.png\" sizes=\"(max-width: 200px) 100vw, 200px\" srcset=\"https:\/\/www.savonspotionsetcie.com\/wp-content\/uploads\/2024\/08\/logo-MADE-IN-FRANCE.png 500w, https:\/\/www.savonspotionsetcie.com\/wp-content\/uploads\/2024\/08\/logo-MADE-IN-FRANCE-300x300.png 300w, https:\/\/www.savonspotionsetcie.com\/wp-content\/uploads\/2024\/08\/logo-MADE-IN-FRANCE-150x150.png 150w, https:\/\/www.savonspotionsetcie.com\/wp-content\/uploads\/2024\/08\/logo-MADE-IN-FRANCE-12x12.png 12w\" alt=\"a flag in a circle with hearts\" width=\"200\" height=\"200\" \/><img loading=\"lazy\" decoding=\"async\" class=\"alignnone wp-image-31316\" src=\"https:\/\/www.savonspotionsetcie.com\/wp-content\/uploads\/2024\/05\/logo-2-1-300x300.png\" sizes=\"(max-width: 200px) 100vw, 200px\" srcset=\"https:\/\/www.savonspotionsetcie.com\/wp-content\/uploads\/2024\/05\/logo-2-1-300x300.png 300w, https:\/\/www.savonspotionsetcie.com\/wp-content\/uploads\/2024\/05\/logo-2-1-150x150.png 150w, https:\/\/www.savonspotionsetcie.com\/wp-content\/uploads\/2024\/05\/logo-2-1-12x12.png 12w, https:\/\/www.savonspotionsetcie.com\/wp-content\/uploads\/2024\/05\/logo-2-1.png 500w\" alt=\"a green logo with leaves around it\" width=\"200\" height=\"200\" \/><img loading=\"lazy\" decoding=\"async\" class=\"alignnone wp-image-31315\" src=\"https:\/\/www.savonspotionsetcie.com\/wp-content\/uploads\/2024\/08\/logo-handmade.png\" sizes=\"(max-width: 200px) 100vw, 200px\" srcset=\"https:\/\/www.savonspotionsetcie.com\/wp-content\/uploads\/2024\/08\/logo-handmade.png 500w, https:\/\/www.savonspotionsetcie.com\/wp-content\/uploads\/2024\/08\/logo-handmade-300x300.png 300w, https:\/\/www.savonspotionsetcie.com\/wp-content\/uploads\/2024\/08\/logo-handmade-150x150.png 150w, https:\/\/www.savonspotionsetcie.com\/wp-content\/uploads\/2024\/08\/logo-handmade-12x12.png 12w\" alt=\"two hands in the air\" width=\"200\" height=\"200\" \/><img loading=\"lazy\" decoding=\"async\" class=\"alignnone wp-image-31317\" src=\"https:\/\/www.savonspotionsetcie.com\/wp-content\/uploads\/2024\/05\/logo-3-1-300x300.png\" sizes=\"(max-width: 200px) 100vw, 200px\" srcset=\"https:\/\/www.savonspotionsetcie.com\/wp-content\/uploads\/2024\/05\/logo-3-1-300x300.png 300w, https:\/\/www.savonspotionsetcie.com\/wp-content\/uploads\/2024\/05\/logo-3-1-150x150.png 150w, https:\/\/www.savonspotionsetcie.com\/wp-content\/uploads\/2024\/05\/logo-3-1-12x12.png 12w, https:\/\/www.savonspotionsetcie.com\/wp-content\/uploads\/2024\/05\/logo-3-1.png 500w\" alt=\"a green and white globe with leaves and a arrow\" width=\"200\" height=\"200\" \/><\/p>","protected":false},"excerpt":{"rendered":"<p>D\u00e9couvrez notre \u00c9ponge Luffa, un produit naturel et \u00e9cologique parfait pour vos soins de beaut\u00e9 et l&#8217;entretien de votre maison. Fabriqu\u00e9e \u00e0 partir de fibres 100% naturelles, cette \u00e9ponge v\u00e9g\u00e9tale est une alternative durable et biod\u00e9gradable aux \u00e9ponges synth\u00e9tiques.<\/p>\n<p>Fabriqu\u00e9e enti\u00e8rement \u00e0 partir de la plante luffa, cousine du concombre et de la courgette. Id\u00e9ale pour l&#8217;exfoliation de la peau ou m\u00eame comme accessoire de bain. L&#8217;\u00e9ponge Luffa respecte l&#8217;environnement car elle se d\u00e9compose naturellement sans laisser de r\u00e9sidus nocifs. N\u00e9anmoins elle conserve son efficacit\u00e9 apr\u00e8s de nombreux usages, offrant une exfoliation douce et efficace.<\/p>","protected":false},"featured_media":30391,"comment_status":"open","ping_status":"closed","template":"","meta":{"_et_pb_use_builder":"","_et_pb_old_content":"","_et_gb_content_width":""},"product_brand":[],"product_cat":[19],"product_tag":[],"class_list":{"0":"post-30717","1":"product","2":"type-product","3":"status-publish","4":"has-post-thumbnail","6":"product_cat-non-classe","7":"clearfix","9":"first","10":"instock","11":"taxable","12":"shipping-taxable","13":"purchasable","14":"product-type-simple"},"yoast_head":"<!-- This site is optimized with the Yoast SEO plugin v27.5 - https:\/\/yoast.com\/product\/yoast-seo-wordpress\/ -->\n<title>Eponge Luffa - Savons Potions &amp; Cie<\/title>\n<meta name=\"description\" content=\"Exfoliez votre peau naturellement avec notre \u00e9ponge luffa 100 % v\u00e9g\u00e9tale. Durable et z\u00e9ro d\u00e9chet, remplace les \u00e9ponges synth\u00e9tiques au quotidien.\" \/>\n<meta name=\"robots\" content=\"index, follow, max-snippet:-1, max-image-preview:large, max-video-preview:-1\" \/>\n<link rel=\"canonical\" href=\"https:\/\/www.savonspotionsetcie.com\/en\/product\/eponge-luffa\/\" \/>\n<meta property=\"og:locale\" content=\"en_US\" \/>\n<meta property=\"og:type\" content=\"article\" \/>\n<meta property=\"og:title\" content=\"Eponge Luffa - Savons Potions &amp; Cie\" \/>\n<meta property=\"og:description\" content=\"Exfoliez votre peau naturellement avec notre \u00e9ponge luffa 100 % v\u00e9g\u00e9tale. Durable et z\u00e9ro d\u00e9chet, remplace les \u00e9ponges synth\u00e9tiques au quotidien.\" \/>\n<meta property=\"og:url\" content=\"https:\/\/www.savonspotionsetcie.com\/en\/product\/eponge-luffa\/\" \/>\n<meta property=\"og:site_name\" content=\"Savons Potions &amp; Cie\" \/>\n<meta property=\"article:publisher\" content=\"https:\/\/www.facebook.com\/Maguypavan\" \/>\n<meta property=\"article:modified_time\" content=\"2026-01-10T15:41:00+00:00\" \/>\n<meta property=\"og:image\" content=\"https:\/\/www.savonspotionsetcie.com\/wp-content\/uploads\/2023\/07\/DSC02913.jpg\" \/>\n\t<meta property=\"og:image:width\" content=\"2456\" \/>\n\t<meta property=\"og:image:height\" content=\"1632\" \/>\n\t<meta property=\"og:image:type\" content=\"image\/jpeg\" \/>\n<meta name=\"twitter:card\" content=\"summary_large_image\" \/>\n<meta name=\"twitter:label1\" content=\"Est. reading time\" \/>\n\t<meta name=\"twitter:data1\" content=\"3 minutes\" \/>\n<script type=\"application\/ld+json\" class=\"yoast-schema-graph\">{\"@context\":\"https:\\\/\\\/schema.org\",\"@graph\":[{\"@type\":\"WebPage\",\"@id\":\"https:\\\/\\\/www.savonspotionsetcie.com\\\/produit\\\/eponge-luffa\\\/\",\"url\":\"https:\\\/\\\/www.savonspotionsetcie.com\\\/produit\\\/eponge-luffa\\\/\",\"name\":\"Eponge Luffa - Savons Potions &amp; Cie\",\"isPartOf\":{\"@id\":\"https:\\\/\\\/www.savonspotionsetcie.com\\\/en\\\/#website\"},\"primaryImageOfPage\":{\"@id\":\"https:\\\/\\\/www.savonspotionsetcie.com\\\/produit\\\/eponge-luffa\\\/#primaryimage\"},\"image\":{\"@id\":\"https:\\\/\\\/www.savonspotionsetcie.com\\\/produit\\\/eponge-luffa\\\/#primaryimage\"},\"thumbnailUrl\":\"https:\\\/\\\/www.savonspotionsetcie.com\\\/wp-content\\\/uploads\\\/2023\\\/07\\\/DSC02913.jpg\",\"datePublished\":\"2023-11-21T13:15:30+00:00\",\"dateModified\":\"2026-01-10T15:41:00+00:00\",\"description\":\"Exfoliez votre peau naturellement avec notre \u00e9ponge luffa 100 % v\u00e9g\u00e9tale. Durable et z\u00e9ro d\u00e9chet, remplace les \u00e9ponges synth\u00e9tiques au quotidien.\",\"breadcrumb\":{\"@id\":\"https:\\\/\\\/www.savonspotionsetcie.com\\\/produit\\\/eponge-luffa\\\/#breadcrumb\"},\"inLanguage\":\"en-US\",\"potentialAction\":[{\"@type\":\"ReadAction\",\"target\":[\"https:\\\/\\\/www.savonspotionsetcie.com\\\/produit\\\/eponge-luffa\\\/\"]}]},{\"@type\":\"ImageObject\",\"inLanguage\":\"en-US\",\"@id\":\"https:\\\/\\\/www.savonspotionsetcie.com\\\/produit\\\/eponge-luffa\\\/#primaryimage\",\"url\":\"https:\\\/\\\/www.savonspotionsetcie.com\\\/wp-content\\\/uploads\\\/2023\\\/07\\\/DSC02913.jpg\",\"contentUrl\":\"https:\\\/\\\/www.savonspotionsetcie.com\\\/wp-content\\\/uploads\\\/2023\\\/07\\\/DSC02913.jpg\",\"width\":2456,\"height\":1632},{\"@type\":\"BreadcrumbList\",\"@id\":\"https:\\\/\\\/www.savonspotionsetcie.com\\\/produit\\\/eponge-luffa\\\/#breadcrumb\",\"itemListElement\":[{\"@type\":\"ListItem\",\"position\":1,\"name\":\"Accueil\",\"item\":\"https:\\\/\\\/www.savonspotionsetcie.com\\\/\"},{\"@type\":\"ListItem\",\"position\":2,\"name\":\"Products\",\"item\":\"https:\\\/\\\/www.savonspotionsetcie.com\\\/en\\\/boutique__trashed\\\/\"},{\"@type\":\"ListItem\",\"position\":3,\"name\":\"Eponge Luffa\"}]},{\"@type\":\"WebSite\",\"@id\":\"https:\\\/\\\/www.savonspotionsetcie.com\\\/en\\\/#website\",\"url\":\"https:\\\/\\\/www.savonspotionsetcie.com\\\/en\\\/\",\"name\":\"Savons Potions & Cie\",\"description\":\"Cr\u00e9atrice de savons et cosm\u00e9tiques naturels vegan\",\"publisher\":{\"@id\":\"https:\\\/\\\/www.savonspotionsetcie.com\\\/en\\\/#organization\"},\"potentialAction\":[{\"@type\":\"SearchAction\",\"target\":{\"@type\":\"EntryPoint\",\"urlTemplate\":\"https:\\\/\\\/www.savonspotionsetcie.com\\\/en\\\/?s={search_term_string}\"},\"query-input\":{\"@type\":\"PropertyValueSpecification\",\"valueRequired\":true,\"valueName\":\"search_term_string\"}}],\"inLanguage\":\"en-US\"},{\"@type\":\"Organization\",\"@id\":\"https:\\\/\\\/www.savonspotionsetcie.com\\\/en\\\/#organization\",\"name\":\"Savons Potions & Cie\",\"url\":\"https:\\\/\\\/www.savonspotionsetcie.com\\\/en\\\/\",\"logo\":{\"@type\":\"ImageObject\",\"inLanguage\":\"en-US\",\"@id\":\"https:\\\/\\\/www.savonspotionsetcie.com\\\/en\\\/#\\\/schema\\\/logo\\\/image\\\/\",\"url\":\"https:\\\/\\\/www.savonspotionsetcie.com\\\/wp-content\\\/uploads\\\/2023\\\/11\\\/Logo-depot-1.jpg\",\"contentUrl\":\"https:\\\/\\\/www.savonspotionsetcie.com\\\/wp-content\\\/uploads\\\/2023\\\/11\\\/Logo-depot-1.jpg\",\"width\":1492,\"height\":1492,\"caption\":\"Savons Potions & Cie\"},\"image\":{\"@id\":\"https:\\\/\\\/www.savonspotionsetcie.com\\\/en\\\/#\\\/schema\\\/logo\\\/image\\\/\"},\"sameAs\":[\"https:\\\/\\\/www.facebook.com\\\/Maguypavan\",\"https:\\\/\\\/www.instagram.com\\\/savonspotionsetcie\\\/\",\"https:\\\/\\\/www.tiktok.com\\\/@savonspotionsetcie\"]}]}<\/script>\n<!-- \/ Yoast SEO plugin. -->","yoast_head_json":{"title":"Eponge Luffa - Savons Potions &amp; Cie","description":"Exfoliez votre peau naturellement avec notre \u00e9ponge luffa 100 % v\u00e9g\u00e9tale. Durable et z\u00e9ro d\u00e9chet, remplace les \u00e9ponges synth\u00e9tiques au quotidien.","robots":{"index":"index","follow":"follow","max-snippet":"max-snippet:-1","max-image-preview":"max-image-preview:large","max-video-preview":"max-video-preview:-1"},"canonical":"https:\/\/www.savonspotionsetcie.com\/en\/product\/eponge-luffa\/","og_locale":"en_US","og_type":"article","og_title":"Eponge Luffa - Savons Potions &amp; Cie","og_description":"Exfoliez votre peau naturellement avec notre \u00e9ponge luffa 100 % v\u00e9g\u00e9tale. Durable et z\u00e9ro d\u00e9chet, remplace les \u00e9ponges synth\u00e9tiques au quotidien.","og_url":"https:\/\/www.savonspotionsetcie.com\/en\/product\/eponge-luffa\/","og_site_name":"Savons Potions &amp; Cie","article_publisher":"https:\/\/www.facebook.com\/Maguypavan","article_modified_time":"2026-01-10T15:41:00+00:00","og_image":[{"width":2456,"height":1632,"url":"https:\/\/www.savonspotionsetcie.com\/wp-content\/uploads\/2023\/07\/DSC02913.jpg","type":"image\/jpeg"}],"twitter_card":"summary_large_image","twitter_misc":{"Est. reading time":"3 minutes"},"schema":{"@context":"https:\/\/schema.org","@graph":[{"@type":"WebPage","@id":"https:\/\/www.savonspotionsetcie.com\/produit\/eponge-luffa\/","url":"https:\/\/www.savonspotionsetcie.com\/produit\/eponge-luffa\/","name":"Eponge Luffa - Savons Potions &amp; Cie","isPartOf":{"@id":"https:\/\/www.savonspotionsetcie.com\/en\/#website"},"primaryImageOfPage":{"@id":"https:\/\/www.savonspotionsetcie.com\/produit\/eponge-luffa\/#primaryimage"},"image":{"@id":"https:\/\/www.savonspotionsetcie.com\/produit\/eponge-luffa\/#primaryimage"},"thumbnailUrl":"https:\/\/www.savonspotionsetcie.com\/wp-content\/uploads\/2023\/07\/DSC02913.jpg","datePublished":"2023-11-21T13:15:30+00:00","dateModified":"2026-01-10T15:41:00+00:00","description":"Exfoliez votre peau naturellement avec notre \u00e9ponge luffa 100 % v\u00e9g\u00e9tale. Durable et z\u00e9ro d\u00e9chet, remplace les \u00e9ponges synth\u00e9tiques au quotidien.","breadcrumb":{"@id":"https:\/\/www.savonspotionsetcie.com\/produit\/eponge-luffa\/#breadcrumb"},"inLanguage":"en-US","potentialAction":[{"@type":"ReadAction","target":["https:\/\/www.savonspotionsetcie.com\/produit\/eponge-luffa\/"]}]},{"@type":"ImageObject","inLanguage":"en-US","@id":"https:\/\/www.savonspotionsetcie.com\/produit\/eponge-luffa\/#primaryimage","url":"https:\/\/www.savonspotionsetcie.com\/wp-content\/uploads\/2023\/07\/DSC02913.jpg","contentUrl":"https:\/\/www.savonspotionsetcie.com\/wp-content\/uploads\/2023\/07\/DSC02913.jpg","width":2456,"height":1632},{"@type":"BreadcrumbList","@id":"https:\/\/www.savonspotionsetcie.com\/produit\/eponge-luffa\/#breadcrumb","itemListElement":[{"@type":"ListItem","position":1,"name":"Accueil","item":"https:\/\/www.savonspotionsetcie.com\/"},{"@type":"ListItem","position":2,"name":"Products","item":"https:\/\/www.savonspotionsetcie.com\/en\/boutique__trashed\/"},{"@type":"ListItem","position":3,"name":"Eponge Luffa"}]},{"@type":"WebSite","@id":"https:\/\/www.savonspotionsetcie.com\/en\/#website","url":"https:\/\/www.savonspotionsetcie.com\/en\/","name":"Savons Potions & Cie","description":"Cr\u00e9atrice de savons et cosm\u00e9tiques naturels vegan","publisher":{"@id":"https:\/\/www.savonspotionsetcie.com\/en\/#organization"},"potentialAction":[{"@type":"SearchAction","target":{"@type":"EntryPoint","urlTemplate":"https:\/\/www.savonspotionsetcie.com\/en\/?s={search_term_string}"},"query-input":{"@type":"PropertyValueSpecification","valueRequired":true,"valueName":"search_term_string"}}],"inLanguage":"en-US"},{"@type":"Organization","@id":"https:\/\/www.savonspotionsetcie.com\/en\/#organization","name":"Savons Potions & Cie","url":"https:\/\/www.savonspotionsetcie.com\/en\/","logo":{"@type":"ImageObject","inLanguage":"en-US","@id":"https:\/\/www.savonspotionsetcie.com\/en\/#\/schema\/logo\/image\/","url":"https:\/\/www.savonspotionsetcie.com\/wp-content\/uploads\/2023\/11\/Logo-depot-1.jpg","contentUrl":"https:\/\/www.savonspotionsetcie.com\/wp-content\/uploads\/2023\/11\/Logo-depot-1.jpg","width":1492,"height":1492,"caption":"Savons Potions & Cie"},"image":{"@id":"https:\/\/www.savonspotionsetcie.com\/en\/#\/schema\/logo\/image\/"},"sameAs":["https:\/\/www.facebook.com\/Maguypavan","https:\/\/www.instagram.com\/savonspotionsetcie\/","https:\/\/www.tiktok.com\/@savonspotionsetcie"]}]}},"_links":{"self":[{"href":"https:\/\/www.savonspotionsetcie.com\/en\/wp-json\/wp\/v2\/product\/30717","targetHints":{"allow":["GET"]}}],"collection":[{"href":"https:\/\/www.savonspotionsetcie.com\/en\/wp-json\/wp\/v2\/product"}],"about":[{"href":"https:\/\/www.savonspotionsetcie.com\/en\/wp-json\/wp\/v2\/types\/product"}],"replies":[{"embeddable":true,"href":"https:\/\/www.savonspotionsetcie.com\/en\/wp-json\/wp\/v2\/comments?post=30717"}],"wp:featuredmedia":[{"embeddable":true,"href":"https:\/\/www.savonspotionsetcie.com\/en\/wp-json\/wp\/v2\/media\/30391"}],"wp:attachment":[{"href":"https:\/\/www.savonspotionsetcie.com\/en\/wp-json\/wp\/v2\/media?parent=30717"}],"wp:term":[{"taxonomy":"product_brand","embeddable":true,"href":"https:\/\/www.savonspotionsetcie.com\/en\/wp-json\/wp\/v2\/product_brand?post=30717"},{"taxonomy":"product_cat","embeddable":true,"href":"https:\/\/www.savonspotionsetcie.com\/en\/wp-json\/wp\/v2\/product_cat?post=30717"},{"taxonomy":"product_tag","embeddable":true,"href":"https:\/\/www.savonspotionsetcie.com\/en\/wp-json\/wp\/v2\/product_tag?post=30717"}],"curies":[{"name":"wp","href":"https:\/\/api.w.org\/{rel}","templated":true}]}}