{"id":30716,"date":"2023-11-21T14:11:27","date_gmt":"2023-11-21T13:11:27","guid":{"rendered":"https:\/\/demo-site.savonspotionsetcie.com\/?post_type=product&#038;p=30716"},"modified":"2026-01-10T14:56:41","modified_gmt":"2026-01-10T13:56:41","slug":"apres-shampoing-le-leger","status":"publish","type":"product","link":"https:\/\/www.savonspotionsetcie.com\/en\/product\/apres-shampoing-le-leger\/","title":{"rendered":"Apr\u00e8s-shampoing &#8220;Le l\u00e9ger&#8221;"},"content":{"rendered":"<p data-start=\"514\" data-end=\"634\">L&#8217;Apr\u00e8s-shampoing &#8220;Le l\u00e9ger&#8221; :<\/p>\n<p class=\"\" data-start=\"514\" data-end=\"634\">\u2714\ufe0f Gently detangles<br data-start=\"534\" data-end=\"537\" \/>\u2714\ufe0f Adds shine and softness<br data-start=\"570\" data-end=\"573\" \/>\u2714\ufe0f Nourishes without a greasy feel<br data-start=\"599\" data-end=\"602\" \/>\u2714\ufe0f Vegan &amp; zero-waste formula<\/p>\n<hr class=\"\" data-start=\"636\" data-end=\"639\" \/>\n<h3 data-start=\"736\" data-end=\"778\">Pourquoi adopter l&#8217;Apr\u00e8s-shampoing &#8220;Le l\u00e9ger&#8221; ?<\/h3>\n<h4 data-start=\"155\" data-end=\"205\">A light texture, visible results<\/h4>\n<p class=\"\" data-start=\"206\" data-end=\"733\">Its smooth texture glides easily onto wet hair, making it quick and pleasant to apply. Formulated with BTMS (a mild, plant-based conditioner) and cetyl alcohol, this conditioner instantly smooths the hair fiber, tames flyaways, and makes detangling easier. Frizz is reduced, hair feels softer to the touch, and maintains its natural bounce and volume. An ideal treatment for those seeking effective yet lightweight haircare.<\/p>\n<hr class=\"\" data-start=\"735\" data-end=\"738\" \/>\n<h4 data-start=\"740\" data-end=\"793\">Rich but non-greasy butters<\/h4>\n<p class=\"\" data-start=\"794\" data-end=\"1334\">Cocoa butter, naturally rich in antioxidants, deeply nourishes the hair fiber and protects it from environmental damage (sun, pollution, wind). Paired with shea butter\u2014known for its restorative properties\u2014it gently coats the hair and strengthens fragile or damaged lengths. This combination helps hair regain softness, resilience, and visible health, without any heaviness or greasy residue. A true boost of comfort for dry, brittle, or lifeless hair.<\/p>\n<hr class=\"\" data-start=\"1336\" data-end=\"1339\" \/>\n<h4 data-start=\"1341\" data-end=\"1381\">A balancing plant oil<\/h4>\n<p class=\"\" data-start=\"1382\" data-end=\"1900\">Hemp oil, with its regenerating properties, is a great ally for maintaining hydrated, healthy hair. Rich in omega-3 and omega-6, it helps restore the hair's lipid barrier, enhances natural shine, and prevents split ends. It also benefits the scalp: soothing and non-comedogenic, it calms irritation and creates a healthy environment for hair growth. The result? Hair that's soft, supple, radiant\u2026 and light as air.<\/p>\n<hr class=\"\" data-start=\"1447\" data-end=\"1450\" \/>\n<h3>How to use<\/h3>\n<ol data-start=\"1484\" data-end=\"1736\">\n<li class=\"\" data-start=\"1484\" data-end=\"1612\">\n<p class=\"\" data-start=\"1487\" data-end=\"1612\">Glide the bar directly over wet hair after shampooing, focusing on the lengths and ends.<\/p>\n<\/li>\n<li class=\"\" data-start=\"1613\" data-end=\"1662\">\n<p class=\"\" data-start=\"1616\" data-end=\"1662\">Massage gently to distribute evenly.<\/p>\n<\/li>\n<li class=\"\" data-start=\"1663\" data-end=\"1696\">\n<p class=\"\" data-start=\"1666\" data-end=\"1696\">Leave on for 1 to 3 minutes.<\/p>\n<\/li>\n<li class=\"\" data-start=\"1697\" data-end=\"1736\">\n<p class=\"\" data-start=\"1700\" data-end=\"1736\">Rinse thoroughly with clear water.<\/p>\n<\/li>\n<\/ol>\n<p class=\"\" data-start=\"1738\" data-end=\"1813\">Result: Detangled, soft, and shiny hair\u2014with no heavy finish.<\/p>\n<hr class=\"\" data-start=\"1815\" data-end=\"1818\" \/>\n<h3 class=\"\" data-start=\"1820\" data-end=\"1844\">My commitments<\/h3>\n<p class=\"\" data-start=\"1845\" data-end=\"1958\"><img loading=\"lazy\" decoding=\"async\" class=\"alignnone wp-image-31313\" src=\"https:\/\/www.savonspotionsetcie.com\/wp-content\/uploads\/2024\/08\/logo-MADE-IN-FRANCE.png\" sizes=\"(max-width: 200px) 100vw, 200px\" srcset=\"https:\/\/www.savonspotionsetcie.com\/wp-content\/uploads\/2024\/08\/logo-MADE-IN-FRANCE.png 500w, https:\/\/www.savonspotionsetcie.com\/wp-content\/uploads\/2024\/08\/logo-MADE-IN-FRANCE-300x300.png 300w, https:\/\/www.savonspotionsetcie.com\/wp-content\/uploads\/2024\/08\/logo-MADE-IN-FRANCE-150x150.png 150w, https:\/\/www.savonspotionsetcie.com\/wp-content\/uploads\/2024\/08\/logo-MADE-IN-FRANCE-12x12.png 12w\" alt=\"a flag in a circle with hearts\" width=\"200\" height=\"200\" \/><img loading=\"lazy\" decoding=\"async\" class=\"alignnone wp-image-31316\" src=\"https:\/\/www.savonspotionsetcie.com\/wp-content\/uploads\/2024\/05\/logo-2-1-300x300.png\" sizes=\"(max-width: 200px) 100vw, 200px\" srcset=\"https:\/\/www.savonspotionsetcie.com\/wp-content\/uploads\/2024\/05\/logo-2-1-300x300.png 300w, https:\/\/www.savonspotionsetcie.com\/wp-content\/uploads\/2024\/05\/logo-2-1-150x150.png 150w, https:\/\/www.savonspotionsetcie.com\/wp-content\/uploads\/2024\/05\/logo-2-1-12x12.png 12w, https:\/\/www.savonspotionsetcie.com\/wp-content\/uploads\/2024\/05\/logo-2-1.png 500w\" alt=\"a green logo with leaves around it\" width=\"200\" height=\"200\" \/><img loading=\"lazy\" decoding=\"async\" class=\"alignnone wp-image-31315\" src=\"https:\/\/www.savonspotionsetcie.com\/wp-content\/uploads\/2024\/08\/logo-handmade.png\" sizes=\"(max-width: 200px) 100vw, 200px\" srcset=\"https:\/\/www.savonspotionsetcie.com\/wp-content\/uploads\/2024\/08\/logo-handmade.png 500w, https:\/\/www.savonspotionsetcie.com\/wp-content\/uploads\/2024\/08\/logo-handmade-300x300.png 300w, https:\/\/www.savonspotionsetcie.com\/wp-content\/uploads\/2024\/08\/logo-handmade-150x150.png 150w, https:\/\/www.savonspotionsetcie.com\/wp-content\/uploads\/2024\/08\/logo-handmade-12x12.png 12w\" alt=\"two hands in the air\" width=\"200\" height=\"200\" \/><img loading=\"lazy\" decoding=\"async\" class=\"alignnone wp-image-31317\" src=\"https:\/\/www.savonspotionsetcie.com\/wp-content\/uploads\/2024\/05\/logo-3-1-300x300.png\" sizes=\"(max-width: 200px) 100vw, 200px\" srcset=\"https:\/\/www.savonspotionsetcie.com\/wp-content\/uploads\/2024\/05\/logo-3-1-300x300.png 300w, https:\/\/www.savonspotionsetcie.com\/wp-content\/uploads\/2024\/05\/logo-3-1-150x150.png 150w, https:\/\/www.savonspotionsetcie.com\/wp-content\/uploads\/2024\/05\/logo-3-1-12x12.png 12w, https:\/\/www.savonspotionsetcie.com\/wp-content\/uploads\/2024\/05\/logo-3-1.png 500w\" alt=\"a green and white globe with leaves and a arrow\" width=\"200\" height=\"200\" \/><\/p>\n<hr class=\"\" data-start=\"1960\" data-end=\"1963\" \/>\n<h3 class=\"\" data-start=\"1965\" data-end=\"1982\">Composition Apr\u00e8s-shampoing &#8220;Le l\u00e9ger&#8221;<\/h3>\n<p class=\"\" data-start=\"1983\" data-end=\"2176\"><strong data-start=\"1983\" data-end=\"2000\">Ingredients:<\/strong> BTMS (plant-based conditioner), cetyl alcohol, cocoa butter*, shea butter*, hemp oil*, vitamin E (tocopherol).<br data-start=\"2129\" data-end=\"2132\" \/>* Products from organic farming<\/p>\n<p class=\"\" data-start=\"2178\" data-end=\"2317\"><strong data-start=\"2178\" data-end=\"2188\">INCI :<\/strong> Cetearyl alcohol, Cetyl alcohol, Theobroma cacao butter*, Butyrospermum parkii butter*, Sodium hempseedate*, Tocopheryl acetate.<\/p>","protected":false},"excerpt":{"rendered":"<p>Apporter nutrition et souplesse tout en l\u00e9g\u00e8ret\u00e9 n&#8217;aura jamais \u00e9t\u00e9 aussi naturel ! Cet apr\u00e8s-shampoing donne douceur et brillance aux cheveux, sans les alourdir.<\/p>\n<p>Faire le choix d&#8217;un soin capillaire efficace et respectueux de l&#8217;environnement. En adoptant ce produit, vous contribuez \u00e0 la r\u00e9duction des d\u00e9chets plastiques tout en offrant \u00e0 vos cheveux un v\u00e9ritable soin.<\/p>\n<p><strong>Conseils d&#8217;utilisation :\u00a0<\/strong><\/p>\n<ol>\n<li>Glide it directly onto your wet hair after washing, focusing on the lengths and ends.<\/li>\n<li>Gently massage to distribute the product evenly and leave it on for a few minutes.<\/li>\n<li>Rincez abondamment \u00e0 l&#8217;eau claire.<\/li>\n<li>Enjoy soft and easy-to-style hair.<\/li>\n<\/ol>","protected":false},"featured_media":31299,"comment_status":"open","ping_status":"closed","template":"","meta":{"_et_pb_use_builder":"","_et_pb_old_content":"","_et_gb_content_width":""},"product_brand":[],"product_cat":[19],"product_tag":[],"class_list":{"0":"post-30716","1":"product","2":"type-product","3":"status-publish","4":"has-post-thumbnail","6":"product_cat-non-classe","7":"clearfix","9":"first","10":"instock","11":"taxable","12":"shipping-taxable","13":"purchasable","14":"product-type-simple"},"yoast_head":"<!-- This site is optimized with the Yoast SEO plugin v27.3 - https:\/\/yoast.com\/product\/yoast-seo-wordpress\/ -->\n<title>Apr\u00e8s-shampoing &quot;Le l\u00e9ger&quot; - Savons Potions &amp; Cie<\/title>\n<meta name=\"description\" content=\"Apr\u00e8s-shampoing &quot;Le l\u00e9ger&quot;. D\u00e9m\u00eale, adoucit et apporte de la brillance sans alourdir. Beurres bio, huile de chanvre et conditionneur v\u00e9g\u00e9tal.\" \/>\n<meta name=\"robots\" content=\"index, follow, max-snippet:-1, max-image-preview:large, max-video-preview:-1\" \/>\n<link rel=\"canonical\" href=\"https:\/\/www.savonspotionsetcie.com\/en\/product\/apres-shampoing-le-leger\/\" \/>\n<meta property=\"og:locale\" content=\"en_US\" \/>\n<meta property=\"og:type\" content=\"article\" \/>\n<meta property=\"og:title\" content=\"Apr\u00e8s-shampoing &quot;Le l\u00e9ger&quot; - Savons Potions &amp; Cie\" \/>\n<meta property=\"og:description\" content=\"Apr\u00e8s-shampoing &quot;Le l\u00e9ger&quot;. D\u00e9m\u00eale, adoucit et apporte de la brillance sans alourdir. Beurres bio, huile de chanvre et conditionneur v\u00e9g\u00e9tal.\" \/>\n<meta property=\"og:url\" content=\"https:\/\/www.savonspotionsetcie.com\/en\/product\/apres-shampoing-le-leger\/\" \/>\n<meta property=\"og:site_name\" content=\"Savons Potions &amp; Cie\" \/>\n<meta property=\"article:publisher\" content=\"https:\/\/www.facebook.com\/Maguypavan\" \/>\n<meta property=\"article:modified_time\" content=\"2026-01-10T13:56:41+00:00\" \/>\n<meta property=\"og:image\" content=\"https:\/\/www.savonspotionsetcie.com\/wp-content\/uploads\/2023\/11\/DSC03104-scaled.jpg\" \/>\n\t<meta property=\"og:image:width\" content=\"2560\" \/>\n\t<meta property=\"og:image:height\" content=\"1701\" \/>\n\t<meta property=\"og:image:type\" content=\"image\/jpeg\" \/>\n<meta name=\"twitter:card\" content=\"summary_large_image\" \/>\n<meta name=\"twitter:label1\" content=\"Est. reading time\" \/>\n\t<meta name=\"twitter:data1\" content=\"3 minutes\" \/>\n<script type=\"application\/ld+json\" class=\"yoast-schema-graph\">{\"@context\":\"https:\\\/\\\/schema.org\",\"@graph\":[{\"@type\":\"WebPage\",\"@id\":\"https:\\\/\\\/www.savonspotionsetcie.com\\\/produit\\\/apres-shampoing-le-leger\\\/\",\"url\":\"https:\\\/\\\/www.savonspotionsetcie.com\\\/produit\\\/apres-shampoing-le-leger\\\/\",\"name\":\"Apr\u00e8s-shampoing \\\"Le l\u00e9ger\\\" - Savons Potions &amp; Cie\",\"isPartOf\":{\"@id\":\"https:\\\/\\\/www.savonspotionsetcie.com\\\/en\\\/#website\"},\"primaryImageOfPage\":{\"@id\":\"https:\\\/\\\/www.savonspotionsetcie.com\\\/produit\\\/apres-shampoing-le-leger\\\/#primaryimage\"},\"image\":{\"@id\":\"https:\\\/\\\/www.savonspotionsetcie.com\\\/produit\\\/apres-shampoing-le-leger\\\/#primaryimage\"},\"thumbnailUrl\":\"https:\\\/\\\/www.savonspotionsetcie.com\\\/wp-content\\\/uploads\\\/2023\\\/11\\\/DSC03104-scaled.jpg\",\"datePublished\":\"2023-11-21T13:11:27+00:00\",\"dateModified\":\"2026-01-10T13:56:41+00:00\",\"description\":\"Apr\u00e8s-shampoing \\\"Le l\u00e9ger\\\". D\u00e9m\u00eale, adoucit et apporte de la brillance sans alourdir. Beurres bio, huile de chanvre et conditionneur v\u00e9g\u00e9tal.\",\"breadcrumb\":{\"@id\":\"https:\\\/\\\/www.savonspotionsetcie.com\\\/produit\\\/apres-shampoing-le-leger\\\/#breadcrumb\"},\"inLanguage\":\"en-US\",\"potentialAction\":[{\"@type\":\"ReadAction\",\"target\":[\"https:\\\/\\\/www.savonspotionsetcie.com\\\/produit\\\/apres-shampoing-le-leger\\\/\"]}]},{\"@type\":\"ImageObject\",\"inLanguage\":\"en-US\",\"@id\":\"https:\\\/\\\/www.savonspotionsetcie.com\\\/produit\\\/apres-shampoing-le-leger\\\/#primaryimage\",\"url\":\"https:\\\/\\\/www.savonspotionsetcie.com\\\/wp-content\\\/uploads\\\/2023\\\/11\\\/DSC03104-scaled.jpg\",\"contentUrl\":\"https:\\\/\\\/www.savonspotionsetcie.com\\\/wp-content\\\/uploads\\\/2023\\\/11\\\/DSC03104-scaled.jpg\",\"width\":2560,\"height\":1701,\"caption\":\"apr\u00e8s-shampoing le l\u00e9ger\"},{\"@type\":\"BreadcrumbList\",\"@id\":\"https:\\\/\\\/www.savonspotionsetcie.com\\\/produit\\\/apres-shampoing-le-leger\\\/#breadcrumb\",\"itemListElement\":[{\"@type\":\"ListItem\",\"position\":1,\"name\":\"Accueil\",\"item\":\"https:\\\/\\\/www.savonspotionsetcie.com\\\/\"},{\"@type\":\"ListItem\",\"position\":2,\"name\":\"Products\",\"item\":\"https:\\\/\\\/www.savonspotionsetcie.com\\\/en\\\/boutique__trashed\\\/\"},{\"@type\":\"ListItem\",\"position\":3,\"name\":\"Apr\u00e8s-shampoing &#8220;Le l\u00e9ger&#8221;\"}]},{\"@type\":\"WebSite\",\"@id\":\"https:\\\/\\\/www.savonspotionsetcie.com\\\/en\\\/#website\",\"url\":\"https:\\\/\\\/www.savonspotionsetcie.com\\\/en\\\/\",\"name\":\"Savons Potions & Cie\",\"description\":\"Cr\u00e9atrice de savons et cosm\u00e9tiques naturels vegan\",\"publisher\":{\"@id\":\"https:\\\/\\\/www.savonspotionsetcie.com\\\/en\\\/#organization\"},\"potentialAction\":[{\"@type\":\"SearchAction\",\"target\":{\"@type\":\"EntryPoint\",\"urlTemplate\":\"https:\\\/\\\/www.savonspotionsetcie.com\\\/en\\\/?s={search_term_string}\"},\"query-input\":{\"@type\":\"PropertyValueSpecification\",\"valueRequired\":true,\"valueName\":\"search_term_string\"}}],\"inLanguage\":\"en-US\"},{\"@type\":\"Organization\",\"@id\":\"https:\\\/\\\/www.savonspotionsetcie.com\\\/en\\\/#organization\",\"name\":\"Savons Potions & Cie\",\"url\":\"https:\\\/\\\/www.savonspotionsetcie.com\\\/en\\\/\",\"logo\":{\"@type\":\"ImageObject\",\"inLanguage\":\"en-US\",\"@id\":\"https:\\\/\\\/www.savonspotionsetcie.com\\\/en\\\/#\\\/schema\\\/logo\\\/image\\\/\",\"url\":\"https:\\\/\\\/www.savonspotionsetcie.com\\\/wp-content\\\/uploads\\\/2023\\\/11\\\/Logo-depot-1.jpg\",\"contentUrl\":\"https:\\\/\\\/www.savonspotionsetcie.com\\\/wp-content\\\/uploads\\\/2023\\\/11\\\/Logo-depot-1.jpg\",\"width\":1492,\"height\":1492,\"caption\":\"Savons Potions & Cie\"},\"image\":{\"@id\":\"https:\\\/\\\/www.savonspotionsetcie.com\\\/en\\\/#\\\/schema\\\/logo\\\/image\\\/\"},\"sameAs\":[\"https:\\\/\\\/www.facebook.com\\\/Maguypavan\",\"https:\\\/\\\/www.instagram.com\\\/savonspotionsetcie\\\/\",\"https:\\\/\\\/www.tiktok.com\\\/@savonspotionsetcie\"]}]}<\/script>\n<!-- \/ Yoast SEO plugin. -->","yoast_head_json":{"title":"Apr\u00e8s-shampoing \"Le l\u00e9ger\" - Savons Potions &amp; Cie","description":"Apr\u00e8s-shampoing \"Le l\u00e9ger\". D\u00e9m\u00eale, adoucit et apporte de la brillance sans alourdir. Beurres bio, huile de chanvre et conditionneur v\u00e9g\u00e9tal.","robots":{"index":"index","follow":"follow","max-snippet":"max-snippet:-1","max-image-preview":"max-image-preview:large","max-video-preview":"max-video-preview:-1"},"canonical":"https:\/\/www.savonspotionsetcie.com\/en\/product\/apres-shampoing-le-leger\/","og_locale":"en_US","og_type":"article","og_title":"Apr\u00e8s-shampoing \"Le l\u00e9ger\" - Savons Potions &amp; Cie","og_description":"Apr\u00e8s-shampoing \"Le l\u00e9ger\". D\u00e9m\u00eale, adoucit et apporte de la brillance sans alourdir. Beurres bio, huile de chanvre et conditionneur v\u00e9g\u00e9tal.","og_url":"https:\/\/www.savonspotionsetcie.com\/en\/product\/apres-shampoing-le-leger\/","og_site_name":"Savons Potions &amp; Cie","article_publisher":"https:\/\/www.facebook.com\/Maguypavan","article_modified_time":"2026-01-10T13:56:41+00:00","og_image":[{"width":2560,"height":1701,"url":"https:\/\/www.savonspotionsetcie.com\/wp-content\/uploads\/2023\/11\/DSC03104-scaled.jpg","type":"image\/jpeg"}],"twitter_card":"summary_large_image","twitter_misc":{"Est. reading time":"3 minutes"},"schema":{"@context":"https:\/\/schema.org","@graph":[{"@type":"WebPage","@id":"https:\/\/www.savonspotionsetcie.com\/produit\/apres-shampoing-le-leger\/","url":"https:\/\/www.savonspotionsetcie.com\/produit\/apres-shampoing-le-leger\/","name":"Apr\u00e8s-shampoing \"Le l\u00e9ger\" - Savons Potions &amp; Cie","isPartOf":{"@id":"https:\/\/www.savonspotionsetcie.com\/en\/#website"},"primaryImageOfPage":{"@id":"https:\/\/www.savonspotionsetcie.com\/produit\/apres-shampoing-le-leger\/#primaryimage"},"image":{"@id":"https:\/\/www.savonspotionsetcie.com\/produit\/apres-shampoing-le-leger\/#primaryimage"},"thumbnailUrl":"https:\/\/www.savonspotionsetcie.com\/wp-content\/uploads\/2023\/11\/DSC03104-scaled.jpg","datePublished":"2023-11-21T13:11:27+00:00","dateModified":"2026-01-10T13:56:41+00:00","description":"Apr\u00e8s-shampoing \"Le l\u00e9ger\". D\u00e9m\u00eale, adoucit et apporte de la brillance sans alourdir. Beurres bio, huile de chanvre et conditionneur v\u00e9g\u00e9tal.","breadcrumb":{"@id":"https:\/\/www.savonspotionsetcie.com\/produit\/apres-shampoing-le-leger\/#breadcrumb"},"inLanguage":"en-US","potentialAction":[{"@type":"ReadAction","target":["https:\/\/www.savonspotionsetcie.com\/produit\/apres-shampoing-le-leger\/"]}]},{"@type":"ImageObject","inLanguage":"en-US","@id":"https:\/\/www.savonspotionsetcie.com\/produit\/apres-shampoing-le-leger\/#primaryimage","url":"https:\/\/www.savonspotionsetcie.com\/wp-content\/uploads\/2023\/11\/DSC03104-scaled.jpg","contentUrl":"https:\/\/www.savonspotionsetcie.com\/wp-content\/uploads\/2023\/11\/DSC03104-scaled.jpg","width":2560,"height":1701,"caption":"apr\u00e8s-shampoing le l\u00e9ger"},{"@type":"BreadcrumbList","@id":"https:\/\/www.savonspotionsetcie.com\/produit\/apres-shampoing-le-leger\/#breadcrumb","itemListElement":[{"@type":"ListItem","position":1,"name":"Accueil","item":"https:\/\/www.savonspotionsetcie.com\/"},{"@type":"ListItem","position":2,"name":"Products","item":"https:\/\/www.savonspotionsetcie.com\/en\/boutique__trashed\/"},{"@type":"ListItem","position":3,"name":"Apr\u00e8s-shampoing &#8220;Le l\u00e9ger&#8221;"}]},{"@type":"WebSite","@id":"https:\/\/www.savonspotionsetcie.com\/en\/#website","url":"https:\/\/www.savonspotionsetcie.com\/en\/","name":"Savons Potions & Cie","description":"Cr\u00e9atrice de savons et cosm\u00e9tiques naturels vegan","publisher":{"@id":"https:\/\/www.savonspotionsetcie.com\/en\/#organization"},"potentialAction":[{"@type":"SearchAction","target":{"@type":"EntryPoint","urlTemplate":"https:\/\/www.savonspotionsetcie.com\/en\/?s={search_term_string}"},"query-input":{"@type":"PropertyValueSpecification","valueRequired":true,"valueName":"search_term_string"}}],"inLanguage":"en-US"},{"@type":"Organization","@id":"https:\/\/www.savonspotionsetcie.com\/en\/#organization","name":"Savons Potions & Cie","url":"https:\/\/www.savonspotionsetcie.com\/en\/","logo":{"@type":"ImageObject","inLanguage":"en-US","@id":"https:\/\/www.savonspotionsetcie.com\/en\/#\/schema\/logo\/image\/","url":"https:\/\/www.savonspotionsetcie.com\/wp-content\/uploads\/2023\/11\/Logo-depot-1.jpg","contentUrl":"https:\/\/www.savonspotionsetcie.com\/wp-content\/uploads\/2023\/11\/Logo-depot-1.jpg","width":1492,"height":1492,"caption":"Savons Potions & Cie"},"image":{"@id":"https:\/\/www.savonspotionsetcie.com\/en\/#\/schema\/logo\/image\/"},"sameAs":["https:\/\/www.facebook.com\/Maguypavan","https:\/\/www.instagram.com\/savonspotionsetcie\/","https:\/\/www.tiktok.com\/@savonspotionsetcie"]}]}},"_links":{"self":[{"href":"https:\/\/www.savonspotionsetcie.com\/en\/wp-json\/wp\/v2\/product\/30716","targetHints":{"allow":["GET"]}}],"collection":[{"href":"https:\/\/www.savonspotionsetcie.com\/en\/wp-json\/wp\/v2\/product"}],"about":[{"href":"https:\/\/www.savonspotionsetcie.com\/en\/wp-json\/wp\/v2\/types\/product"}],"replies":[{"embeddable":true,"href":"https:\/\/www.savonspotionsetcie.com\/en\/wp-json\/wp\/v2\/comments?post=30716"}],"wp:featuredmedia":[{"embeddable":true,"href":"https:\/\/www.savonspotionsetcie.com\/en\/wp-json\/wp\/v2\/media\/31299"}],"wp:attachment":[{"href":"https:\/\/www.savonspotionsetcie.com\/en\/wp-json\/wp\/v2\/media?parent=30716"}],"wp:term":[{"taxonomy":"product_brand","embeddable":true,"href":"https:\/\/www.savonspotionsetcie.com\/en\/wp-json\/wp\/v2\/product_brand?post=30716"},{"taxonomy":"product_cat","embeddable":true,"href":"https:\/\/www.savonspotionsetcie.com\/en\/wp-json\/wp\/v2\/product_cat?post=30716"},{"taxonomy":"product_tag","embeddable":true,"href":"https:\/\/www.savonspotionsetcie.com\/en\/wp-json\/wp\/v2\/product_tag?post=30716"}],"curies":[{"name":"wp","href":"https:\/\/api.w.org\/{rel}","templated":true}]}}