{"id":30218,"date":"2023-06-29T16:35:12","date_gmt":"2023-06-29T14:35:12","guid":{"rendered":"https:\/\/demo-site.savonspotionsetcie.com\/?post_type=product&#038;p=30218"},"modified":"2026-02-04T14:33:57","modified_gmt":"2026-02-04T13:33:57","slug":"savon-avoine","status":"publish","type":"product","link":"https:\/\/www.savonspotionsetcie.com\/en\/product\/savon-avoine\/","title":{"rendered":"Oat Soap"},"content":{"rendered":"<p class=\"\" data-start=\"648\" data-end=\"923\">Gr\u00e2ce \u00e0 la saponification \u00e0 froid, ce savon avoine conserve la glyc\u00e9rine v\u00e9g\u00e9tale issue du processus naturel, pour une hydratation en profondeur. Sans huile essentielle ni allerg\u00e8ne connu, il est particuli\u00e8rement recommand\u00e9 aux peaux atopiques, intol\u00e9rantes, ou sujettes \u00e0 l\u2019ecz\u00e9ma.<\/p>\n<p class=\"\" data-start=\"925\" data-end=\"1079\">\u2714\ufe0f Nettoie en douceur sans dess\u00e9cher<br data-start=\"961\" data-end=\"964\" \/>\u2714\ufe0f Apaise les irritations et prot\u00e8ge la barri\u00e8re cutan\u00e9e<br data-start=\"1020\" data-end=\"1023\" \/>\u2714\ufe0f Sans parfum ni huile essentielle \u2014 tol\u00e9rance maximale<\/p>\n<hr class=\"\" data-start=\"1081\" data-end=\"1084\" \/>\n<h3 class=\"\" data-start=\"1086\" data-end=\"1131\">Pourquoi adopter le Savon Avoine ?<\/h3>\n<h3 data-start=\"1133\" data-end=\"1320\">Un savon naturel, doux et nourrissant :<\/h3>\n<p class=\"\" data-start=\"1133\" data-end=\"1320\"><br data-start=\"1177\" data-end=\"1180\" \/>Formul\u00e9 \u00e0 partir d\u2019huiles v\u00e9g\u00e9tales bio s\u00e9lectionn\u00e9es pour leur richesse et leur douceur, ce savon nourrit, r\u00e9pare et prot\u00e8ge sans agresser.<\/p>\n<hr \/>\n<h3 data-start=\"1322\" data-end=\"1546\">Fabriqu\u00e9 \u00e0 la main avec soin :<\/h3>\n<p class=\"\" data-start=\"1322\" data-end=\"1546\"><br data-start=\"1357\" data-end=\"1360\" \/>Chaque savon est con\u00e7u \u00e0 la main dans mon atelier au pied des Pyr\u00e9n\u00e9es, selon des m\u00e9thodes artisanales. Moul\u00e9, d\u00e9coup\u00e9 et emball\u00e9 un \u00e0 un, il incarne une d\u00e9marche locale et respectueuse.<\/p>\n<hr \/>\n<h3 data-start=\"1548\" data-end=\"1737\">Une formulation \u00e9thique et minimaliste :<\/h3>\n<p class=\"\" data-start=\"1548\" data-end=\"1737\"><br data-start=\"1593\" data-end=\"1596\" \/>100 % biod\u00e9gradable, vegan, sans huile essentielle, sans allerg\u00e8ne, sans parfum ni conservateur. Son emballage est recyclable et compostable.<\/p>\n<hr \/>\n<h3 data-start=\"1739\" data-end=\"1963\">La saponification \u00e0 froid : une richesse pr\u00e9serv\u00e9e :<\/h3>\n<p class=\"\" data-start=\"1739\" data-end=\"1963\"><br data-start=\"1793\" data-end=\"1796\" \/>Ce proc\u00e9d\u00e9 permet de conserver intactes les propri\u00e9t\u00e9s des huiles v\u00e9g\u00e9tales et de l\u2019avoine, tout en produisant naturellement la glyc\u00e9rine, un puissant agent hydratant.<\/p>\n<hr class=\"\" data-start=\"1965\" data-end=\"1968\" \/>\n<h3 data-start=\"1970\" data-end=\"2011\">Mes engagements :<\/h3>\n<p><img loading=\"lazy\" decoding=\"async\" class=\"alignnone wp-image-31313\" src=\"https:\/\/www.savonspotionsetcie.com\/wp-content\/uploads\/2024\/08\/logo-MADE-IN-FRANCE.png\" sizes=\"(max-width: 199px) 100vw, 199px\" srcset=\"https:\/\/www.savonspotionsetcie.com\/wp-content\/uploads\/2024\/08\/logo-MADE-IN-FRANCE.png 500w, https:\/\/www.savonspotionsetcie.com\/wp-content\/uploads\/2024\/08\/logo-MADE-IN-FRANCE-300x300.png 300w, https:\/\/www.savonspotionsetcie.com\/wp-content\/uploads\/2024\/08\/logo-MADE-IN-FRANCE-150x150.png 150w, https:\/\/www.savonspotionsetcie.com\/wp-content\/uploads\/2024\/08\/logo-MADE-IN-FRANCE-12x12.png 12w\" alt=\"a flag in a circle with hearts\" width=\"199\" height=\"199\" \/><img loading=\"lazy\" decoding=\"async\" class=\"alignnone wp-image-31316\" src=\"https:\/\/www.savonspotionsetcie.com\/wp-content\/uploads\/2024\/05\/logo-2-1-300x300.png\" sizes=\"(max-width: 201px) 100vw, 201px\" srcset=\"https:\/\/www.savonspotionsetcie.com\/wp-content\/uploads\/2024\/05\/logo-2-1-300x300.png 300w, https:\/\/www.savonspotionsetcie.com\/wp-content\/uploads\/2024\/05\/logo-2-1-150x150.png 150w, https:\/\/www.savonspotionsetcie.com\/wp-content\/uploads\/2024\/05\/logo-2-1-12x12.png 12w, https:\/\/www.savonspotionsetcie.com\/wp-content\/uploads\/2024\/05\/logo-2-1.png 500w\" alt=\"a green logo with leaves around it\" width=\"201\" height=\"201\" \/><img loading=\"lazy\" decoding=\"async\" class=\"alignnone wp-image-31315\" src=\"https:\/\/www.savonspotionsetcie.com\/wp-content\/uploads\/2024\/08\/logo-handmade.png\" sizes=\"(max-width: 200px) 100vw, 200px\" srcset=\"https:\/\/www.savonspotionsetcie.com\/wp-content\/uploads\/2024\/08\/logo-handmade.png 500w, https:\/\/www.savonspotionsetcie.com\/wp-content\/uploads\/2024\/08\/logo-handmade-300x300.png 300w, https:\/\/www.savonspotionsetcie.com\/wp-content\/uploads\/2024\/08\/logo-handmade-150x150.png 150w, https:\/\/www.savonspotionsetcie.com\/wp-content\/uploads\/2024\/08\/logo-handmade-12x12.png 12w\" alt=\"two hands in the air\" width=\"200\" height=\"200\" \/><img loading=\"lazy\" decoding=\"async\" class=\"alignnone wp-image-31317\" src=\"https:\/\/www.savonspotionsetcie.com\/wp-content\/uploads\/2024\/05\/logo-3-1-300x300.png\" sizes=\"(max-width: 200px) 100vw, 200px\" srcset=\"https:\/\/www.savonspotionsetcie.com\/wp-content\/uploads\/2024\/05\/logo-3-1-300x300.png 300w, https:\/\/www.savonspotionsetcie.com\/wp-content\/uploads\/2024\/05\/logo-3-1-150x150.png 150w, https:\/\/www.savonspotionsetcie.com\/wp-content\/uploads\/2024\/05\/logo-3-1-12x12.png 12w, https:\/\/www.savonspotionsetcie.com\/wp-content\/uploads\/2024\/05\/logo-3-1.png 500w\" alt=\"a green and white globe with leaves and a arrow\" width=\"200\" height=\"200\" \/><\/p>\n<hr \/>\n<h3 class=\"\" data-start=\"1970\" data-end=\"2011\">Composition du savon avoine<\/h3>\n<p class=\"\" data-start=\"2013\" data-end=\"2228\"><strong data-start=\"2013\" data-end=\"2030\">Superfat : 6%<\/strong><br data-start=\"2030\" data-end=\"2033\" \/><strong data-start=\"2033\" data-end=\"2050\">Ingredients:<\/strong> huiles saponifi\u00e9es (huile d\u2019olive*, huile de coco*, beurre de karit\u00e9*, huile de colza*, huile d\u2019hibiscus*), eau, poudre d\u2019avoine*.<br data-start=\"2181\" data-end=\"2184\" \/>* Products from organic farming<\/p>\n<p class=\"\" data-start=\"2230\" data-end=\"2439\"><strong data-start=\"2230\" data-end=\"2240\">INCI :<\/strong><br data-start=\"2240\" data-end=\"2243\" \/>Sodium olivate, Sodium cocoate, Sodium shea butterate, Sodium rapeseedate, Sodium hibiscus seedate, Glycerin**, Aqua, Avena sativa kernel meal.<br data-start=\"2386\" data-end=\"2389\" \/><strong data-start=\"2389\" data-end=\"2439\">Cr\u00e9\u00e9e naturellement lors de la saponification.<\/strong><\/p>\n<hr class=\"\" data-start=\"2441\" data-end=\"2444\" \/>\n<h3 class=\"\" data-start=\"2446\" data-end=\"2475\">Conseils d\u2019utilisation du savon avoine<\/h3>\n<p class=\"\" data-start=\"2477\" data-end=\"2829\">1\ufe0f\u20e3 Wet your body with lukewarm water.<br data-start=\"2516\" data-end=\"2519\" \/>2\ufe0f\u20e3 Faites mousser le savon sur votre corps ou avec une \u00e9ponge douce.<br data-start=\"2587\" data-end=\"2590\" \/>3\ufe0f\u20e3 Appliquez la mousse\u00a0 en massant d\u00e9licatement.<br data-start=\"2651\" data-end=\"2654\" \/>4\ufe0f\u20e3 Rinse thoroughly with clean water.<br data-start=\"2691\" data-end=\"2694\" \/>5\ufe0f\u20e3 S\u00e9chez votre corps en tamponnant avec une serviette propre.<br data-start=\"2757\" data-end=\"2760\" \/>6\ufe0f\u20e3 Let the soap air dry on a draining soap dish.<\/p>\n<hr class=\"\" data-start=\"2831\" data-end=\"2834\" \/>\n<p class=\"\" data-start=\"2836\" data-end=\"3037\">","protected":false},"excerpt":{"rendered":"<p>Ce savon, doux et hydratant, est enrichi \u00e0 l&#8217;Avoine biologique. Les b\u00e9n\u00e9fices, en usage interne, tr\u00e8s riche en prot\u00e9ines, vitamines, min\u00e9raux et oligo-\u00e9l\u00e9ments, ne sont plus \u00e0 d\u00e9montrer. Moins connu en usage externe, l&#8217;avoine absorbe les impuret\u00e9s de la peau, elle l\u2019hydrate, la nettoie et la nourrit.<\/p>","protected":false},"featured_media":30348,"comment_status":"open","ping_status":"closed","template":"","meta":{"_et_pb_use_builder":"","_et_pb_old_content":"","_et_gb_content_width":""},"product_brand":[],"product_cat":[33,31,22],"product_tag":[],"class_list":{"0":"post-30218","1":"product","2":"type-product","3":"status-publish","4":"has-post-thumbnail","6":"product_cat-hydratant","7":"product_cat-sans-huile-essentielle","8":"product_cat-savons","9":"clearfix","11":"first","12":"instock","13":"taxable","14":"shipping-taxable","15":"purchasable","16":"product-type-simple"},"yoast_head":"<!-- This site is optimized with the Yoast SEO plugin v27.5 - https:\/\/yoast.com\/product\/yoast-seo-wordpress\/ -->\n<title>Savon Avoine - Savons Potions &amp; Cie<\/title>\n<meta name=\"description\" content=\"Savon avoine, sans parfum ni allerg\u00e8ne. Nettoie, apaise et prot\u00e8ge les peaux tr\u00e8s sensibles ou sujettes \u00e0 l\u2019ecz\u00e9ma. Fabriqu\u00e9 \u00e0 la main en France.\" \/>\n<meta name=\"robots\" content=\"index, follow, max-snippet:-1, max-image-preview:large, max-video-preview:-1\" \/>\n<link rel=\"canonical\" href=\"https:\/\/www.savonspotionsetcie.com\/en\/product\/savon-avoine\/\" \/>\n<meta property=\"og:locale\" content=\"en_US\" \/>\n<meta property=\"og:type\" content=\"article\" \/>\n<meta property=\"og:title\" content=\"Savon Avoine - Savons Potions &amp; Cie\" \/>\n<meta property=\"og:description\" content=\"Savon avoine, sans parfum ni allerg\u00e8ne. Nettoie, apaise et prot\u00e8ge les peaux tr\u00e8s sensibles ou sujettes \u00e0 l\u2019ecz\u00e9ma. Fabriqu\u00e9 \u00e0 la main en France.\" \/>\n<meta property=\"og:url\" content=\"https:\/\/www.savonspotionsetcie.com\/en\/product\/savon-avoine\/\" \/>\n<meta property=\"og:site_name\" content=\"Savons Potions &amp; Cie\" \/>\n<meta property=\"article:publisher\" content=\"https:\/\/www.facebook.com\/Maguypavan\" \/>\n<meta property=\"article:modified_time\" content=\"2026-02-04T13:33:57+00:00\" \/>\n<meta property=\"og:image\" content=\"https:\/\/www.savonspotionsetcie.com\/wp-content\/uploads\/2023\/07\/DSC02701.jpg\" \/>\n\t<meta property=\"og:image:width\" content=\"2326\" \/>\n\t<meta property=\"og:image:height\" content=\"1632\" \/>\n\t<meta property=\"og:image:type\" content=\"image\/jpeg\" \/>\n<meta name=\"twitter:card\" content=\"summary_large_image\" \/>\n<meta name=\"twitter:label1\" content=\"Est. reading time\" \/>\n\t<meta name=\"twitter:data1\" content=\"3 minutes\" \/>\n<script type=\"application\/ld+json\" class=\"yoast-schema-graph\">{\"@context\":\"https:\\\/\\\/schema.org\",\"@graph\":[{\"@type\":\"WebPage\",\"@id\":\"https:\\\/\\\/www.savonspotionsetcie.com\\\/produit\\\/savon-avoine\\\/\",\"url\":\"https:\\\/\\\/www.savonspotionsetcie.com\\\/produit\\\/savon-avoine\\\/\",\"name\":\"Savon Avoine - Savons Potions &amp; Cie\",\"isPartOf\":{\"@id\":\"https:\\\/\\\/www.savonspotionsetcie.com\\\/en\\\/#website\"},\"primaryImageOfPage\":{\"@id\":\"https:\\\/\\\/www.savonspotionsetcie.com\\\/produit\\\/savon-avoine\\\/#primaryimage\"},\"image\":{\"@id\":\"https:\\\/\\\/www.savonspotionsetcie.com\\\/produit\\\/savon-avoine\\\/#primaryimage\"},\"thumbnailUrl\":\"https:\\\/\\\/www.savonspotionsetcie.com\\\/wp-content\\\/uploads\\\/2023\\\/07\\\/DSC02701.jpg\",\"datePublished\":\"2023-06-29T14:35:12+00:00\",\"dateModified\":\"2026-02-04T13:33:57+00:00\",\"description\":\"Savon avoine, sans parfum ni allerg\u00e8ne. Nettoie, apaise et prot\u00e8ge les peaux tr\u00e8s sensibles ou sujettes \u00e0 l\u2019ecz\u00e9ma. Fabriqu\u00e9 \u00e0 la main en France.\",\"breadcrumb\":{\"@id\":\"https:\\\/\\\/www.savonspotionsetcie.com\\\/produit\\\/savon-avoine\\\/#breadcrumb\"},\"inLanguage\":\"en-US\",\"potentialAction\":[{\"@type\":\"ReadAction\",\"target\":[\"https:\\\/\\\/www.savonspotionsetcie.com\\\/produit\\\/savon-avoine\\\/\"]}]},{\"@type\":\"ImageObject\",\"inLanguage\":\"en-US\",\"@id\":\"https:\\\/\\\/www.savonspotionsetcie.com\\\/produit\\\/savon-avoine\\\/#primaryimage\",\"url\":\"https:\\\/\\\/www.savonspotionsetcie.com\\\/wp-content\\\/uploads\\\/2023\\\/07\\\/DSC02701.jpg\",\"contentUrl\":\"https:\\\/\\\/www.savonspotionsetcie.com\\\/wp-content\\\/uploads\\\/2023\\\/07\\\/DSC02701.jpg\",\"width\":2326,\"height\":1632},{\"@type\":\"BreadcrumbList\",\"@id\":\"https:\\\/\\\/www.savonspotionsetcie.com\\\/produit\\\/savon-avoine\\\/#breadcrumb\",\"itemListElement\":[{\"@type\":\"ListItem\",\"position\":1,\"name\":\"Accueil\",\"item\":\"https:\\\/\\\/www.savonspotionsetcie.com\\\/\"},{\"@type\":\"ListItem\",\"position\":2,\"name\":\"Products\",\"item\":\"https:\\\/\\\/www.savonspotionsetcie.com\\\/en\\\/boutique__trashed\\\/\"},{\"@type\":\"ListItem\",\"position\":3,\"name\":\"Savon Avoine\"}]},{\"@type\":\"WebSite\",\"@id\":\"https:\\\/\\\/www.savonspotionsetcie.com\\\/en\\\/#website\",\"url\":\"https:\\\/\\\/www.savonspotionsetcie.com\\\/en\\\/\",\"name\":\"Savons Potions & Cie\",\"description\":\"Cr\u00e9atrice de savons et cosm\u00e9tiques naturels vegan\",\"publisher\":{\"@id\":\"https:\\\/\\\/www.savonspotionsetcie.com\\\/en\\\/#organization\"},\"potentialAction\":[{\"@type\":\"SearchAction\",\"target\":{\"@type\":\"EntryPoint\",\"urlTemplate\":\"https:\\\/\\\/www.savonspotionsetcie.com\\\/en\\\/?s={search_term_string}\"},\"query-input\":{\"@type\":\"PropertyValueSpecification\",\"valueRequired\":true,\"valueName\":\"search_term_string\"}}],\"inLanguage\":\"en-US\"},{\"@type\":\"Organization\",\"@id\":\"https:\\\/\\\/www.savonspotionsetcie.com\\\/en\\\/#organization\",\"name\":\"Savons Potions & Cie\",\"url\":\"https:\\\/\\\/www.savonspotionsetcie.com\\\/en\\\/\",\"logo\":{\"@type\":\"ImageObject\",\"inLanguage\":\"en-US\",\"@id\":\"https:\\\/\\\/www.savonspotionsetcie.com\\\/en\\\/#\\\/schema\\\/logo\\\/image\\\/\",\"url\":\"https:\\\/\\\/www.savonspotionsetcie.com\\\/wp-content\\\/uploads\\\/2023\\\/11\\\/Logo-depot-1.jpg\",\"contentUrl\":\"https:\\\/\\\/www.savonspotionsetcie.com\\\/wp-content\\\/uploads\\\/2023\\\/11\\\/Logo-depot-1.jpg\",\"width\":1492,\"height\":1492,\"caption\":\"Savons Potions & Cie\"},\"image\":{\"@id\":\"https:\\\/\\\/www.savonspotionsetcie.com\\\/en\\\/#\\\/schema\\\/logo\\\/image\\\/\"},\"sameAs\":[\"https:\\\/\\\/www.facebook.com\\\/Maguypavan\",\"https:\\\/\\\/www.instagram.com\\\/savonspotionsetcie\\\/\",\"https:\\\/\\\/www.tiktok.com\\\/@savonspotionsetcie\"]}]}<\/script>\n<!-- \/ Yoast SEO plugin. -->","yoast_head_json":{"title":"Savon Avoine - Savons Potions &amp; Cie","description":"Savon avoine, sans parfum ni allerg\u00e8ne. Nettoie, apaise et prot\u00e8ge les peaux tr\u00e8s sensibles ou sujettes \u00e0 l\u2019ecz\u00e9ma. Fabriqu\u00e9 \u00e0 la main en France.","robots":{"index":"index","follow":"follow","max-snippet":"max-snippet:-1","max-image-preview":"max-image-preview:large","max-video-preview":"max-video-preview:-1"},"canonical":"https:\/\/www.savonspotionsetcie.com\/en\/product\/savon-avoine\/","og_locale":"en_US","og_type":"article","og_title":"Savon Avoine - Savons Potions &amp; Cie","og_description":"Savon avoine, sans parfum ni allerg\u00e8ne. Nettoie, apaise et prot\u00e8ge les peaux tr\u00e8s sensibles ou sujettes \u00e0 l\u2019ecz\u00e9ma. Fabriqu\u00e9 \u00e0 la main en France.","og_url":"https:\/\/www.savonspotionsetcie.com\/en\/product\/savon-avoine\/","og_site_name":"Savons Potions &amp; Cie","article_publisher":"https:\/\/www.facebook.com\/Maguypavan","article_modified_time":"2026-02-04T13:33:57+00:00","og_image":[{"width":2326,"height":1632,"url":"https:\/\/www.savonspotionsetcie.com\/wp-content\/uploads\/2023\/07\/DSC02701.jpg","type":"image\/jpeg"}],"twitter_card":"summary_large_image","twitter_misc":{"Est. reading time":"3 minutes"},"schema":{"@context":"https:\/\/schema.org","@graph":[{"@type":"WebPage","@id":"https:\/\/www.savonspotionsetcie.com\/produit\/savon-avoine\/","url":"https:\/\/www.savonspotionsetcie.com\/produit\/savon-avoine\/","name":"Savon Avoine - Savons Potions &amp; Cie","isPartOf":{"@id":"https:\/\/www.savonspotionsetcie.com\/en\/#website"},"primaryImageOfPage":{"@id":"https:\/\/www.savonspotionsetcie.com\/produit\/savon-avoine\/#primaryimage"},"image":{"@id":"https:\/\/www.savonspotionsetcie.com\/produit\/savon-avoine\/#primaryimage"},"thumbnailUrl":"https:\/\/www.savonspotionsetcie.com\/wp-content\/uploads\/2023\/07\/DSC02701.jpg","datePublished":"2023-06-29T14:35:12+00:00","dateModified":"2026-02-04T13:33:57+00:00","description":"Savon avoine, sans parfum ni allerg\u00e8ne. Nettoie, apaise et prot\u00e8ge les peaux tr\u00e8s sensibles ou sujettes \u00e0 l\u2019ecz\u00e9ma. Fabriqu\u00e9 \u00e0 la main en France.","breadcrumb":{"@id":"https:\/\/www.savonspotionsetcie.com\/produit\/savon-avoine\/#breadcrumb"},"inLanguage":"en-US","potentialAction":[{"@type":"ReadAction","target":["https:\/\/www.savonspotionsetcie.com\/produit\/savon-avoine\/"]}]},{"@type":"ImageObject","inLanguage":"en-US","@id":"https:\/\/www.savonspotionsetcie.com\/produit\/savon-avoine\/#primaryimage","url":"https:\/\/www.savonspotionsetcie.com\/wp-content\/uploads\/2023\/07\/DSC02701.jpg","contentUrl":"https:\/\/www.savonspotionsetcie.com\/wp-content\/uploads\/2023\/07\/DSC02701.jpg","width":2326,"height":1632},{"@type":"BreadcrumbList","@id":"https:\/\/www.savonspotionsetcie.com\/produit\/savon-avoine\/#breadcrumb","itemListElement":[{"@type":"ListItem","position":1,"name":"Accueil","item":"https:\/\/www.savonspotionsetcie.com\/"},{"@type":"ListItem","position":2,"name":"Products","item":"https:\/\/www.savonspotionsetcie.com\/en\/boutique__trashed\/"},{"@type":"ListItem","position":3,"name":"Savon Avoine"}]},{"@type":"WebSite","@id":"https:\/\/www.savonspotionsetcie.com\/en\/#website","url":"https:\/\/www.savonspotionsetcie.com\/en\/","name":"Savons Potions & Cie","description":"Cr\u00e9atrice de savons et cosm\u00e9tiques naturels vegan","publisher":{"@id":"https:\/\/www.savonspotionsetcie.com\/en\/#organization"},"potentialAction":[{"@type":"SearchAction","target":{"@type":"EntryPoint","urlTemplate":"https:\/\/www.savonspotionsetcie.com\/en\/?s={search_term_string}"},"query-input":{"@type":"PropertyValueSpecification","valueRequired":true,"valueName":"search_term_string"}}],"inLanguage":"en-US"},{"@type":"Organization","@id":"https:\/\/www.savonspotionsetcie.com\/en\/#organization","name":"Savons Potions & Cie","url":"https:\/\/www.savonspotionsetcie.com\/en\/","logo":{"@type":"ImageObject","inLanguage":"en-US","@id":"https:\/\/www.savonspotionsetcie.com\/en\/#\/schema\/logo\/image\/","url":"https:\/\/www.savonspotionsetcie.com\/wp-content\/uploads\/2023\/11\/Logo-depot-1.jpg","contentUrl":"https:\/\/www.savonspotionsetcie.com\/wp-content\/uploads\/2023\/11\/Logo-depot-1.jpg","width":1492,"height":1492,"caption":"Savons Potions & Cie"},"image":{"@id":"https:\/\/www.savonspotionsetcie.com\/en\/#\/schema\/logo\/image\/"},"sameAs":["https:\/\/www.facebook.com\/Maguypavan","https:\/\/www.instagram.com\/savonspotionsetcie\/","https:\/\/www.tiktok.com\/@savonspotionsetcie"]}]}},"_links":{"self":[{"href":"https:\/\/www.savonspotionsetcie.com\/en\/wp-json\/wp\/v2\/product\/30218","targetHints":{"allow":["GET"]}}],"collection":[{"href":"https:\/\/www.savonspotionsetcie.com\/en\/wp-json\/wp\/v2\/product"}],"about":[{"href":"https:\/\/www.savonspotionsetcie.com\/en\/wp-json\/wp\/v2\/types\/product"}],"replies":[{"embeddable":true,"href":"https:\/\/www.savonspotionsetcie.com\/en\/wp-json\/wp\/v2\/comments?post=30218"}],"wp:featuredmedia":[{"embeddable":true,"href":"https:\/\/www.savonspotionsetcie.com\/en\/wp-json\/wp\/v2\/media\/30348"}],"wp:attachment":[{"href":"https:\/\/www.savonspotionsetcie.com\/en\/wp-json\/wp\/v2\/media?parent=30218"}],"wp:term":[{"taxonomy":"product_brand","embeddable":true,"href":"https:\/\/www.savonspotionsetcie.com\/en\/wp-json\/wp\/v2\/product_brand?post=30218"},{"taxonomy":"product_cat","embeddable":true,"href":"https:\/\/www.savonspotionsetcie.com\/en\/wp-json\/wp\/v2\/product_cat?post=30218"},{"taxonomy":"product_tag","embeddable":true,"href":"https:\/\/www.savonspotionsetcie.com\/en\/wp-json\/wp\/v2\/product_tag?post=30218"}],"curies":[{"name":"wp","href":"https:\/\/api.w.org\/{rel}","templated":true}]}}