{"id":30214,"date":"2023-06-29T16:15:25","date_gmt":"2023-06-29T14:15:25","guid":{"rendered":"https:\/\/demo-site.savonspotionsetcie.com\/?post_type=product&#038;p=30214"},"modified":"2026-01-24T09:53:04","modified_gmt":"2026-01-24T08:53:04","slug":"porte-savon-luffa","status":"publish","type":"product","link":"https:\/\/www.savonspotionsetcie.com\/en\/product\/porte-savon-luffa\/","title":{"rendered":"Luffa soap holder"},"content":{"rendered":"","protected":false},"excerpt":{"rendered":"<p>\u00c9levez votre exp\u00e9rience de soin avec notre Porte-Savon en Luffa 100% Naturel. Con\u00e7u pour offrir \u00e0 la fois fonctionnalit\u00e9 et esth\u00e9tisme, ce porte-savon innovant est fabriqu\u00e9 \u00e0 partir de fibres de luffa, une alternative \u00e9cologique aux porte-savons traditionnels. Fabriqu\u00e9 \u00e0 partir de luffa 100% naturel, un produit biod\u00e9gradable et respectueux de l&#8217;environnement. Les fibres de luffa permettent un drainage efficace, maintenant votre savon sec et prolongeant ainsi sa dur\u00e9e de vie.<\/p>\n<p>Can be used in the bathroom, kitchen or any other area where a soap dish is needed.<\/p>","protected":false},"featured_media":31276,"comment_status":"closed","ping_status":"closed","template":"","meta":{"_et_pb_use_builder":"","_et_pb_old_content":"","_et_gb_content_width":""},"product_brand":[],"product_cat":[19],"product_tag":[],"class_list":{"0":"post-30214","1":"product","2":"type-product","3":"status-publish","4":"has-post-thumbnail","6":"product_cat-non-classe","7":"clearfix","9":"first","10":"instock","11":"taxable","12":"shipping-taxable","13":"purchasable","14":"product-type-simple"},"yoast_head":"<!-- This site is optimized with the Yoast SEO plugin v27.6 - https:\/\/yoast.com\/product\/yoast-seo-wordpress\/ -->\n<title>Porte-savon luffa - Savons Potions &amp; Cie<\/title>\n<meta name=\"robots\" content=\"index, follow, max-snippet:-1, max-image-preview:large, max-video-preview:-1\" \/>\n<link rel=\"canonical\" href=\"https:\/\/www.savonspotionsetcie.com\/en\/product\/porte-savon-luffa\/\" \/>\n<meta property=\"og:locale\" content=\"en_US\" \/>\n<meta property=\"og:type\" content=\"article\" \/>\n<meta property=\"og:title\" content=\"Porte-savon luffa - Savons Potions &amp; Cie\" \/>\n<meta property=\"og:description\" content=\"\u00c9levez votre exp\u00e9rience de soin avec notre Porte-Savon en Luffa 100% Naturel. Con\u00e7u pour offrir \u00e0 la fois fonctionnalit\u00e9 et esth\u00e9tisme, ce porte-savon innovant est fabriqu\u00e9 \u00e0 partir de fibres de luffa, une alternative \u00e9cologique aux porte-savons traditionnels. Fabriqu\u00e9 \u00e0 partir de luffa 100% naturel, un produit biod\u00e9gradable et respectueux de l&#039;environnement. Les fibres de luffa permettent un drainage efficace, maintenant votre savon sec et prolongeant ainsi sa dur\u00e9e de vie.  Peut \u00eatre utilis\u00e9 dans la salle de bain, la cuisine ou toute autre zone o\u00f9 un porte-savon est n\u00e9cessaire.\" \/>\n<meta property=\"og:url\" content=\"https:\/\/www.savonspotionsetcie.com\/en\/product\/porte-savon-luffa\/\" \/>\n<meta property=\"og:site_name\" content=\"Savons Potions &amp; Cie\" \/>\n<meta property=\"article:publisher\" content=\"https:\/\/www.facebook.com\/Maguypavan\" \/>\n<meta property=\"article:modified_time\" content=\"2026-01-24T08:53:04+00:00\" \/>\n<meta property=\"og:image\" content=\"https:\/\/www.savonspotionsetcie.com\/wp-content\/uploads\/2024\/03\/DSC03098-scaled.jpg\" \/>\n\t<meta property=\"og:image:width\" content=\"2560\" \/>\n\t<meta property=\"og:image:height\" content=\"1701\" \/>\n\t<meta property=\"og:image:type\" content=\"image\/jpeg\" \/>\n<meta name=\"twitter:card\" content=\"summary_large_image\" \/>\n<script type=\"application\/ld+json\" class=\"yoast-schema-graph\">{\"@context\":\"https:\\\/\\\/schema.org\",\"@graph\":[{\"@type\":\"WebPage\",\"@id\":\"https:\\\/\\\/www.savonspotionsetcie.com\\\/produit\\\/porte-savon-luffa\\\/\",\"url\":\"https:\\\/\\\/www.savonspotionsetcie.com\\\/produit\\\/porte-savon-luffa\\\/\",\"name\":\"Porte-savon luffa - Savons Potions &amp; Cie\",\"isPartOf\":{\"@id\":\"https:\\\/\\\/www.savonspotionsetcie.com\\\/en\\\/#website\"},\"primaryImageOfPage\":{\"@id\":\"https:\\\/\\\/www.savonspotionsetcie.com\\\/produit\\\/porte-savon-luffa\\\/#primaryimage\"},\"image\":{\"@id\":\"https:\\\/\\\/www.savonspotionsetcie.com\\\/produit\\\/porte-savon-luffa\\\/#primaryimage\"},\"thumbnailUrl\":\"https:\\\/\\\/www.savonspotionsetcie.com\\\/wp-content\\\/uploads\\\/2024\\\/03\\\/DSC03098-scaled.jpg\",\"datePublished\":\"2023-06-29T14:15:25+00:00\",\"dateModified\":\"2026-01-24T08:53:04+00:00\",\"breadcrumb\":{\"@id\":\"https:\\\/\\\/www.savonspotionsetcie.com\\\/produit\\\/porte-savon-luffa\\\/#breadcrumb\"},\"inLanguage\":\"en-US\",\"potentialAction\":[{\"@type\":\"ReadAction\",\"target\":[\"https:\\\/\\\/www.savonspotionsetcie.com\\\/produit\\\/porte-savon-luffa\\\/\"]}]},{\"@type\":\"ImageObject\",\"inLanguage\":\"en-US\",\"@id\":\"https:\\\/\\\/www.savonspotionsetcie.com\\\/produit\\\/porte-savon-luffa\\\/#primaryimage\",\"url\":\"https:\\\/\\\/www.savonspotionsetcie.com\\\/wp-content\\\/uploads\\\/2024\\\/03\\\/DSC03098-scaled.jpg\",\"contentUrl\":\"https:\\\/\\\/www.savonspotionsetcie.com\\\/wp-content\\\/uploads\\\/2024\\\/03\\\/DSC03098-scaled.jpg\",\"width\":2560,\"height\":1701},{\"@type\":\"BreadcrumbList\",\"@id\":\"https:\\\/\\\/www.savonspotionsetcie.com\\\/produit\\\/porte-savon-luffa\\\/#breadcrumb\",\"itemListElement\":[{\"@type\":\"ListItem\",\"position\":1,\"name\":\"Accueil\",\"item\":\"https:\\\/\\\/www.savonspotionsetcie.com\\\/\"},{\"@type\":\"ListItem\",\"position\":2,\"name\":\"Products\",\"item\":\"https:\\\/\\\/www.savonspotionsetcie.com\\\/en\\\/boutique__trashed\\\/\"},{\"@type\":\"ListItem\",\"position\":3,\"name\":\"Porte-savon luffa\"}]},{\"@type\":\"WebSite\",\"@id\":\"https:\\\/\\\/www.savonspotionsetcie.com\\\/en\\\/#website\",\"url\":\"https:\\\/\\\/www.savonspotionsetcie.com\\\/en\\\/\",\"name\":\"Savons Potions & Cie\",\"description\":\"Cr\u00e9atrice de savons et cosm\u00e9tiques naturels vegan\",\"publisher\":{\"@id\":\"https:\\\/\\\/www.savonspotionsetcie.com\\\/en\\\/#organization\"},\"potentialAction\":[{\"@type\":\"SearchAction\",\"target\":{\"@type\":\"EntryPoint\",\"urlTemplate\":\"https:\\\/\\\/www.savonspotionsetcie.com\\\/en\\\/?s={search_term_string}\"},\"query-input\":{\"@type\":\"PropertyValueSpecification\",\"valueRequired\":true,\"valueName\":\"search_term_string\"}}],\"inLanguage\":\"en-US\"},{\"@type\":\"Organization\",\"@id\":\"https:\\\/\\\/www.savonspotionsetcie.com\\\/en\\\/#organization\",\"name\":\"Savons Potions & Cie\",\"url\":\"https:\\\/\\\/www.savonspotionsetcie.com\\\/en\\\/\",\"logo\":{\"@type\":\"ImageObject\",\"inLanguage\":\"en-US\",\"@id\":\"https:\\\/\\\/www.savonspotionsetcie.com\\\/en\\\/#\\\/schema\\\/logo\\\/image\\\/\",\"url\":\"https:\\\/\\\/www.savonspotionsetcie.com\\\/wp-content\\\/uploads\\\/2023\\\/11\\\/Logo-depot-1.jpg\",\"contentUrl\":\"https:\\\/\\\/www.savonspotionsetcie.com\\\/wp-content\\\/uploads\\\/2023\\\/11\\\/Logo-depot-1.jpg\",\"width\":1492,\"height\":1492,\"caption\":\"Savons Potions & Cie\"},\"image\":{\"@id\":\"https:\\\/\\\/www.savonspotionsetcie.com\\\/en\\\/#\\\/schema\\\/logo\\\/image\\\/\"},\"sameAs\":[\"https:\\\/\\\/www.facebook.com\\\/Maguypavan\",\"https:\\\/\\\/www.instagram.com\\\/savonspotionsetcie\\\/\",\"https:\\\/\\\/www.tiktok.com\\\/@savonspotionsetcie\"]}]}<\/script>\n<!-- \/ Yoast SEO plugin. -->","yoast_head_json":{"title":"Porte-savon luffa - Savons Potions &amp; Cie","robots":{"index":"index","follow":"follow","max-snippet":"max-snippet:-1","max-image-preview":"max-image-preview:large","max-video-preview":"max-video-preview:-1"},"canonical":"https:\/\/www.savonspotionsetcie.com\/en\/product\/porte-savon-luffa\/","og_locale":"en_US","og_type":"article","og_title":"Porte-savon luffa - Savons Potions &amp; Cie","og_description":"\u00c9levez votre exp\u00e9rience de soin avec notre Porte-Savon en Luffa 100% Naturel. Con\u00e7u pour offrir \u00e0 la fois fonctionnalit\u00e9 et esth\u00e9tisme, ce porte-savon innovant est fabriqu\u00e9 \u00e0 partir de fibres de luffa, une alternative \u00e9cologique aux porte-savons traditionnels. Fabriqu\u00e9 \u00e0 partir de luffa 100% naturel, un produit biod\u00e9gradable et respectueux de l'environnement. Les fibres de luffa permettent un drainage efficace, maintenant votre savon sec et prolongeant ainsi sa dur\u00e9e de vie.  Peut \u00eatre utilis\u00e9 dans la salle de bain, la cuisine ou toute autre zone o\u00f9 un porte-savon est n\u00e9cessaire.","og_url":"https:\/\/www.savonspotionsetcie.com\/en\/product\/porte-savon-luffa\/","og_site_name":"Savons Potions &amp; Cie","article_publisher":"https:\/\/www.facebook.com\/Maguypavan","article_modified_time":"2026-01-24T08:53:04+00:00","og_image":[{"width":2560,"height":1701,"url":"https:\/\/www.savonspotionsetcie.com\/wp-content\/uploads\/2024\/03\/DSC03098-scaled.jpg","type":"image\/jpeg"}],"twitter_card":"summary_large_image","schema":{"@context":"https:\/\/schema.org","@graph":[{"@type":"WebPage","@id":"https:\/\/www.savonspotionsetcie.com\/produit\/porte-savon-luffa\/","url":"https:\/\/www.savonspotionsetcie.com\/produit\/porte-savon-luffa\/","name":"Porte-savon luffa - Savons Potions &amp; Cie","isPartOf":{"@id":"https:\/\/www.savonspotionsetcie.com\/en\/#website"},"primaryImageOfPage":{"@id":"https:\/\/www.savonspotionsetcie.com\/produit\/porte-savon-luffa\/#primaryimage"},"image":{"@id":"https:\/\/www.savonspotionsetcie.com\/produit\/porte-savon-luffa\/#primaryimage"},"thumbnailUrl":"https:\/\/www.savonspotionsetcie.com\/wp-content\/uploads\/2024\/03\/DSC03098-scaled.jpg","datePublished":"2023-06-29T14:15:25+00:00","dateModified":"2026-01-24T08:53:04+00:00","breadcrumb":{"@id":"https:\/\/www.savonspotionsetcie.com\/produit\/porte-savon-luffa\/#breadcrumb"},"inLanguage":"en-US","potentialAction":[{"@type":"ReadAction","target":["https:\/\/www.savonspotionsetcie.com\/produit\/porte-savon-luffa\/"]}]},{"@type":"ImageObject","inLanguage":"en-US","@id":"https:\/\/www.savonspotionsetcie.com\/produit\/porte-savon-luffa\/#primaryimage","url":"https:\/\/www.savonspotionsetcie.com\/wp-content\/uploads\/2024\/03\/DSC03098-scaled.jpg","contentUrl":"https:\/\/www.savonspotionsetcie.com\/wp-content\/uploads\/2024\/03\/DSC03098-scaled.jpg","width":2560,"height":1701},{"@type":"BreadcrumbList","@id":"https:\/\/www.savonspotionsetcie.com\/produit\/porte-savon-luffa\/#breadcrumb","itemListElement":[{"@type":"ListItem","position":1,"name":"Accueil","item":"https:\/\/www.savonspotionsetcie.com\/"},{"@type":"ListItem","position":2,"name":"Products","item":"https:\/\/www.savonspotionsetcie.com\/en\/boutique__trashed\/"},{"@type":"ListItem","position":3,"name":"Porte-savon luffa"}]},{"@type":"WebSite","@id":"https:\/\/www.savonspotionsetcie.com\/en\/#website","url":"https:\/\/www.savonspotionsetcie.com\/en\/","name":"Savons Potions & Cie","description":"Cr\u00e9atrice de savons et cosm\u00e9tiques naturels vegan","publisher":{"@id":"https:\/\/www.savonspotionsetcie.com\/en\/#organization"},"potentialAction":[{"@type":"SearchAction","target":{"@type":"EntryPoint","urlTemplate":"https:\/\/www.savonspotionsetcie.com\/en\/?s={search_term_string}"},"query-input":{"@type":"PropertyValueSpecification","valueRequired":true,"valueName":"search_term_string"}}],"inLanguage":"en-US"},{"@type":"Organization","@id":"https:\/\/www.savonspotionsetcie.com\/en\/#organization","name":"Savons Potions & Cie","url":"https:\/\/www.savonspotionsetcie.com\/en\/","logo":{"@type":"ImageObject","inLanguage":"en-US","@id":"https:\/\/www.savonspotionsetcie.com\/en\/#\/schema\/logo\/image\/","url":"https:\/\/www.savonspotionsetcie.com\/wp-content\/uploads\/2023\/11\/Logo-depot-1.jpg","contentUrl":"https:\/\/www.savonspotionsetcie.com\/wp-content\/uploads\/2023\/11\/Logo-depot-1.jpg","width":1492,"height":1492,"caption":"Savons Potions & Cie"},"image":{"@id":"https:\/\/www.savonspotionsetcie.com\/en\/#\/schema\/logo\/image\/"},"sameAs":["https:\/\/www.facebook.com\/Maguypavan","https:\/\/www.instagram.com\/savonspotionsetcie\/","https:\/\/www.tiktok.com\/@savonspotionsetcie"]}]}},"_links":{"self":[{"href":"https:\/\/www.savonspotionsetcie.com\/en\/wp-json\/wp\/v2\/product\/30214","targetHints":{"allow":["GET"]}}],"collection":[{"href":"https:\/\/www.savonspotionsetcie.com\/en\/wp-json\/wp\/v2\/product"}],"about":[{"href":"https:\/\/www.savonspotionsetcie.com\/en\/wp-json\/wp\/v2\/types\/product"}],"replies":[{"embeddable":true,"href":"https:\/\/www.savonspotionsetcie.com\/en\/wp-json\/wp\/v2\/comments?post=30214"}],"wp:featuredmedia":[{"embeddable":true,"href":"https:\/\/www.savonspotionsetcie.com\/en\/wp-json\/wp\/v2\/media\/31276"}],"wp:attachment":[{"href":"https:\/\/www.savonspotionsetcie.com\/en\/wp-json\/wp\/v2\/media?parent=30214"}],"wp:term":[{"taxonomy":"product_brand","embeddable":true,"href":"https:\/\/www.savonspotionsetcie.com\/en\/wp-json\/wp\/v2\/product_brand?post=30214"},{"taxonomy":"product_cat","embeddable":true,"href":"https:\/\/www.savonspotionsetcie.com\/en\/wp-json\/wp\/v2\/product_cat?post=30214"},{"taxonomy":"product_tag","embeddable":true,"href":"https:\/\/www.savonspotionsetcie.com\/en\/wp-json\/wp\/v2\/product_tag?post=30214"}],"curies":[{"name":"wp","href":"https:\/\/api.w.org\/{rel}","templated":true}]}}