{"id":29929,"date":"2022-06-12T17:15:52","date_gmt":"2022-06-12T15:15:52","guid":{"rendered":"https:\/\/demo-site.savonspotionsetcie.com\/?post_type=product&#038;p=29929"},"modified":"2026-02-09T21:30:24","modified_gmt":"2026-02-09T20:30:24","slug":"deodorant","status":"publish","type":"product","link":"https:\/\/www.savonspotionsetcie.com\/en\/product\/deodorant\/","title":{"rendered":"Normal skin deodorant"},"content":{"rendered":"<p class=\"\" data-start=\"572\" data-end=\"867\">Sa texture onctueuse, \u00e0 base d\u2019<strong data-start=\"603\" data-end=\"620\">huile de coco<\/strong> et de <strong data-start=\"627\" data-end=\"647\">beurre de karit\u00e9. <\/strong>Le d\u00e9odorant nourrit la peau d\u00e9licatement tout en assurant une application confortable, m\u00eame apr\u00e8s le rasage. Formul\u00e9 <strong data-start=\"754\" data-end=\"788\">sans sel d\u2019aluminium ni alcool<\/strong>, il respecte l\u2019\u00e9quilibre cutan\u00e9 et convient parfaitement \u00e0 un usage quotidien.<\/p>\n<p class=\"\" data-start=\"869\" data-end=\"1027\">Compact, pratique et efficace, ce d\u00e9odorant est id\u00e9al pour les peaux normales et vous accompagnera facilement dans votre routine, \u00e0 la maison comme en voyage.<\/p>\n<p class=\"\" data-start=\"1029\" data-end=\"1183\">\u2714\ufe0f Neutralise efficacement les mauvaises odeurs<br data-start=\"1076\" data-end=\"1079\" \/>\u2714\ufe0f Hydrate et prot\u00e8ge la peau sans l\u2019irriter<br data-start=\"1123\" data-end=\"1126\" \/>\u2714\ufe0f N\u2019obstrue pas les pores et respecte la transpiration<\/p>\n<hr class=\"\" data-start=\"1185\" data-end=\"1188\" \/>\n<h3 class=\"\" data-start=\"1190\" data-end=\"1234\">Pourquoi adopter ce d\u00e9odorant solide ?<\/h3>\n<p data-start=\"1236\" data-end=\"1590\"><strong data-start=\"1236\" data-end=\"1276\">Un soin artisanal naturel et \u00e9thique<\/strong><br data-start=\"1276\" data-end=\"1279\" \/>Fabriqu\u00e9 \u00e0 la main en petite s\u00e9rie dans mon atelier. Ce d\u00e9odorant refl\u00e8te un engagement pour une <strong data-start=\"1376\" data-end=\"1448\">cosm\u00e9tique simple, saine et respectueuse de la peau et de la plan\u00e8te<\/strong>. Le choix des ingr\u00e9dients se fait avec rigueur : <strong data-start=\"1498\" data-end=\"1535\">issus de l\u2019agriculture biologique<\/strong>, d\u2019origine naturelle et sans substances controvers\u00e9es.<\/p>\n<hr \/>\n<p class=\"\" data-start=\"1592\" data-end=\"1818\"><strong data-start=\"1592\" data-end=\"1623\">Z\u00e9ro d\u00e9chet, 100 % pratique<\/strong><br data-start=\"1623\" data-end=\"1626\" \/>Pr\u00e9sent\u00e9 dans un pot en verre recyclable et r\u00e9utilisable, il est parfait pour une salle de bain minimaliste. Sa formule solide est <strong data-start=\"1757\" data-end=\"1782\">sans risque en cabine<\/strong>, un alli\u00e9 id\u00e9al pour voyager l\u00e9ger.<\/p>\n<hr \/>\n<p class=\"\" data-start=\"1820\" data-end=\"2123\"><strong data-start=\"1820\" data-end=\"1846\">Une application facile<\/strong><br data-start=\"1846\" data-end=\"1849\" \/>Pr\u00e9levez une noisette de produit avec les doigts propres, appliquez sur les aisselles propres et s\u00e8ches. Sa texture fondante s\u2019adapte \u00e0 la temp\u00e9rature ambiante : s\u2019il se liqu\u00e9fie un peu en \u00e9t\u00e9, il vous suffit de le placer au r\u00e9frig\u00e9rateur pour qu\u2019il retrouve sa consistance.<\/p>\n<hr class=\"\" data-start=\"2125\" data-end=\"2128\" \/>\n<h3 data-start=\"2130\" data-end=\"2173\">My commitments<\/h3>\n<p data-wp-editing=\"1\"><img loading=\"lazy\" decoding=\"async\" class=\"alignnone wp-image-31313\" src=\"https:\/\/www.savonspotionsetcie.com\/wp-content\/uploads\/2024\/08\/logo-MADE-IN-FRANCE.png\" alt=\"a flag in a circle with hearts\" width=\"200\" height=\"200\" srcset=\"https:\/\/www.savonspotionsetcie.com\/wp-content\/uploads\/2024\/08\/logo-MADE-IN-FRANCE.png 500w, https:\/\/www.savonspotionsetcie.com\/wp-content\/uploads\/2024\/08\/logo-MADE-IN-FRANCE-300x300.png 300w, https:\/\/www.savonspotionsetcie.com\/wp-content\/uploads\/2024\/08\/logo-MADE-IN-FRANCE-150x150.png 150w, https:\/\/www.savonspotionsetcie.com\/wp-content\/uploads\/2024\/08\/logo-MADE-IN-FRANCE-12x12.png 12w\" sizes=\"(max-width: 200px) 100vw, 200px\" \/><img loading=\"lazy\" decoding=\"async\" class=\"alignnone wp-image-31316\" src=\"https:\/\/www.savonspotionsetcie.com\/wp-content\/uploads\/2024\/05\/logo-2-1-300x300.png\" alt=\"a green logo with leaves around it\" width=\"200\" height=\"200\" srcset=\"https:\/\/www.savonspotionsetcie.com\/wp-content\/uploads\/2024\/05\/logo-2-1-300x300.png 300w, https:\/\/www.savonspotionsetcie.com\/wp-content\/uploads\/2024\/05\/logo-2-1-150x150.png 150w, https:\/\/www.savonspotionsetcie.com\/wp-content\/uploads\/2024\/05\/logo-2-1-12x12.png 12w, https:\/\/www.savonspotionsetcie.com\/wp-content\/uploads\/2024\/05\/logo-2-1.png 500w\" sizes=\"(max-width: 200px) 100vw, 200px\" \/><img loading=\"lazy\" decoding=\"async\" class=\"alignnone wp-image-31315\" src=\"https:\/\/www.savonspotionsetcie.com\/wp-content\/uploads\/2024\/08\/logo-handmade.png\" alt=\"two hands in the air\" width=\"200\" height=\"200\" srcset=\"https:\/\/www.savonspotionsetcie.com\/wp-content\/uploads\/2024\/08\/logo-handmade.png 500w, https:\/\/www.savonspotionsetcie.com\/wp-content\/uploads\/2024\/08\/logo-handmade-300x300.png 300w, https:\/\/www.savonspotionsetcie.com\/wp-content\/uploads\/2024\/08\/logo-handmade-150x150.png 150w, https:\/\/www.savonspotionsetcie.com\/wp-content\/uploads\/2024\/08\/logo-handmade-12x12.png 12w\" sizes=\"(max-width: 200px) 100vw, 200px\" \/><img loading=\"lazy\" decoding=\"async\" class=\"alignnone wp-image-31317\" src=\"https:\/\/www.savonspotionsetcie.com\/wp-content\/uploads\/2024\/05\/logo-3-1-300x300.png\" alt=\"a green and white globe with leaves and a arrow\" width=\"200\" height=\"200\" srcset=\"https:\/\/www.savonspotionsetcie.com\/wp-content\/uploads\/2024\/05\/logo-3-1-300x300.png 300w, https:\/\/www.savonspotionsetcie.com\/wp-content\/uploads\/2024\/05\/logo-3-1-150x150.png 150w, https:\/\/www.savonspotionsetcie.com\/wp-content\/uploads\/2024\/05\/logo-3-1-12x12.png 12w, https:\/\/www.savonspotionsetcie.com\/wp-content\/uploads\/2024\/05\/logo-3-1.png 500w\" sizes=\"(max-width: 200px) 100vw, 200px\" \/><\/p>\n<hr \/>\n<h3 class=\"\" data-start=\"2130\" data-end=\"2173\">Composition du D\u00e9odorant Peaux Normales<\/h3>\n<p class=\"\" data-start=\"2175\" data-end=\"2354\"><strong data-start=\"2175\" data-end=\"2190\">Ingredients<\/strong> : huile de noix de coco*, bicarbonate de sodium, beurre de karit\u00e9*, amidon de ma\u00efs*, huile essentielle de palmarosa*.<br data-start=\"2308\" data-end=\"2311\" \/>* Products from organic farming<\/p>\n<p class=\"\" data-start=\"2356\" data-end=\"2478\"><strong data-start=\"2356\" data-end=\"2364\">INCI<\/strong> : <em data-start=\"2367\" data-end=\"2478\">Cocos nucifera oil, Sodium bicarbonate, Butyrospermum parkii butter, Zea mays starch, Cymbopogon martini oil.<\/em><\/p>\n<hr class=\"\" data-start=\"2480\" data-end=\"2483\" \/>\n<h3 class=\"\" data-start=\"2485\" data-end=\"2513\">How to use<\/h3>\n<p class=\"\" data-start=\"2514\" data-end=\"2833\">1\ufe0f\u20e3 Pr\u00e9levez une petite quantit\u00e9 du produit avec des doigts propres.<br data-start=\"2581\" data-end=\"2584\" \/>2\ufe0f\u20e3 Appliquez directement sur les aisselles propres et s\u00e8ches.<br data-start=\"2645\" data-end=\"2648\" \/>3\ufe0f\u20e3 Massez pour faire p\u00e9n\u00e9trer la mati\u00e8re.<br data-start=\"2689\" data-end=\"2692\" \/>4\ufe0f\u20e3 Lavez-vous les mains apr\u00e8s application.<br data-start=\"2734\" data-end=\"2737\" \/>5\ufe0f\u20e3 Conservez \u00e0 temp\u00e9rature ambiante \u00e0 l\u2019abri de la chaleur \u2014 au besoin, placez au r\u00e9frig\u00e9rateur.<\/p>\n<p class=\"\" data-start=\"2835\" data-end=\"2930\">\ud83d\udca1 Astuce : Pour les peaux tr\u00e8s sensibles, faites un test dans le pli du coude 24h avant usage.<\/p>","protected":false},"excerpt":{"rendered":"<p>This solid deodorant, presented in a glass container, regulates perspiration while moisturising and lightly perfuming your skin.<\/p>\n<p>Il vous assure un confort optimal tout au long de la journ\u00e9e en neutralisant les mauvaises odeurs et en respectant le ph\u00e9nom\u00e8ne naturel de la transpiration sans la bloquer. Vos pores ne sont pas obstru\u00e9s, votre peau peut respirer. Parfait pour le voyage il peut rester dans votre valise cabine. Il ne contient pas de sel d&#8217;aluminium ni d\u2019alcool.<\/p>","protected":false},"featured_media":31774,"comment_status":"open","ping_status":"closed","template":"","meta":{"_et_pb_use_builder":"","_et_pb_old_content":"","_et_gb_content_width":""},"product_brand":[],"product_cat":[50],"product_tag":[],"class_list":{"0":"post-29929","1":"product","2":"type-product","3":"status-publish","4":"has-post-thumbnail","6":"product_cat-deodorants","7":"clearfix","9":"first","10":"outofstock","11":"taxable","12":"shipping-taxable","13":"purchasable","14":"product-type-simple"},"yoast_head":"<!-- This site is optimized with the Yoast SEO plugin v27.5 - https:\/\/yoast.com\/product\/yoast-seo-wordpress\/ -->\n<title>D\u00e9odorant peaux normales - Savons Potions &amp; Cie<\/title>\n<meta name=\"description\" content=\"D\u00e9odorant solide naturel sans aluminium ni alcool. Neutralise les odeurs, hydrate la peau et respecte la transpiration. Fabriqu\u00e9 \u00e0 la main et z\u00e9ro d\u00e9chet.\" \/>\n<meta name=\"robots\" content=\"index, follow, max-snippet:-1, max-image-preview:large, max-video-preview:-1\" \/>\n<link rel=\"canonical\" href=\"https:\/\/www.savonspotionsetcie.com\/en\/product\/deodorant\/\" \/>\n<meta property=\"og:locale\" content=\"en_US\" \/>\n<meta property=\"og:type\" content=\"article\" \/>\n<meta property=\"og:title\" content=\"D\u00e9odorant peaux normales - Savons Potions &amp; Cie\" \/>\n<meta property=\"og:description\" content=\"D\u00e9odorant solide naturel sans aluminium ni alcool. Neutralise les odeurs, hydrate la peau et respecte la transpiration. Fabriqu\u00e9 \u00e0 la main et z\u00e9ro d\u00e9chet.\" \/>\n<meta property=\"og:url\" content=\"https:\/\/www.savonspotionsetcie.com\/en\/product\/deodorant\/\" \/>\n<meta property=\"og:site_name\" content=\"Savons Potions &amp; Cie\" \/>\n<meta property=\"article:publisher\" content=\"https:\/\/www.facebook.com\/Maguypavan\" \/>\n<meta property=\"article:modified_time\" content=\"2026-02-09T20:30:24+00:00\" \/>\n<meta property=\"og:image\" content=\"https:\/\/www.savonspotionsetcie.com\/wp-content\/uploads\/2022\/06\/DSC03161-scaled.jpg\" \/>\n\t<meta property=\"og:image:width\" content=\"2560\" \/>\n\t<meta property=\"og:image:height\" content=\"1701\" \/>\n\t<meta property=\"og:image:type\" content=\"image\/jpeg\" \/>\n<meta name=\"twitter:card\" content=\"summary_large_image\" \/>\n<meta name=\"twitter:label1\" content=\"Est. reading time\" \/>\n\t<meta name=\"twitter:data1\" content=\"3 minutes\" \/>\n<script type=\"application\/ld+json\" class=\"yoast-schema-graph\">{\"@context\":\"https:\\\/\\\/schema.org\",\"@graph\":[{\"@type\":\"WebPage\",\"@id\":\"https:\\\/\\\/www.savonspotionsetcie.com\\\/produit\\\/deodorant\\\/\",\"url\":\"https:\\\/\\\/www.savonspotionsetcie.com\\\/produit\\\/deodorant\\\/\",\"name\":\"D\u00e9odorant peaux normales - Savons Potions &amp; Cie\",\"isPartOf\":{\"@id\":\"https:\\\/\\\/www.savonspotionsetcie.com\\\/en\\\/#website\"},\"primaryImageOfPage\":{\"@id\":\"https:\\\/\\\/www.savonspotionsetcie.com\\\/produit\\\/deodorant\\\/#primaryimage\"},\"image\":{\"@id\":\"https:\\\/\\\/www.savonspotionsetcie.com\\\/produit\\\/deodorant\\\/#primaryimage\"},\"thumbnailUrl\":\"https:\\\/\\\/www.savonspotionsetcie.com\\\/wp-content\\\/uploads\\\/2022\\\/06\\\/DSC03161-scaled.jpg\",\"datePublished\":\"2022-06-12T15:15:52+00:00\",\"dateModified\":\"2026-02-09T20:30:24+00:00\",\"description\":\"D\u00e9odorant solide naturel sans aluminium ni alcool. Neutralise les odeurs, hydrate la peau et respecte la transpiration. Fabriqu\u00e9 \u00e0 la main et z\u00e9ro d\u00e9chet.\",\"breadcrumb\":{\"@id\":\"https:\\\/\\\/www.savonspotionsetcie.com\\\/produit\\\/deodorant\\\/#breadcrumb\"},\"inLanguage\":\"en-US\",\"potentialAction\":[{\"@type\":\"ReadAction\",\"target\":[\"https:\\\/\\\/www.savonspotionsetcie.com\\\/produit\\\/deodorant\\\/\"]}]},{\"@type\":\"ImageObject\",\"inLanguage\":\"en-US\",\"@id\":\"https:\\\/\\\/www.savonspotionsetcie.com\\\/produit\\\/deodorant\\\/#primaryimage\",\"url\":\"https:\\\/\\\/www.savonspotionsetcie.com\\\/wp-content\\\/uploads\\\/2022\\\/06\\\/DSC03161-scaled.jpg\",\"contentUrl\":\"https:\\\/\\\/www.savonspotionsetcie.com\\\/wp-content\\\/uploads\\\/2022\\\/06\\\/DSC03161-scaled.jpg\",\"width\":2560,\"height\":1701,\"caption\":\"SONY DSC\"},{\"@type\":\"BreadcrumbList\",\"@id\":\"https:\\\/\\\/www.savonspotionsetcie.com\\\/produit\\\/deodorant\\\/#breadcrumb\",\"itemListElement\":[{\"@type\":\"ListItem\",\"position\":1,\"name\":\"Accueil\",\"item\":\"https:\\\/\\\/www.savonspotionsetcie.com\\\/\"},{\"@type\":\"ListItem\",\"position\":2,\"name\":\"Products\",\"item\":\"https:\\\/\\\/www.savonspotionsetcie.com\\\/en\\\/boutique__trashed\\\/\"},{\"@type\":\"ListItem\",\"position\":3,\"name\":\"D\u00e9odorant peaux normales\"}]},{\"@type\":\"WebSite\",\"@id\":\"https:\\\/\\\/www.savonspotionsetcie.com\\\/en\\\/#website\",\"url\":\"https:\\\/\\\/www.savonspotionsetcie.com\\\/en\\\/\",\"name\":\"Savons Potions & Cie\",\"description\":\"Cr\u00e9atrice de savons et cosm\u00e9tiques naturels vegan\",\"publisher\":{\"@id\":\"https:\\\/\\\/www.savonspotionsetcie.com\\\/en\\\/#organization\"},\"potentialAction\":[{\"@type\":\"SearchAction\",\"target\":{\"@type\":\"EntryPoint\",\"urlTemplate\":\"https:\\\/\\\/www.savonspotionsetcie.com\\\/en\\\/?s={search_term_string}\"},\"query-input\":{\"@type\":\"PropertyValueSpecification\",\"valueRequired\":true,\"valueName\":\"search_term_string\"}}],\"inLanguage\":\"en-US\"},{\"@type\":\"Organization\",\"@id\":\"https:\\\/\\\/www.savonspotionsetcie.com\\\/en\\\/#organization\",\"name\":\"Savons Potions & Cie\",\"url\":\"https:\\\/\\\/www.savonspotionsetcie.com\\\/en\\\/\",\"logo\":{\"@type\":\"ImageObject\",\"inLanguage\":\"en-US\",\"@id\":\"https:\\\/\\\/www.savonspotionsetcie.com\\\/en\\\/#\\\/schema\\\/logo\\\/image\\\/\",\"url\":\"https:\\\/\\\/www.savonspotionsetcie.com\\\/wp-content\\\/uploads\\\/2023\\\/11\\\/Logo-depot-1.jpg\",\"contentUrl\":\"https:\\\/\\\/www.savonspotionsetcie.com\\\/wp-content\\\/uploads\\\/2023\\\/11\\\/Logo-depot-1.jpg\",\"width\":1492,\"height\":1492,\"caption\":\"Savons Potions & Cie\"},\"image\":{\"@id\":\"https:\\\/\\\/www.savonspotionsetcie.com\\\/en\\\/#\\\/schema\\\/logo\\\/image\\\/\"},\"sameAs\":[\"https:\\\/\\\/www.facebook.com\\\/Maguypavan\",\"https:\\\/\\\/www.instagram.com\\\/savonspotionsetcie\\\/\",\"https:\\\/\\\/www.tiktok.com\\\/@savonspotionsetcie\"]}]}<\/script>\n<!-- \/ Yoast SEO plugin. -->","yoast_head_json":{"title":"D\u00e9odorant peaux normales - Savons Potions &amp; Cie","description":"D\u00e9odorant solide naturel sans aluminium ni alcool. Neutralise les odeurs, hydrate la peau et respecte la transpiration. Fabriqu\u00e9 \u00e0 la main et z\u00e9ro d\u00e9chet.","robots":{"index":"index","follow":"follow","max-snippet":"max-snippet:-1","max-image-preview":"max-image-preview:large","max-video-preview":"max-video-preview:-1"},"canonical":"https:\/\/www.savonspotionsetcie.com\/en\/product\/deodorant\/","og_locale":"en_US","og_type":"article","og_title":"D\u00e9odorant peaux normales - Savons Potions &amp; Cie","og_description":"D\u00e9odorant solide naturel sans aluminium ni alcool. Neutralise les odeurs, hydrate la peau et respecte la transpiration. Fabriqu\u00e9 \u00e0 la main et z\u00e9ro d\u00e9chet.","og_url":"https:\/\/www.savonspotionsetcie.com\/en\/product\/deodorant\/","og_site_name":"Savons Potions &amp; Cie","article_publisher":"https:\/\/www.facebook.com\/Maguypavan","article_modified_time":"2026-02-09T20:30:24+00:00","og_image":[{"width":2560,"height":1701,"url":"https:\/\/www.savonspotionsetcie.com\/wp-content\/uploads\/2022\/06\/DSC03161-scaled.jpg","type":"image\/jpeg"}],"twitter_card":"summary_large_image","twitter_misc":{"Est. reading time":"3 minutes"},"schema":{"@context":"https:\/\/schema.org","@graph":[{"@type":"WebPage","@id":"https:\/\/www.savonspotionsetcie.com\/produit\/deodorant\/","url":"https:\/\/www.savonspotionsetcie.com\/produit\/deodorant\/","name":"D\u00e9odorant peaux normales - Savons Potions &amp; Cie","isPartOf":{"@id":"https:\/\/www.savonspotionsetcie.com\/en\/#website"},"primaryImageOfPage":{"@id":"https:\/\/www.savonspotionsetcie.com\/produit\/deodorant\/#primaryimage"},"image":{"@id":"https:\/\/www.savonspotionsetcie.com\/produit\/deodorant\/#primaryimage"},"thumbnailUrl":"https:\/\/www.savonspotionsetcie.com\/wp-content\/uploads\/2022\/06\/DSC03161-scaled.jpg","datePublished":"2022-06-12T15:15:52+00:00","dateModified":"2026-02-09T20:30:24+00:00","description":"D\u00e9odorant solide naturel sans aluminium ni alcool. Neutralise les odeurs, hydrate la peau et respecte la transpiration. Fabriqu\u00e9 \u00e0 la main et z\u00e9ro d\u00e9chet.","breadcrumb":{"@id":"https:\/\/www.savonspotionsetcie.com\/produit\/deodorant\/#breadcrumb"},"inLanguage":"en-US","potentialAction":[{"@type":"ReadAction","target":["https:\/\/www.savonspotionsetcie.com\/produit\/deodorant\/"]}]},{"@type":"ImageObject","inLanguage":"en-US","@id":"https:\/\/www.savonspotionsetcie.com\/produit\/deodorant\/#primaryimage","url":"https:\/\/www.savonspotionsetcie.com\/wp-content\/uploads\/2022\/06\/DSC03161-scaled.jpg","contentUrl":"https:\/\/www.savonspotionsetcie.com\/wp-content\/uploads\/2022\/06\/DSC03161-scaled.jpg","width":2560,"height":1701,"caption":"SONY DSC"},{"@type":"BreadcrumbList","@id":"https:\/\/www.savonspotionsetcie.com\/produit\/deodorant\/#breadcrumb","itemListElement":[{"@type":"ListItem","position":1,"name":"Accueil","item":"https:\/\/www.savonspotionsetcie.com\/"},{"@type":"ListItem","position":2,"name":"Products","item":"https:\/\/www.savonspotionsetcie.com\/en\/boutique__trashed\/"},{"@type":"ListItem","position":3,"name":"D\u00e9odorant peaux normales"}]},{"@type":"WebSite","@id":"https:\/\/www.savonspotionsetcie.com\/en\/#website","url":"https:\/\/www.savonspotionsetcie.com\/en\/","name":"Savons Potions & Cie","description":"Cr\u00e9atrice de savons et cosm\u00e9tiques naturels vegan","publisher":{"@id":"https:\/\/www.savonspotionsetcie.com\/en\/#organization"},"potentialAction":[{"@type":"SearchAction","target":{"@type":"EntryPoint","urlTemplate":"https:\/\/www.savonspotionsetcie.com\/en\/?s={search_term_string}"},"query-input":{"@type":"PropertyValueSpecification","valueRequired":true,"valueName":"search_term_string"}}],"inLanguage":"en-US"},{"@type":"Organization","@id":"https:\/\/www.savonspotionsetcie.com\/en\/#organization","name":"Savons Potions & Cie","url":"https:\/\/www.savonspotionsetcie.com\/en\/","logo":{"@type":"ImageObject","inLanguage":"en-US","@id":"https:\/\/www.savonspotionsetcie.com\/en\/#\/schema\/logo\/image\/","url":"https:\/\/www.savonspotionsetcie.com\/wp-content\/uploads\/2023\/11\/Logo-depot-1.jpg","contentUrl":"https:\/\/www.savonspotionsetcie.com\/wp-content\/uploads\/2023\/11\/Logo-depot-1.jpg","width":1492,"height":1492,"caption":"Savons Potions & Cie"},"image":{"@id":"https:\/\/www.savonspotionsetcie.com\/en\/#\/schema\/logo\/image\/"},"sameAs":["https:\/\/www.facebook.com\/Maguypavan","https:\/\/www.instagram.com\/savonspotionsetcie\/","https:\/\/www.tiktok.com\/@savonspotionsetcie"]}]}},"_links":{"self":[{"href":"https:\/\/www.savonspotionsetcie.com\/en\/wp-json\/wp\/v2\/product\/29929","targetHints":{"allow":["GET"]}}],"collection":[{"href":"https:\/\/www.savonspotionsetcie.com\/en\/wp-json\/wp\/v2\/product"}],"about":[{"href":"https:\/\/www.savonspotionsetcie.com\/en\/wp-json\/wp\/v2\/types\/product"}],"replies":[{"embeddable":true,"href":"https:\/\/www.savonspotionsetcie.com\/en\/wp-json\/wp\/v2\/comments?post=29929"}],"wp:featuredmedia":[{"embeddable":true,"href":"https:\/\/www.savonspotionsetcie.com\/en\/wp-json\/wp\/v2\/media\/31774"}],"wp:attachment":[{"href":"https:\/\/www.savonspotionsetcie.com\/en\/wp-json\/wp\/v2\/media?parent=29929"}],"wp:term":[{"taxonomy":"product_brand","embeddable":true,"href":"https:\/\/www.savonspotionsetcie.com\/en\/wp-json\/wp\/v2\/product_brand?post=29929"},{"taxonomy":"product_cat","embeddable":true,"href":"https:\/\/www.savonspotionsetcie.com\/en\/wp-json\/wp\/v2\/product_cat?post=29929"},{"taxonomy":"product_tag","embeddable":true,"href":"https:\/\/www.savonspotionsetcie.com\/en\/wp-json\/wp\/v2\/product_tag?post=29929"}],"curies":[{"name":"wp","href":"https:\/\/api.w.org\/{rel}","templated":true}]}}