{"id":29872,"date":"2021-03-30T14:24:06","date_gmt":"2021-03-30T12:24:06","guid":{"rendered":"https:\/\/demo-site.savonspotionsetcie.com\/?post_type=product&#038;p=29872"},"modified":"2026-01-02T11:09:05","modified_gmt":"2026-01-02T10:09:05","slug":"shampoing-jojoba-geranium-rosat-2","status":"publish","type":"product","link":"https:\/\/www.savonspotionsetcie.com\/en\/product\/shampoing-jojoba-geranium-rosat-2\/","title":{"rendered":"Jojoba Geranium Shampoo"},"content":{"rendered":"<p data-start=\"547\" data-end=\"699\">Jojoba Geranium Shampoo :<\/p>\n<p class=\"\" data-start=\"547\" data-end=\"699\">\u2714\ufe0f Regulates sebum production.<br data-start=\"579\" data-end=\"582\" \/>\u2714\ufe0f Refreshes and purifies the scalp.<br data-start=\"622\" data-end=\"625\" \/>\u2714\ufe0f Helps reduce dandruff.<br data-start=\"657\" data-end=\"660\" \/>\u2714\ufe0f Floral, fresh and botanical scent.<\/p>\n<hr class=\"\" data-start=\"701\" data-end=\"704\" \/>\n<h3 class=\"\" data-start=\"706\" data-end=\"769\"><strong data-start=\"710\" data-end=\"769\">Why choose the Jojoba Geranium Shampoo :<\/strong><\/h3>\n<h4 data-start=\"114\" data-end=\"587\">Natural ingredients to restore balance<\/h4>\n<p class=\"\" data-start=\"114\" data-end=\"587\"><br class=\"yoast-text-mark\" data-star=\"\" \/>L\u2019huile de jojoba est une merveille de la nature sa composition lui permet de r\u00e9guler le cuir chevelu gras. En envoyant un \u201csignal d\u2019\u00e9quilibre\u201d au cuir chevelu, elle aide \u00e0 espacer les lavages. R\u00e9sultat, vous retrouvez une chevelure plus saine, moins sujette aux racines grasses. En bonus, elle nourrit sans alourdir les longueurs et laisse les cheveux brillants et souples.<\/p>\n<hr \/>\n<h4 data-start=\"589\" data-end=\"1061\">Complete strengthening action<\/h4>\n<p class=\"\" data-start=\"589\" data-end=\"1061\"><br data-start=\"627\" data-end=\"630\" \/>L\u2019infusion d\u2019ortie, pr\u00e9par\u00e9e maison, apporte ses min\u00e9raux, ses vitamines et ses propri\u00e9t\u00e9s tonifiantes. Connue pour renforcer la fibre capillaire, elle stimule la circulation au niveau du cuir chevelu, favorisant ainsi une pousse plus dense et vigoureuse. Associ\u00e9e au rhassoul et \u00e0 l\u2019argile verte, elle assainit le cuir chevelu sans l\u2019irriter et \u00e9limine l\u2019exc\u00e8s de s\u00e9bum en douceur.<\/p>\n<hr \/>\n<h4 data-start=\"1063\" data-end=\"1562\">A revitalizing and purifying skincare treatment<\/h4>\n<p class=\"\" data-start=\"1063\" data-end=\"1562\"><br data-start=\"1103\" data-end=\"1106\" \/>This shampoo doesn\u2019t just cleanse \u2014 it revitalizes! Castor oil, known for stimulating growth and strengthening brittle hair, deeply nourishes the ends and brings life back to dull strands. Rose geranium essential oil purifies the skin, soothes minor irritations, and helps prevent dandruff and itching. A complete care ritual for a balanced scalp and healthy hair.<\/p>\n<hr \/>\n<h4 data-start=\"1564\" data-end=\"1970\">Solid, eco-friendly &amp; long-lasting shampoo<\/h4>\n<p class=\"\" data-start=\"1564\" data-end=\"1970\"><br data-start=\"1609\" data-end=\"1612\" \/>Say goodbye to plastic bottles! This shampoo bar easily replaces two bottles of liquid shampoo. It lathers generously, is travel-friendly, and lasts a long time if allowed to dry between uses. A small gesture for the planet \u2014 and a big step toward a greener, simpler, and more effective hair care routine.<\/p>\n<hr class=\"\" data-start=\"1475\" data-end=\"1478\" \/>\n<h3 class=\"\" data-start=\"1480\" data-end=\"1505\"><strong data-start=\"1484\" data-end=\"1503\">My commitments<\/strong><\/h3>\n<p class=\"\" data-start=\"1506\" data-end=\"1619\"><img loading=\"lazy\" decoding=\"async\" class=\"alignnone wp-image-31313\" src=\"https:\/\/www.savonspotionsetcie.com\/wp-content\/uploads\/2024\/08\/logo-MADE-IN-FRANCE.png\" alt=\"a flag in a circle with hearts\" width=\"200\" height=\"200\" srcset=\"https:\/\/www.savonspotionsetcie.com\/wp-content\/uploads\/2024\/08\/logo-MADE-IN-FRANCE.png 500w, https:\/\/www.savonspotionsetcie.com\/wp-content\/uploads\/2024\/08\/logo-MADE-IN-FRANCE-300x300.png 300w, https:\/\/www.savonspotionsetcie.com\/wp-content\/uploads\/2024\/08\/logo-MADE-IN-FRANCE-150x150.png 150w, https:\/\/www.savonspotionsetcie.com\/wp-content\/uploads\/2024\/08\/logo-MADE-IN-FRANCE-12x12.png 12w\" sizes=\"(max-width: 200px) 100vw, 200px\" \/><img loading=\"lazy\" decoding=\"async\" class=\"alignnone wp-image-31316\" src=\"https:\/\/www.savonspotionsetcie.com\/wp-content\/uploads\/2024\/05\/logo-2-1-300x300.png\" alt=\"a green logo with leaves around it\" width=\"200\" height=\"200\" srcset=\"https:\/\/www.savonspotionsetcie.com\/wp-content\/uploads\/2024\/05\/logo-2-1-300x300.png 300w, https:\/\/www.savonspotionsetcie.com\/wp-content\/uploads\/2024\/05\/logo-2-1-150x150.png 150w, https:\/\/www.savonspotionsetcie.com\/wp-content\/uploads\/2024\/05\/logo-2-1-12x12.png 12w, https:\/\/www.savonspotionsetcie.com\/wp-content\/uploads\/2024\/05\/logo-2-1.png 500w\" sizes=\"(max-width: 200px) 100vw, 200px\" \/><img loading=\"lazy\" decoding=\"async\" class=\"alignnone wp-image-31315\" src=\"https:\/\/www.savonspotionsetcie.com\/wp-content\/uploads\/2024\/08\/logo-handmade.png\" alt=\"two hands in the air\" width=\"199\" height=\"199\" srcset=\"https:\/\/www.savonspotionsetcie.com\/wp-content\/uploads\/2024\/08\/logo-handmade.png 500w, https:\/\/www.savonspotionsetcie.com\/wp-content\/uploads\/2024\/08\/logo-handmade-300x300.png 300w, https:\/\/www.savonspotionsetcie.com\/wp-content\/uploads\/2024\/08\/logo-handmade-150x150.png 150w, https:\/\/www.savonspotionsetcie.com\/wp-content\/uploads\/2024\/08\/logo-handmade-12x12.png 12w\" sizes=\"(max-width: 199px) 100vw, 199px\" \/><img loading=\"lazy\" decoding=\"async\" class=\"alignnone wp-image-31317\" src=\"https:\/\/www.savonspotionsetcie.com\/wp-content\/uploads\/2024\/05\/logo-3-1-300x300.png\" alt=\"a green and white globe with leaves and a arrow\" width=\"199\" height=\"199\" srcset=\"https:\/\/www.savonspotionsetcie.com\/wp-content\/uploads\/2024\/05\/logo-3-1-300x300.png 300w, https:\/\/www.savonspotionsetcie.com\/wp-content\/uploads\/2024\/05\/logo-3-1-150x150.png 150w, https:\/\/www.savonspotionsetcie.com\/wp-content\/uploads\/2024\/05\/logo-3-1-12x12.png 12w, https:\/\/www.savonspotionsetcie.com\/wp-content\/uploads\/2024\/05\/logo-3-1.png 500w\" sizes=\"(max-width: 199px) 100vw, 199px\" \/><\/p>\n<hr class=\"\" data-start=\"1621\" data-end=\"1624\" \/>\n<h3 class=\"\" data-start=\"1626\" data-end=\"1647\"><strong data-start=\"1630\" data-end=\"1645\">Jojoba Geranium Shampoo ingredients<\/strong><\/h3>\n<p class=\"\" data-start=\"1648\" data-end=\"1870\"><strong class=\"yoast-text-mark\">Ingredients<\/strong> Sodium Cocoyl Isethionate, nettle infusion*, jojoba oil*, coconut oil*, castor oil*, rhassoul clay, green clay, rose geranium essential oil.<br data-start=\"1824\" data-end=\"1827\" \/>* Products from organic farming<\/p>\n<p class=\"\" data-start=\"1872\" data-end=\"2068\">INCI : Sodium cocoyl isethionate, Aqua, Simmondsia chinensis, Cocos nucifera oil, Ricinus communis oil, Illite, Kaolin, Montmorillonite.<\/p>\n<hr class=\"\" data-start=\"2070\" data-end=\"2073\" \/>\n<h3 class=\"\" data-start=\"2075\" data-end=\"2107\"><strong data-start=\"2079\" data-end=\"2105\">How to use<\/strong><\/h3>\n<p class=\"\" data-start=\"2108\" data-end=\"2371\">Rub the shampoo directly onto wet hair. Massage the scalp, then rinse thoroughly. Let it dry on a well-ventilated soap holder.<br data-start=\"2273\" data-end=\"2276\" \/>\ud83d\udca1 <strong data-start=\"2279\" data-end=\"2289\">Tip<\/strong> : Gradually space out your shampoos thanks to its natural rebalancing effect.<\/p>","protected":false},"excerpt":{"rendered":"<p>To rebalance oily hair, we have chosen jojoba oil. This oil, widely used in cosmetics, regulates sebum secretion and, like castor oil, revitalizes the hair. Nettle promotes hair growth and rose geranium essential oil fights against dandruff.<\/p>","protected":false},"featured_media":30324,"comment_status":"open","ping_status":"closed","template":"","meta":{"_et_pb_use_builder":"","_et_pb_old_content":"","_et_gb_content_width":""},"product_brand":[],"product_cat":[37,21,39,41,43],"product_tag":[],"class_list":{"0":"post-29872","1":"product","2":"type-product","3":"status-publish","4":"has-post-thumbnail","6":"product_cat-avec-huile-essentielle","7":"product_cat-hair","8":"product_cat-cheveux-gras","9":"product_cat-cuir-chevelu-delicat","10":"product_cat-petit-format","11":"clearfix","13":"first","14":"instock","15":"taxable","16":"shipping-taxable","17":"purchasable","18":"product-type-simple"},"yoast_head":"<!-- This site is optimized with the Yoast SEO plugin v27.4 - https:\/\/yoast.com\/product\/yoast-seo-wordpress\/ -->\n<title>Shampoing Jojoba G\u00e9ranium rosat - Savons Potions &amp; Cie<\/title>\n<meta name=\"description\" content=\"Shampoing Jojoba G\u00e9ranium rosat pour purifier, r\u00e9guler le s\u00e9bum et rafra\u00eechir le cuir chevelu. Recette artisanale et bio.\" \/>\n<meta name=\"robots\" content=\"index, follow, max-snippet:-1, max-image-preview:large, max-video-preview:-1\" \/>\n<link rel=\"canonical\" href=\"https:\/\/www.savonspotionsetcie.com\/en\/product\/shampoing-jojoba-geranium-rosat-2\/\" \/>\n<meta property=\"og:locale\" content=\"en_US\" \/>\n<meta property=\"og:type\" content=\"article\" \/>\n<meta property=\"og:title\" content=\"Shampoing Jojoba G\u00e9ranium rosat - Savons Potions &amp; Cie\" \/>\n<meta property=\"og:description\" content=\"Shampoing Jojoba G\u00e9ranium rosat pour purifier, r\u00e9guler le s\u00e9bum et rafra\u00eechir le cuir chevelu. Recette artisanale et bio.\" \/>\n<meta property=\"og:url\" content=\"https:\/\/www.savonspotionsetcie.com\/en\/product\/shampoing-jojoba-geranium-rosat-2\/\" \/>\n<meta property=\"og:site_name\" content=\"Savons Potions &amp; Cie\" \/>\n<meta property=\"article:publisher\" content=\"https:\/\/www.facebook.com\/Maguypavan\" \/>\n<meta property=\"article:modified_time\" content=\"2026-01-02T10:09:05+00:00\" \/>\n<meta property=\"og:image\" content=\"https:\/\/www.savonspotionsetcie.com\/wp-content\/uploads\/2023\/07\/DSC02656.jpg\" \/>\n\t<meta property=\"og:image:width\" content=\"2456\" \/>\n\t<meta property=\"og:image:height\" content=\"1632\" \/>\n\t<meta property=\"og:image:type\" content=\"image\/jpeg\" \/>\n<meta name=\"twitter:card\" content=\"summary_large_image\" \/>\n<meta name=\"twitter:label1\" content=\"Est. reading time\" \/>\n\t<meta name=\"twitter:data1\" content=\"3 minutes\" \/>\n<script type=\"application\/ld+json\" class=\"yoast-schema-graph\">{\"@context\":\"https:\\\/\\\/schema.org\",\"@graph\":[{\"@type\":\"WebPage\",\"@id\":\"https:\\\/\\\/www.savonspotionsetcie.com\\\/produit\\\/shampoing-jojoba-geranium-rosat-2\\\/\",\"url\":\"https:\\\/\\\/www.savonspotionsetcie.com\\\/produit\\\/shampoing-jojoba-geranium-rosat-2\\\/\",\"name\":\"Shampoing Jojoba G\u00e9ranium rosat - Savons Potions &amp; Cie\",\"isPartOf\":{\"@id\":\"https:\\\/\\\/www.savonspotionsetcie.com\\\/en\\\/#website\"},\"primaryImageOfPage\":{\"@id\":\"https:\\\/\\\/www.savonspotionsetcie.com\\\/produit\\\/shampoing-jojoba-geranium-rosat-2\\\/#primaryimage\"},\"image\":{\"@id\":\"https:\\\/\\\/www.savonspotionsetcie.com\\\/produit\\\/shampoing-jojoba-geranium-rosat-2\\\/#primaryimage\"},\"thumbnailUrl\":\"https:\\\/\\\/www.savonspotionsetcie.com\\\/wp-content\\\/uploads\\\/2023\\\/07\\\/DSC02656.jpg\",\"datePublished\":\"2021-03-30T12:24:06+00:00\",\"dateModified\":\"2026-01-02T10:09:05+00:00\",\"description\":\"Shampoing Jojoba G\u00e9ranium rosat pour purifier, r\u00e9guler le s\u00e9bum et rafra\u00eechir le cuir chevelu. Recette artisanale et bio.\",\"breadcrumb\":{\"@id\":\"https:\\\/\\\/www.savonspotionsetcie.com\\\/produit\\\/shampoing-jojoba-geranium-rosat-2\\\/#breadcrumb\"},\"inLanguage\":\"en-US\",\"potentialAction\":[{\"@type\":\"ReadAction\",\"target\":[\"https:\\\/\\\/www.savonspotionsetcie.com\\\/produit\\\/shampoing-jojoba-geranium-rosat-2\\\/\"]}]},{\"@type\":\"ImageObject\",\"inLanguage\":\"en-US\",\"@id\":\"https:\\\/\\\/www.savonspotionsetcie.com\\\/produit\\\/shampoing-jojoba-geranium-rosat-2\\\/#primaryimage\",\"url\":\"https:\\\/\\\/www.savonspotionsetcie.com\\\/wp-content\\\/uploads\\\/2023\\\/07\\\/DSC02656.jpg\",\"contentUrl\":\"https:\\\/\\\/www.savonspotionsetcie.com\\\/wp-content\\\/uploads\\\/2023\\\/07\\\/DSC02656.jpg\",\"width\":2456,\"height\":1632},{\"@type\":\"BreadcrumbList\",\"@id\":\"https:\\\/\\\/www.savonspotionsetcie.com\\\/produit\\\/shampoing-jojoba-geranium-rosat-2\\\/#breadcrumb\",\"itemListElement\":[{\"@type\":\"ListItem\",\"position\":1,\"name\":\"Accueil\",\"item\":\"https:\\\/\\\/www.savonspotionsetcie.com\\\/\"},{\"@type\":\"ListItem\",\"position\":2,\"name\":\"Products\",\"item\":\"https:\\\/\\\/www.savonspotionsetcie.com\\\/en\\\/boutique__trashed\\\/\"},{\"@type\":\"ListItem\",\"position\":3,\"name\":\"Shampoing Jojoba G\u00e9ranium rosat\"}]},{\"@type\":\"WebSite\",\"@id\":\"https:\\\/\\\/www.savonspotionsetcie.com\\\/en\\\/#website\",\"url\":\"https:\\\/\\\/www.savonspotionsetcie.com\\\/en\\\/\",\"name\":\"Savons Potions & Cie\",\"description\":\"Cr\u00e9atrice de savons et cosm\u00e9tiques naturels vegan\",\"publisher\":{\"@id\":\"https:\\\/\\\/www.savonspotionsetcie.com\\\/en\\\/#organization\"},\"potentialAction\":[{\"@type\":\"SearchAction\",\"target\":{\"@type\":\"EntryPoint\",\"urlTemplate\":\"https:\\\/\\\/www.savonspotionsetcie.com\\\/en\\\/?s={search_term_string}\"},\"query-input\":{\"@type\":\"PropertyValueSpecification\",\"valueRequired\":true,\"valueName\":\"search_term_string\"}}],\"inLanguage\":\"en-US\"},{\"@type\":\"Organization\",\"@id\":\"https:\\\/\\\/www.savonspotionsetcie.com\\\/en\\\/#organization\",\"name\":\"Savons Potions & Cie\",\"url\":\"https:\\\/\\\/www.savonspotionsetcie.com\\\/en\\\/\",\"logo\":{\"@type\":\"ImageObject\",\"inLanguage\":\"en-US\",\"@id\":\"https:\\\/\\\/www.savonspotionsetcie.com\\\/en\\\/#\\\/schema\\\/logo\\\/image\\\/\",\"url\":\"https:\\\/\\\/www.savonspotionsetcie.com\\\/wp-content\\\/uploads\\\/2023\\\/11\\\/Logo-depot-1.jpg\",\"contentUrl\":\"https:\\\/\\\/www.savonspotionsetcie.com\\\/wp-content\\\/uploads\\\/2023\\\/11\\\/Logo-depot-1.jpg\",\"width\":1492,\"height\":1492,\"caption\":\"Savons Potions & Cie\"},\"image\":{\"@id\":\"https:\\\/\\\/www.savonspotionsetcie.com\\\/en\\\/#\\\/schema\\\/logo\\\/image\\\/\"},\"sameAs\":[\"https:\\\/\\\/www.facebook.com\\\/Maguypavan\",\"https:\\\/\\\/www.instagram.com\\\/savonspotionsetcie\\\/\",\"https:\\\/\\\/www.tiktok.com\\\/@savonspotionsetcie\"]}]}<\/script>\n<!-- \/ Yoast SEO plugin. -->","yoast_head_json":{"title":"Shampoing Jojoba G\u00e9ranium rosat - Savons Potions &amp; Cie","description":"Shampoing Jojoba G\u00e9ranium rosat pour purifier, r\u00e9guler le s\u00e9bum et rafra\u00eechir le cuir chevelu. Recette artisanale et bio.","robots":{"index":"index","follow":"follow","max-snippet":"max-snippet:-1","max-image-preview":"max-image-preview:large","max-video-preview":"max-video-preview:-1"},"canonical":"https:\/\/www.savonspotionsetcie.com\/en\/product\/shampoing-jojoba-geranium-rosat-2\/","og_locale":"en_US","og_type":"article","og_title":"Shampoing Jojoba G\u00e9ranium rosat - Savons Potions &amp; Cie","og_description":"Shampoing Jojoba G\u00e9ranium rosat pour purifier, r\u00e9guler le s\u00e9bum et rafra\u00eechir le cuir chevelu. Recette artisanale et bio.","og_url":"https:\/\/www.savonspotionsetcie.com\/en\/product\/shampoing-jojoba-geranium-rosat-2\/","og_site_name":"Savons Potions &amp; Cie","article_publisher":"https:\/\/www.facebook.com\/Maguypavan","article_modified_time":"2026-01-02T10:09:05+00:00","og_image":[{"width":2456,"height":1632,"url":"https:\/\/www.savonspotionsetcie.com\/wp-content\/uploads\/2023\/07\/DSC02656.jpg","type":"image\/jpeg"}],"twitter_card":"summary_large_image","twitter_misc":{"Est. reading time":"3 minutes"},"schema":{"@context":"https:\/\/schema.org","@graph":[{"@type":"WebPage","@id":"https:\/\/www.savonspotionsetcie.com\/produit\/shampoing-jojoba-geranium-rosat-2\/","url":"https:\/\/www.savonspotionsetcie.com\/produit\/shampoing-jojoba-geranium-rosat-2\/","name":"Shampoing Jojoba G\u00e9ranium rosat - Savons Potions &amp; Cie","isPartOf":{"@id":"https:\/\/www.savonspotionsetcie.com\/en\/#website"},"primaryImageOfPage":{"@id":"https:\/\/www.savonspotionsetcie.com\/produit\/shampoing-jojoba-geranium-rosat-2\/#primaryimage"},"image":{"@id":"https:\/\/www.savonspotionsetcie.com\/produit\/shampoing-jojoba-geranium-rosat-2\/#primaryimage"},"thumbnailUrl":"https:\/\/www.savonspotionsetcie.com\/wp-content\/uploads\/2023\/07\/DSC02656.jpg","datePublished":"2021-03-30T12:24:06+00:00","dateModified":"2026-01-02T10:09:05+00:00","description":"Shampoing Jojoba G\u00e9ranium rosat pour purifier, r\u00e9guler le s\u00e9bum et rafra\u00eechir le cuir chevelu. Recette artisanale et bio.","breadcrumb":{"@id":"https:\/\/www.savonspotionsetcie.com\/produit\/shampoing-jojoba-geranium-rosat-2\/#breadcrumb"},"inLanguage":"en-US","potentialAction":[{"@type":"ReadAction","target":["https:\/\/www.savonspotionsetcie.com\/produit\/shampoing-jojoba-geranium-rosat-2\/"]}]},{"@type":"ImageObject","inLanguage":"en-US","@id":"https:\/\/www.savonspotionsetcie.com\/produit\/shampoing-jojoba-geranium-rosat-2\/#primaryimage","url":"https:\/\/www.savonspotionsetcie.com\/wp-content\/uploads\/2023\/07\/DSC02656.jpg","contentUrl":"https:\/\/www.savonspotionsetcie.com\/wp-content\/uploads\/2023\/07\/DSC02656.jpg","width":2456,"height":1632},{"@type":"BreadcrumbList","@id":"https:\/\/www.savonspotionsetcie.com\/produit\/shampoing-jojoba-geranium-rosat-2\/#breadcrumb","itemListElement":[{"@type":"ListItem","position":1,"name":"Accueil","item":"https:\/\/www.savonspotionsetcie.com\/"},{"@type":"ListItem","position":2,"name":"Products","item":"https:\/\/www.savonspotionsetcie.com\/en\/boutique__trashed\/"},{"@type":"ListItem","position":3,"name":"Shampoing Jojoba G\u00e9ranium rosat"}]},{"@type":"WebSite","@id":"https:\/\/www.savonspotionsetcie.com\/en\/#website","url":"https:\/\/www.savonspotionsetcie.com\/en\/","name":"Savons Potions & Cie","description":"Cr\u00e9atrice de savons et cosm\u00e9tiques naturels vegan","publisher":{"@id":"https:\/\/www.savonspotionsetcie.com\/en\/#organization"},"potentialAction":[{"@type":"SearchAction","target":{"@type":"EntryPoint","urlTemplate":"https:\/\/www.savonspotionsetcie.com\/en\/?s={search_term_string}"},"query-input":{"@type":"PropertyValueSpecification","valueRequired":true,"valueName":"search_term_string"}}],"inLanguage":"en-US"},{"@type":"Organization","@id":"https:\/\/www.savonspotionsetcie.com\/en\/#organization","name":"Savons Potions & Cie","url":"https:\/\/www.savonspotionsetcie.com\/en\/","logo":{"@type":"ImageObject","inLanguage":"en-US","@id":"https:\/\/www.savonspotionsetcie.com\/en\/#\/schema\/logo\/image\/","url":"https:\/\/www.savonspotionsetcie.com\/wp-content\/uploads\/2023\/11\/Logo-depot-1.jpg","contentUrl":"https:\/\/www.savonspotionsetcie.com\/wp-content\/uploads\/2023\/11\/Logo-depot-1.jpg","width":1492,"height":1492,"caption":"Savons Potions & Cie"},"image":{"@id":"https:\/\/www.savonspotionsetcie.com\/en\/#\/schema\/logo\/image\/"},"sameAs":["https:\/\/www.facebook.com\/Maguypavan","https:\/\/www.instagram.com\/savonspotionsetcie\/","https:\/\/www.tiktok.com\/@savonspotionsetcie"]}]}},"_links":{"self":[{"href":"https:\/\/www.savonspotionsetcie.com\/en\/wp-json\/wp\/v2\/product\/29872","targetHints":{"allow":["GET"]}}],"collection":[{"href":"https:\/\/www.savonspotionsetcie.com\/en\/wp-json\/wp\/v2\/product"}],"about":[{"href":"https:\/\/www.savonspotionsetcie.com\/en\/wp-json\/wp\/v2\/types\/product"}],"replies":[{"embeddable":true,"href":"https:\/\/www.savonspotionsetcie.com\/en\/wp-json\/wp\/v2\/comments?post=29872"}],"wp:featuredmedia":[{"embeddable":true,"href":"https:\/\/www.savonspotionsetcie.com\/en\/wp-json\/wp\/v2\/media\/30324"}],"wp:attachment":[{"href":"https:\/\/www.savonspotionsetcie.com\/en\/wp-json\/wp\/v2\/media?parent=29872"}],"wp:term":[{"taxonomy":"product_brand","embeddable":true,"href":"https:\/\/www.savonspotionsetcie.com\/en\/wp-json\/wp\/v2\/product_brand?post=29872"},{"taxonomy":"product_cat","embeddable":true,"href":"https:\/\/www.savonspotionsetcie.com\/en\/wp-json\/wp\/v2\/product_cat?post=29872"},{"taxonomy":"product_tag","embeddable":true,"href":"https:\/\/www.savonspotionsetcie.com\/en\/wp-json\/wp\/v2\/product_tag?post=29872"}],"curies":[{"name":"wp","href":"https:\/\/api.w.org\/{rel}","templated":true}]}}