{"id":29869,"date":"2021-03-30T14:24:02","date_gmt":"2021-03-30T12:24:02","guid":{"rendered":"https:\/\/demo-site.savonspotionsetcie.com\/?post_type=product&#038;p=29869"},"modified":"2026-04-09T15:59:36","modified_gmt":"2026-04-09T13:59:36","slug":"shampoing-karite-bois-de-ho","status":"publish","type":"product","link":"https:\/\/www.savonspotionsetcie.com\/en\/product\/shampoing-karite-bois-de-ho\/","title":{"rendered":"Shea Butter Shampoo H\u00f4 Wood"},"content":{"rendered":"<p data-start=\"552\" data-end=\"734\">Shea Butter Shampoo H\u00f4 Wood :<\/p>\n<p class=\"\" data-start=\"552\" data-end=\"734\">\u2714\ufe0f Nourishes and repairs dry, damaged hair.<br data-start=\"601\" data-end=\"604\" \/>\u2714\ufe0f Soothes sensitive scalps.<br data-start=\"638\" data-end=\"641\" \/>\u2714\ufe0f Stimulates growth and helps reduce hair loss.<br data-start=\"680\" data-end=\"683\" \/>\u2714\ufe0f Soft, woody scent with naturally relaxing notes.<\/p>\n<hr class=\"\" data-start=\"736\" data-end=\"739\" \/>\n<h3 class=\"\" data-start=\"741\" data-end=\"800\"><strong data-start=\"745\" data-end=\"800\">Why choose the Shea Butter Shampoo H\u00f4 Wood ?<\/strong><\/h3>\n<h4 data-start=\"802\" data-end=\"1116\">A nourishing and soothing treatment<\/h4>\n<p class=\"\" data-start=\"802\" data-end=\"1116\"><br data-start=\"843\" data-end=\"846\" \/>Le beurre de karit\u00e9 hydrate intens\u00e9ment la fibre capillaire, nourrit en profondeur et calme les cuirs chevelus irrit\u00e9s ou sensibles. L\u2019huile essentielle de bois de H\u00f4, au parfum doux et r\u00e9confortant, offre une touche florale bois\u00e9e.<\/p>\n<hr \/>\n<h4 data-start=\"1118\" data-end=\"1470\">Ayurvedic powders: strength and vitality<\/h4>\n<p class=\"translation-block\" data-start=\"1118\" data-end=\"1470\"><br data-start=\"1165\" data-end=\"1168\">Enriched with <strong data-start=\"1179\" data-end=\"1196\">amla powder<\/strong>, a powerful natural regenerating agent, this shampoo stimulates the roots, slows hair loss, and promotes healthy growth. It is also known to help prevent premature greying. Marshmallow root softens the hair, making detangling easier while adding shine.<\/p>\n<hr \/>\n<h4 data-start=\"1472\" data-end=\"1651\">A gentle yet effective shampoo<\/h4>\n<p class=\"\" data-start=\"1472\" data-end=\"1651\"><br data-start=\"1510\" data-end=\"1513\" \/>Formulated with a plant-derived surfactant (SCI), it gently cleanses without irritating the scalp or harming the planet.<\/p>\n<hr \/>\n<h4 data-start=\"1653\" data-end=\"1831\">Natural &amp; Organic Formula<\/h4>\n<p class=\"\" data-start=\"1653\" data-end=\"1831\"><br data-start=\"1683\" data-end=\"1686\" \/>Sans sulfate, sans silicone, sans conservateur. Compos\u00e9 d\u2019ingr\u00e9dients bruts, bio et choisis pour leur efficacit\u00e9. Convient \u00e0 un usage fr\u00e9quent. Grand format durable et \u00e9conomique.<\/p>\n<hr class=\"\" data-start=\"1833\" data-end=\"1836\" \/>\n<h3 class=\"\" data-start=\"1838\" data-end=\"1863\"><strong data-start=\"1842\" data-end=\"1861\">My commitments<\/strong><\/h3>\n<p class=\"\" data-start=\"1864\" data-end=\"1979\"><img loading=\"lazy\" decoding=\"async\" class=\"alignnone wp-image-31313\" src=\"https:\/\/www.savonspotionsetcie.com\/wp-content\/uploads\/2024\/08\/logo-MADE-IN-FRANCE.png\" sizes=\"(max-width: 200px) 100vw, 200px\" srcset=\"https:\/\/www.savonspotionsetcie.com\/wp-content\/uploads\/2024\/08\/logo-MADE-IN-FRANCE.png 500w, https:\/\/www.savonspotionsetcie.com\/wp-content\/uploads\/2024\/08\/logo-MADE-IN-FRANCE-300x300.png 300w, https:\/\/www.savonspotionsetcie.com\/wp-content\/uploads\/2024\/08\/logo-MADE-IN-FRANCE-150x150.png 150w, https:\/\/www.savonspotionsetcie.com\/wp-content\/uploads\/2024\/08\/logo-MADE-IN-FRANCE-12x12.png 12w\" alt=\"a flag in a circle with hearts\" width=\"200\" height=\"200\" \/><img loading=\"lazy\" decoding=\"async\" class=\"alignnone wp-image-31316\" src=\"https:\/\/www.savonspotionsetcie.com\/wp-content\/uploads\/2024\/05\/logo-2-1-300x300.png\" sizes=\"(max-width: 200px) 100vw, 200px\" srcset=\"https:\/\/www.savonspotionsetcie.com\/wp-content\/uploads\/2024\/05\/logo-2-1-300x300.png 300w, https:\/\/www.savonspotionsetcie.com\/wp-content\/uploads\/2024\/05\/logo-2-1-150x150.png 150w, https:\/\/www.savonspotionsetcie.com\/wp-content\/uploads\/2024\/05\/logo-2-1-12x12.png 12w, https:\/\/www.savonspotionsetcie.com\/wp-content\/uploads\/2024\/05\/logo-2-1.png 500w\" alt=\"a green logo with leaves around it\" width=\"200\" height=\"200\" \/><img loading=\"lazy\" decoding=\"async\" class=\"alignnone wp-image-31315\" src=\"https:\/\/www.savonspotionsetcie.com\/wp-content\/uploads\/2024\/08\/logo-handmade.png\" sizes=\"(max-width: 200px) 100vw, 200px\" srcset=\"https:\/\/www.savonspotionsetcie.com\/wp-content\/uploads\/2024\/08\/logo-handmade.png 500w, https:\/\/www.savonspotionsetcie.com\/wp-content\/uploads\/2024\/08\/logo-handmade-300x300.png 300w, https:\/\/www.savonspotionsetcie.com\/wp-content\/uploads\/2024\/08\/logo-handmade-150x150.png 150w, https:\/\/www.savonspotionsetcie.com\/wp-content\/uploads\/2024\/08\/logo-handmade-12x12.png 12w\" alt=\"two hands in the air\" width=\"200\" height=\"200\" \/><img loading=\"lazy\" decoding=\"async\" class=\"alignnone wp-image-31317\" src=\"https:\/\/www.savonspotionsetcie.com\/wp-content\/uploads\/2024\/05\/logo-3-1-300x300.png\" sizes=\"(max-width: 199px) 100vw, 199px\" srcset=\"https:\/\/www.savonspotionsetcie.com\/wp-content\/uploads\/2024\/05\/logo-3-1-300x300.png 300w, https:\/\/www.savonspotionsetcie.com\/wp-content\/uploads\/2024\/05\/logo-3-1-150x150.png 150w, https:\/\/www.savonspotionsetcie.com\/wp-content\/uploads\/2024\/05\/logo-3-1-12x12.png 12w, https:\/\/www.savonspotionsetcie.com\/wp-content\/uploads\/2024\/05\/logo-3-1.png 500w\" alt=\"a green and white globe with leaves and a arrow\" width=\"199\" height=\"199\" \/><\/p>\n<hr class=\"\" data-start=\"1981\" data-end=\"1984\" \/>\n<h3 class=\"\" data-start=\"1986\" data-end=\"2007\"><strong data-start=\"1990\" data-end=\"2005\">Composition\u00a0<\/strong><strong data-start=\"745\" data-end=\"800\">Shea Butter Shampoo H\u00f4 Wood<\/strong><\/h3>\n<p>Ingr\u00e9dients : Sodium Cocoyl Isethionate, huile de coco*, hydrolat de lavande*, poudre d\u2019amla*, beurre de karit\u00e9*, poudre de guimauve*, huile essentielle de bois de h\u00f4*. *Produits issus de l\u2019agriculture biologique<\/p>\n<p>INCI : Sodium cocoyl isethionate, Cocos nucifera oil, Lavandula angustifolia water, Phyllanthus embica fruit powder, Butyrospermum parkii butter, Althea officinalis root powder, Ho wood organic oil.<\/p>\n<hr class=\"\" data-start=\"2454\" data-end=\"2457\" \/>\n<h3 class=\"\" data-start=\"2459\" data-end=\"2491\"><strong data-start=\"2463\" data-end=\"2489\">How to use<\/strong><\/h3>\n<p class=\"\" data-start=\"2492\" data-end=\"2800\">Rub the shampoo directly onto wet hair. Massage the scalp, then rinse thoroughly. Let it dry on a well-ventilated soap holder.<br data-start=\"2689\" data-end=\"2692\" \/>\ud83d\udca1 Tip: To extend the life of your solid shampoo, avoid prolonged contact with water.<\/p>","protected":false},"excerpt":{"rendered":"<p>Dry and damaged hair will be nourished by shea butter which will also soothe the scalp. This soap with a discreet scent of essential oil of ho wood, is enriched with amla powder. This plant is part of the large family of Ayurvedic powders traditionally used by Indian women for cosmetic care. Reputed to be a powerful regenerator, it stimulates the hair root, thus slowing down hair loss while promoting hair growth. It also fights against premature white hair.<\/p>","protected":false},"featured_media":30329,"comment_status":"open","ping_status":"closed","template":"","meta":{"_et_pb_use_builder":"","_et_pb_old_content":"","_et_gb_content_width":""},"product_brand":[],"product_cat":[21,40,41,42],"product_tag":[],"class_list":{"0":"post-29869","1":"product","2":"type-product","3":"status-publish","4":"has-post-thumbnail","6":"product_cat-hair","7":"product_cat-cheveux-secs","8":"product_cat-cuir-chevelu-delicat","9":"product_cat-grand-format","10":"clearfix","12":"first","13":"instock","14":"taxable","15":"shipping-taxable","16":"purchasable","17":"product-type-simple"},"yoast_head":"<!-- This site is optimized with the Yoast SEO plugin v27.5 - https:\/\/yoast.com\/product\/yoast-seo-wordpress\/ -->\n<title>Shampoing Karit\u00e9 Bois de H\u00f4 - Savons Potions &amp; Cie<\/title>\n<meta name=\"description\" content=\"Shampoing Karit\u00e9 Bois de H\u00f4 et poudres ayurv\u00e9diques. Id\u00e9al pour cheveux secs, ternes ou ab\u00eem\u00e9s. Fabriqu\u00e9 \u00e0 la main avec des ingr\u00e9dients bio.\" \/>\n<meta name=\"robots\" content=\"index, follow, max-snippet:-1, max-image-preview:large, max-video-preview:-1\" \/>\n<link rel=\"canonical\" href=\"https:\/\/www.savonspotionsetcie.com\/en\/product\/shampoing-karite-bois-de-ho\/\" \/>\n<meta property=\"og:locale\" content=\"en_US\" \/>\n<meta property=\"og:type\" content=\"article\" \/>\n<meta property=\"og:title\" content=\"Shampoing Karit\u00e9 Bois de H\u00f4 - Savons Potions &amp; Cie\" \/>\n<meta property=\"og:description\" content=\"Shampoing Karit\u00e9 Bois de H\u00f4 et poudres ayurv\u00e9diques. Id\u00e9al pour cheveux secs, ternes ou ab\u00eem\u00e9s. Fabriqu\u00e9 \u00e0 la main avec des ingr\u00e9dients bio.\" \/>\n<meta property=\"og:url\" content=\"https:\/\/www.savonspotionsetcie.com\/en\/product\/shampoing-karite-bois-de-ho\/\" \/>\n<meta property=\"og:site_name\" content=\"Savons Potions &amp; Cie\" \/>\n<meta property=\"article:publisher\" content=\"https:\/\/www.facebook.com\/Maguypavan\" \/>\n<meta property=\"article:modified_time\" content=\"2026-04-09T13:59:36+00:00\" \/>\n<meta property=\"og:image\" content=\"https:\/\/www.savonspotionsetcie.com\/wp-content\/uploads\/2023\/07\/DSC02661.jpg\" \/>\n\t<meta property=\"og:image:width\" content=\"2456\" \/>\n\t<meta property=\"og:image:height\" content=\"1632\" \/>\n\t<meta property=\"og:image:type\" content=\"image\/jpeg\" \/>\n<meta name=\"twitter:card\" content=\"summary_large_image\" \/>\n<meta name=\"twitter:label1\" content=\"Est. reading time\" \/>\n\t<meta name=\"twitter:data1\" content=\"3 minutes\" \/>\n<script type=\"application\/ld+json\" class=\"yoast-schema-graph\">{\"@context\":\"https:\\\/\\\/schema.org\",\"@graph\":[{\"@type\":\"WebPage\",\"@id\":\"https:\\\/\\\/www.savonspotionsetcie.com\\\/produit\\\/shampoing-karite-bois-de-ho\\\/\",\"url\":\"https:\\\/\\\/www.savonspotionsetcie.com\\\/produit\\\/shampoing-karite-bois-de-ho\\\/\",\"name\":\"Shampoing Karit\u00e9 Bois de H\u00f4 - Savons Potions &amp; Cie\",\"isPartOf\":{\"@id\":\"https:\\\/\\\/www.savonspotionsetcie.com\\\/en\\\/#website\"},\"primaryImageOfPage\":{\"@id\":\"https:\\\/\\\/www.savonspotionsetcie.com\\\/produit\\\/shampoing-karite-bois-de-ho\\\/#primaryimage\"},\"image\":{\"@id\":\"https:\\\/\\\/www.savonspotionsetcie.com\\\/produit\\\/shampoing-karite-bois-de-ho\\\/#primaryimage\"},\"thumbnailUrl\":\"https:\\\/\\\/www.savonspotionsetcie.com\\\/wp-content\\\/uploads\\\/2023\\\/07\\\/DSC02661.jpg\",\"datePublished\":\"2021-03-30T12:24:02+00:00\",\"dateModified\":\"2026-04-09T13:59:36+00:00\",\"description\":\"Shampoing Karit\u00e9 Bois de H\u00f4 et poudres ayurv\u00e9diques. Id\u00e9al pour cheveux secs, ternes ou ab\u00eem\u00e9s. Fabriqu\u00e9 \u00e0 la main avec des ingr\u00e9dients bio.\",\"breadcrumb\":{\"@id\":\"https:\\\/\\\/www.savonspotionsetcie.com\\\/produit\\\/shampoing-karite-bois-de-ho\\\/#breadcrumb\"},\"inLanguage\":\"en-US\",\"potentialAction\":[{\"@type\":\"ReadAction\",\"target\":[\"https:\\\/\\\/www.savonspotionsetcie.com\\\/produit\\\/shampoing-karite-bois-de-ho\\\/\"]}]},{\"@type\":\"ImageObject\",\"inLanguage\":\"en-US\",\"@id\":\"https:\\\/\\\/www.savonspotionsetcie.com\\\/produit\\\/shampoing-karite-bois-de-ho\\\/#primaryimage\",\"url\":\"https:\\\/\\\/www.savonspotionsetcie.com\\\/wp-content\\\/uploads\\\/2023\\\/07\\\/DSC02661.jpg\",\"contentUrl\":\"https:\\\/\\\/www.savonspotionsetcie.com\\\/wp-content\\\/uploads\\\/2023\\\/07\\\/DSC02661.jpg\",\"width\":2456,\"height\":1632},{\"@type\":\"BreadcrumbList\",\"@id\":\"https:\\\/\\\/www.savonspotionsetcie.com\\\/produit\\\/shampoing-karite-bois-de-ho\\\/#breadcrumb\",\"itemListElement\":[{\"@type\":\"ListItem\",\"position\":1,\"name\":\"Accueil\",\"item\":\"https:\\\/\\\/www.savonspotionsetcie.com\\\/\"},{\"@type\":\"ListItem\",\"position\":2,\"name\":\"Products\",\"item\":\"https:\\\/\\\/www.savonspotionsetcie.com\\\/en\\\/boutique__trashed\\\/\"},{\"@type\":\"ListItem\",\"position\":3,\"name\":\"Shampoing Karit\u00e9 Bois de H\u00f4\"}]},{\"@type\":\"WebSite\",\"@id\":\"https:\\\/\\\/www.savonspotionsetcie.com\\\/en\\\/#website\",\"url\":\"https:\\\/\\\/www.savonspotionsetcie.com\\\/en\\\/\",\"name\":\"Savons Potions & Cie\",\"description\":\"Cr\u00e9atrice de savons et cosm\u00e9tiques naturels vegan\",\"publisher\":{\"@id\":\"https:\\\/\\\/www.savonspotionsetcie.com\\\/en\\\/#organization\"},\"potentialAction\":[{\"@type\":\"SearchAction\",\"target\":{\"@type\":\"EntryPoint\",\"urlTemplate\":\"https:\\\/\\\/www.savonspotionsetcie.com\\\/en\\\/?s={search_term_string}\"},\"query-input\":{\"@type\":\"PropertyValueSpecification\",\"valueRequired\":true,\"valueName\":\"search_term_string\"}}],\"inLanguage\":\"en-US\"},{\"@type\":\"Organization\",\"@id\":\"https:\\\/\\\/www.savonspotionsetcie.com\\\/en\\\/#organization\",\"name\":\"Savons Potions & Cie\",\"url\":\"https:\\\/\\\/www.savonspotionsetcie.com\\\/en\\\/\",\"logo\":{\"@type\":\"ImageObject\",\"inLanguage\":\"en-US\",\"@id\":\"https:\\\/\\\/www.savonspotionsetcie.com\\\/en\\\/#\\\/schema\\\/logo\\\/image\\\/\",\"url\":\"https:\\\/\\\/www.savonspotionsetcie.com\\\/wp-content\\\/uploads\\\/2023\\\/11\\\/Logo-depot-1.jpg\",\"contentUrl\":\"https:\\\/\\\/www.savonspotionsetcie.com\\\/wp-content\\\/uploads\\\/2023\\\/11\\\/Logo-depot-1.jpg\",\"width\":1492,\"height\":1492,\"caption\":\"Savons Potions & Cie\"},\"image\":{\"@id\":\"https:\\\/\\\/www.savonspotionsetcie.com\\\/en\\\/#\\\/schema\\\/logo\\\/image\\\/\"},\"sameAs\":[\"https:\\\/\\\/www.facebook.com\\\/Maguypavan\",\"https:\\\/\\\/www.instagram.com\\\/savonspotionsetcie\\\/\",\"https:\\\/\\\/www.tiktok.com\\\/@savonspotionsetcie\"]}]}<\/script>\n<!-- \/ Yoast SEO plugin. -->","yoast_head_json":{"title":"Shampoing Karit\u00e9 Bois de H\u00f4 - Savons Potions &amp; Cie","description":"Shampoing Karit\u00e9 Bois de H\u00f4 et poudres ayurv\u00e9diques. Id\u00e9al pour cheveux secs, ternes ou ab\u00eem\u00e9s. Fabriqu\u00e9 \u00e0 la main avec des ingr\u00e9dients bio.","robots":{"index":"index","follow":"follow","max-snippet":"max-snippet:-1","max-image-preview":"max-image-preview:large","max-video-preview":"max-video-preview:-1"},"canonical":"https:\/\/www.savonspotionsetcie.com\/en\/product\/shampoing-karite-bois-de-ho\/","og_locale":"en_US","og_type":"article","og_title":"Shampoing Karit\u00e9 Bois de H\u00f4 - Savons Potions &amp; Cie","og_description":"Shampoing Karit\u00e9 Bois de H\u00f4 et poudres ayurv\u00e9diques. Id\u00e9al pour cheveux secs, ternes ou ab\u00eem\u00e9s. Fabriqu\u00e9 \u00e0 la main avec des ingr\u00e9dients bio.","og_url":"https:\/\/www.savonspotionsetcie.com\/en\/product\/shampoing-karite-bois-de-ho\/","og_site_name":"Savons Potions &amp; Cie","article_publisher":"https:\/\/www.facebook.com\/Maguypavan","article_modified_time":"2026-04-09T13:59:36+00:00","og_image":[{"width":2456,"height":1632,"url":"https:\/\/www.savonspotionsetcie.com\/wp-content\/uploads\/2023\/07\/DSC02661.jpg","type":"image\/jpeg"}],"twitter_card":"summary_large_image","twitter_misc":{"Est. reading time":"3 minutes"},"schema":{"@context":"https:\/\/schema.org","@graph":[{"@type":"WebPage","@id":"https:\/\/www.savonspotionsetcie.com\/produit\/shampoing-karite-bois-de-ho\/","url":"https:\/\/www.savonspotionsetcie.com\/produit\/shampoing-karite-bois-de-ho\/","name":"Shampoing Karit\u00e9 Bois de H\u00f4 - Savons Potions &amp; Cie","isPartOf":{"@id":"https:\/\/www.savonspotionsetcie.com\/en\/#website"},"primaryImageOfPage":{"@id":"https:\/\/www.savonspotionsetcie.com\/produit\/shampoing-karite-bois-de-ho\/#primaryimage"},"image":{"@id":"https:\/\/www.savonspotionsetcie.com\/produit\/shampoing-karite-bois-de-ho\/#primaryimage"},"thumbnailUrl":"https:\/\/www.savonspotionsetcie.com\/wp-content\/uploads\/2023\/07\/DSC02661.jpg","datePublished":"2021-03-30T12:24:02+00:00","dateModified":"2026-04-09T13:59:36+00:00","description":"Shampoing Karit\u00e9 Bois de H\u00f4 et poudres ayurv\u00e9diques. Id\u00e9al pour cheveux secs, ternes ou ab\u00eem\u00e9s. Fabriqu\u00e9 \u00e0 la main avec des ingr\u00e9dients bio.","breadcrumb":{"@id":"https:\/\/www.savonspotionsetcie.com\/produit\/shampoing-karite-bois-de-ho\/#breadcrumb"},"inLanguage":"en-US","potentialAction":[{"@type":"ReadAction","target":["https:\/\/www.savonspotionsetcie.com\/produit\/shampoing-karite-bois-de-ho\/"]}]},{"@type":"ImageObject","inLanguage":"en-US","@id":"https:\/\/www.savonspotionsetcie.com\/produit\/shampoing-karite-bois-de-ho\/#primaryimage","url":"https:\/\/www.savonspotionsetcie.com\/wp-content\/uploads\/2023\/07\/DSC02661.jpg","contentUrl":"https:\/\/www.savonspotionsetcie.com\/wp-content\/uploads\/2023\/07\/DSC02661.jpg","width":2456,"height":1632},{"@type":"BreadcrumbList","@id":"https:\/\/www.savonspotionsetcie.com\/produit\/shampoing-karite-bois-de-ho\/#breadcrumb","itemListElement":[{"@type":"ListItem","position":1,"name":"Accueil","item":"https:\/\/www.savonspotionsetcie.com\/"},{"@type":"ListItem","position":2,"name":"Products","item":"https:\/\/www.savonspotionsetcie.com\/en\/boutique__trashed\/"},{"@type":"ListItem","position":3,"name":"Shampoing Karit\u00e9 Bois de H\u00f4"}]},{"@type":"WebSite","@id":"https:\/\/www.savonspotionsetcie.com\/en\/#website","url":"https:\/\/www.savonspotionsetcie.com\/en\/","name":"Savons Potions & Cie","description":"Cr\u00e9atrice de savons et cosm\u00e9tiques naturels vegan","publisher":{"@id":"https:\/\/www.savonspotionsetcie.com\/en\/#organization"},"potentialAction":[{"@type":"SearchAction","target":{"@type":"EntryPoint","urlTemplate":"https:\/\/www.savonspotionsetcie.com\/en\/?s={search_term_string}"},"query-input":{"@type":"PropertyValueSpecification","valueRequired":true,"valueName":"search_term_string"}}],"inLanguage":"en-US"},{"@type":"Organization","@id":"https:\/\/www.savonspotionsetcie.com\/en\/#organization","name":"Savons Potions & Cie","url":"https:\/\/www.savonspotionsetcie.com\/en\/","logo":{"@type":"ImageObject","inLanguage":"en-US","@id":"https:\/\/www.savonspotionsetcie.com\/en\/#\/schema\/logo\/image\/","url":"https:\/\/www.savonspotionsetcie.com\/wp-content\/uploads\/2023\/11\/Logo-depot-1.jpg","contentUrl":"https:\/\/www.savonspotionsetcie.com\/wp-content\/uploads\/2023\/11\/Logo-depot-1.jpg","width":1492,"height":1492,"caption":"Savons Potions & Cie"},"image":{"@id":"https:\/\/www.savonspotionsetcie.com\/en\/#\/schema\/logo\/image\/"},"sameAs":["https:\/\/www.facebook.com\/Maguypavan","https:\/\/www.instagram.com\/savonspotionsetcie\/","https:\/\/www.tiktok.com\/@savonspotionsetcie"]}]}},"_links":{"self":[{"href":"https:\/\/www.savonspotionsetcie.com\/en\/wp-json\/wp\/v2\/product\/29869","targetHints":{"allow":["GET"]}}],"collection":[{"href":"https:\/\/www.savonspotionsetcie.com\/en\/wp-json\/wp\/v2\/product"}],"about":[{"href":"https:\/\/www.savonspotionsetcie.com\/en\/wp-json\/wp\/v2\/types\/product"}],"replies":[{"embeddable":true,"href":"https:\/\/www.savonspotionsetcie.com\/en\/wp-json\/wp\/v2\/comments?post=29869"}],"wp:featuredmedia":[{"embeddable":true,"href":"https:\/\/www.savonspotionsetcie.com\/en\/wp-json\/wp\/v2\/media\/30329"}],"wp:attachment":[{"href":"https:\/\/www.savonspotionsetcie.com\/en\/wp-json\/wp\/v2\/media?parent=29869"}],"wp:term":[{"taxonomy":"product_brand","embeddable":true,"href":"https:\/\/www.savonspotionsetcie.com\/en\/wp-json\/wp\/v2\/product_brand?post=29869"},{"taxonomy":"product_cat","embeddable":true,"href":"https:\/\/www.savonspotionsetcie.com\/en\/wp-json\/wp\/v2\/product_cat?post=29869"},{"taxonomy":"product_tag","embeddable":true,"href":"https:\/\/www.savonspotionsetcie.com\/en\/wp-json\/wp\/v2\/product_tag?post=29869"}],"curies":[{"name":"wp","href":"https:\/\/api.w.org\/{rel}","templated":true}]}}