{"id":29868,"date":"2021-03-30T14:24:01","date_gmt":"2021-03-30T12:24:01","guid":{"rendered":"https:\/\/demo-site.savonspotionsetcie.com\/?post_type=product&#038;p=29868"},"modified":"2026-01-02T11:14:09","modified_gmt":"2026-01-02T10:14:09","slug":"sels-de-bains-romarin-menthe","status":"publish","type":"product","link":"https:\/\/www.savonspotionsetcie.com\/en\/product\/sels-de-bains-romarin-menthe\/","title":{"rendered":"Bath salts Rosemary Mint"},"content":{"rendered":"<p data-start=\"562\" data-end=\"744\">Bath salts Rosemary Mint:<\/p>\n<p class=\"\" data-start=\"562\" data-end=\"744\">\u2714\ufe0f Revitalize body and mind<br data-start=\"596\" data-end=\"599\" \/>\u2714\ufe0f Soothe muscular and mental tension<br data-start=\"646\" data-end=\"649\" \/>\u2714\ufe0f Support natural defenses<br data-start=\"684\" data-end=\"687\" \/>\u2714\ufe0f Senteur fra\u00eeche et stimulante (romarin \u2013 menthe).<\/p>\n<hr class=\"\" data-start=\"746\" data-end=\"749\" \/>\n<h3 class=\"\" data-start=\"751\" data-end=\"801\"><strong data-start=\"755\" data-end=\"801\">Why choose Rosemary &amp; Spearmint Bath Salts?<\/strong><\/h3>\n<h4 data-start=\"803\" data-end=\"1049\">A purifying and energizing ally<\/h4>\n<p class=\"\" data-start=\"803\" data-end=\"1049\"><br data-start=\"839\" data-end=\"842\" \/>Le romarin stimule la circulation et renforce l\u2019organisme. La menthe, quant \u00e0 elle, apporte fra\u00eecheur et effet d\u00e9congestionnant. Ensemble, elles aident \u00e0 \u00e9liminer les toxines et \u00e0 apaiser les tensions.<\/p>\n<hr \/>\n<h4 data-start=\"1051\" data-end=\"1244\">A locally sourced, mineral-rich salt<\/h4>\n<p>Harvested from salt flats in the Pyrenees, this natural salt is rich in trace elements that are beneficial for both the skin and overall metabolism.<\/p>\n<hr \/>\n<h4 data-start=\"1246\" data-end=\"1416\">Multi-purpose: bath, foot soak, scrub<\/h4>\n<p class=\"\" data-start=\"1246\" data-end=\"1416\"><br data-start=\"1287\" data-end=\"1290\" \/>Use these salts for a full-body bath, a revitalizing foot soak, or a homemade body scrub by mixing with a plant-based oil.<\/p>\n<hr \/>\n<h4 data-start=\"1418\" data-end=\"1581\">100% Pure &amp; Natural<\/h4>\n<p class=\"\" data-start=\"1418\" data-end=\"1581\"><br data-start=\"1445\" data-end=\"1448\" \/>No synthetic fragrance, no additives, no preservatives. The plants and essential oils are certified organic \u2014 offering your body only what it truly needs.<\/p>\n<hr class=\"\" data-start=\"1583\" data-end=\"1586\" \/>\n<h3 class=\"\" data-start=\"1588\" data-end=\"1613\"><strong data-start=\"1592\" data-end=\"1611\">My commitments<\/strong><\/h3>\n<p class=\"\" data-start=\"1614\" data-end=\"1718\"><img loading=\"lazy\" decoding=\"async\" class=\"alignnone wp-image-31313\" src=\"https:\/\/www.savonspotionsetcie.com\/wp-content\/uploads\/2024\/08\/logo-MADE-IN-FRANCE.png\" alt=\"a flag in a circle with hearts\" width=\"200\" height=\"200\" srcset=\"https:\/\/www.savonspotionsetcie.com\/wp-content\/uploads\/2024\/08\/logo-MADE-IN-FRANCE.png 500w, https:\/\/www.savonspotionsetcie.com\/wp-content\/uploads\/2024\/08\/logo-MADE-IN-FRANCE-300x300.png 300w, https:\/\/www.savonspotionsetcie.com\/wp-content\/uploads\/2024\/08\/logo-MADE-IN-FRANCE-150x150.png 150w, https:\/\/www.savonspotionsetcie.com\/wp-content\/uploads\/2024\/08\/logo-MADE-IN-FRANCE-12x12.png 12w\" sizes=\"(max-width: 200px) 100vw, 200px\" \/><img loading=\"lazy\" decoding=\"async\" class=\"alignnone wp-image-31316\" src=\"https:\/\/www.savonspotionsetcie.com\/wp-content\/uploads\/2024\/05\/logo-2-1-300x300.png\" alt=\"a green logo with leaves around it\" width=\"200\" height=\"200\" srcset=\"https:\/\/www.savonspotionsetcie.com\/wp-content\/uploads\/2024\/05\/logo-2-1-300x300.png 300w, https:\/\/www.savonspotionsetcie.com\/wp-content\/uploads\/2024\/05\/logo-2-1-150x150.png 150w, https:\/\/www.savonspotionsetcie.com\/wp-content\/uploads\/2024\/05\/logo-2-1-12x12.png 12w, https:\/\/www.savonspotionsetcie.com\/wp-content\/uploads\/2024\/05\/logo-2-1.png 500w\" sizes=\"(max-width: 200px) 100vw, 200px\" \/><img loading=\"lazy\" decoding=\"async\" class=\"alignnone wp-image-31315\" src=\"https:\/\/www.savonspotionsetcie.com\/wp-content\/uploads\/2024\/08\/logo-handmade.png\" alt=\"two hands in the air\" width=\"198\" height=\"198\" srcset=\"https:\/\/www.savonspotionsetcie.com\/wp-content\/uploads\/2024\/08\/logo-handmade.png 500w, https:\/\/www.savonspotionsetcie.com\/wp-content\/uploads\/2024\/08\/logo-handmade-300x300.png 300w, https:\/\/www.savonspotionsetcie.com\/wp-content\/uploads\/2024\/08\/logo-handmade-150x150.png 150w, https:\/\/www.savonspotionsetcie.com\/wp-content\/uploads\/2024\/08\/logo-handmade-12x12.png 12w\" sizes=\"(max-width: 198px) 100vw, 198px\" \/><img loading=\"lazy\" decoding=\"async\" class=\"alignnone wp-image-31317\" src=\"https:\/\/www.savonspotionsetcie.com\/wp-content\/uploads\/2024\/05\/logo-3-1-300x300.png\" alt=\"a green and white globe with leaves and a arrow\" width=\"200\" height=\"200\" srcset=\"https:\/\/www.savonspotionsetcie.com\/wp-content\/uploads\/2024\/05\/logo-3-1-300x300.png 300w, https:\/\/www.savonspotionsetcie.com\/wp-content\/uploads\/2024\/05\/logo-3-1-150x150.png 150w, https:\/\/www.savonspotionsetcie.com\/wp-content\/uploads\/2024\/05\/logo-3-1-12x12.png 12w, https:\/\/www.savonspotionsetcie.com\/wp-content\/uploads\/2024\/05\/logo-3-1.png 500w\" sizes=\"(max-width: 200px) 100vw, 200px\" \/><\/p>\n<hr class=\"\" data-start=\"1720\" data-end=\"1723\" \/>\n<h3 class=\"\" data-start=\"1725\" data-end=\"1744\"><strong data-start=\"1729\" data-end=\"1744\">Composition Rosemary Mint Bath Salts<\/strong><\/h3>\n<p class=\"\" data-start=\"1746\" data-end=\"1901\"><strong data-start=\"1746\" data-end=\"1761\">Ingredients<\/strong> Rock salt, essential oils of rosemary* and peppermint*, dried thyme*.<br \/>\n* Products from organic farming<\/p>\n<p class=\"\" data-start=\"1903\" data-end=\"1987\"><strong data-start=\"1903\" data-end=\"1911\">INCI<\/strong> :<em>Sodium chloride, rosmarinus officinalis oil, \u00a0peppermint hungary organic oil.<\/em><\/p>\n<hr class=\"\" data-start=\"1989\" data-end=\"1992\" \/>\n<h3 class=\"\" data-start=\"1994\" data-end=\"2024\"><strong data-start=\"1998\" data-end=\"2024\">How to use<\/strong><\/h3>\n<p class=\"\" data-start=\"2026\" data-end=\"2402\"><strong data-start=\"2029\" data-end=\"2046\">Full bath:<\/strong> Add 2 to 3 tablespoons to warm bath water (max temperature 37\u201338\u00b0C to preserve the essential oils).<br data-start=\"2148\" data-end=\"2151\" \/><strong data-start=\"2154\" data-end=\"2183\">Foot or hand bath:<\/strong> \u00bd tablespoon in a basin of warm water.<br data-start=\"2235\" data-end=\"2238\" \/><strong data-start=\"2241\" data-end=\"2261\">Homemade scrub:<\/strong> Mix 2 tablespoons of salt with 3 tablespoons of vegetable oil (jojoba, sweet almond, sesame...) for an invigorating body scrub.<\/p>\n<h3 class=\"\" data-start=\"2409\" data-end=\"2439\"><\/h3>","protected":false},"excerpt":{"rendered":"<p><u>Revitalizing\" salt with rosemary and spearmint essential oils\u00a0<\/u>:<\/p>\n<p>You feel your body weakened by overwork, winter ailments ... The revitalizing, invigorating and anti-infectious properties of rosemary and spearmint will be a complementary help.<\/p>","protected":false},"featured_media":31910,"comment_status":"open","ping_status":"closed","template":"","meta":{"_et_pb_use_builder":"","_et_pb_old_content":"","_et_gb_content_width":""},"product_brand":[],"product_cat":[24],"product_tag":[],"class_list":{"0":"post-29868","1":"product","2":"type-product","3":"status-publish","4":"has-post-thumbnail","6":"product_cat-bain","7":"clearfix","9":"first","10":"outofstock","11":"taxable","12":"shipping-taxable","13":"purchasable","14":"product-type-simple"},"yoast_head":"<!-- This site is optimized with the Yoast SEO plugin v27.6 - https:\/\/yoast.com\/product\/yoast-seo-wordpress\/ -->\n<title>Sels de bains Romarin Menthe - Savons Potions &amp; Cie<\/title>\n<meta name=\"description\" content=\"Sels de bains Romarin Menthe, aux vertus revitalisantes et tonifiantes. Id\u00e9al contre la fatigue et les tensions hivernales. Sel Issu de salines des Pyr\u00e9n\u00e9es\" \/>\n<meta name=\"robots\" content=\"index, follow, max-snippet:-1, max-image-preview:large, max-video-preview:-1\" \/>\n<link rel=\"canonical\" href=\"https:\/\/www.savonspotionsetcie.com\/en\/product\/sels-de-bains-romarin-menthe\/\" \/>\n<meta property=\"og:locale\" content=\"en_US\" \/>\n<meta property=\"og:type\" content=\"article\" \/>\n<meta property=\"og:title\" content=\"Sels de bains Romarin Menthe - Savons Potions &amp; Cie\" \/>\n<meta property=\"og:description\" content=\"Sels de bains Romarin Menthe, aux vertus revitalisantes et tonifiantes. Id\u00e9al contre la fatigue et les tensions hivernales. Sel Issu de salines des Pyr\u00e9n\u00e9es\" \/>\n<meta property=\"og:url\" content=\"https:\/\/www.savonspotionsetcie.com\/en\/product\/sels-de-bains-romarin-menthe\/\" \/>\n<meta property=\"og:site_name\" content=\"Savons Potions &amp; Cie\" \/>\n<meta property=\"article:publisher\" content=\"https:\/\/www.facebook.com\/Maguypavan\" \/>\n<meta property=\"article:modified_time\" content=\"2026-01-02T10:14:09+00:00\" \/>\n<meta property=\"og:image\" content=\"https:\/\/www.savonspotionsetcie.com\/wp-content\/uploads\/2025\/08\/DSC03197-scaled.jpg\" \/>\n\t<meta property=\"og:image:width\" content=\"2560\" \/>\n\t<meta property=\"og:image:height\" content=\"1701\" \/>\n\t<meta property=\"og:image:type\" content=\"image\/jpeg\" \/>\n<meta name=\"twitter:card\" content=\"summary_large_image\" \/>\n<meta name=\"twitter:label1\" content=\"Est. reading time\" \/>\n\t<meta name=\"twitter:data1\" content=\"3 minutes\" \/>\n<script type=\"application\/ld+json\" class=\"yoast-schema-graph\">{\"@context\":\"https:\\\/\\\/schema.org\",\"@graph\":[{\"@type\":\"WebPage\",\"@id\":\"https:\\\/\\\/www.savonspotionsetcie.com\\\/produit\\\/sels-de-bains-romarin-menthe\\\/\",\"url\":\"https:\\\/\\\/www.savonspotionsetcie.com\\\/produit\\\/sels-de-bains-romarin-menthe\\\/\",\"name\":\"Sels de bains Romarin Menthe - Savons Potions &amp; Cie\",\"isPartOf\":{\"@id\":\"https:\\\/\\\/www.savonspotionsetcie.com\\\/en\\\/#website\"},\"primaryImageOfPage\":{\"@id\":\"https:\\\/\\\/www.savonspotionsetcie.com\\\/produit\\\/sels-de-bains-romarin-menthe\\\/#primaryimage\"},\"image\":{\"@id\":\"https:\\\/\\\/www.savonspotionsetcie.com\\\/produit\\\/sels-de-bains-romarin-menthe\\\/#primaryimage\"},\"thumbnailUrl\":\"https:\\\/\\\/www.savonspotionsetcie.com\\\/wp-content\\\/uploads\\\/2025\\\/08\\\/DSC03197-scaled.jpg\",\"datePublished\":\"2021-03-30T12:24:01+00:00\",\"dateModified\":\"2026-01-02T10:14:09+00:00\",\"description\":\"Sels de bains Romarin Menthe, aux vertus revitalisantes et tonifiantes. Id\u00e9al contre la fatigue et les tensions hivernales. Sel Issu de salines des Pyr\u00e9n\u00e9es\",\"breadcrumb\":{\"@id\":\"https:\\\/\\\/www.savonspotionsetcie.com\\\/produit\\\/sels-de-bains-romarin-menthe\\\/#breadcrumb\"},\"inLanguage\":\"en-US\",\"potentialAction\":[{\"@type\":\"ReadAction\",\"target\":[\"https:\\\/\\\/www.savonspotionsetcie.com\\\/produit\\\/sels-de-bains-romarin-menthe\\\/\"]}]},{\"@type\":\"ImageObject\",\"inLanguage\":\"en-US\",\"@id\":\"https:\\\/\\\/www.savonspotionsetcie.com\\\/produit\\\/sels-de-bains-romarin-menthe\\\/#primaryimage\",\"url\":\"https:\\\/\\\/www.savonspotionsetcie.com\\\/wp-content\\\/uploads\\\/2025\\\/08\\\/DSC03197-scaled.jpg\",\"contentUrl\":\"https:\\\/\\\/www.savonspotionsetcie.com\\\/wp-content\\\/uploads\\\/2025\\\/08\\\/DSC03197-scaled.jpg\",\"width\":2560,\"height\":1701,\"caption\":\"SONY DSC\"},{\"@type\":\"BreadcrumbList\",\"@id\":\"https:\\\/\\\/www.savonspotionsetcie.com\\\/produit\\\/sels-de-bains-romarin-menthe\\\/#breadcrumb\",\"itemListElement\":[{\"@type\":\"ListItem\",\"position\":1,\"name\":\"Accueil\",\"item\":\"https:\\\/\\\/www.savonspotionsetcie.com\\\/\"},{\"@type\":\"ListItem\",\"position\":2,\"name\":\"Products\",\"item\":\"https:\\\/\\\/www.savonspotionsetcie.com\\\/en\\\/boutique__trashed\\\/\"},{\"@type\":\"ListItem\",\"position\":3,\"name\":\"Sels de bains Romarin Menthe\"}]},{\"@type\":\"WebSite\",\"@id\":\"https:\\\/\\\/www.savonspotionsetcie.com\\\/en\\\/#website\",\"url\":\"https:\\\/\\\/www.savonspotionsetcie.com\\\/en\\\/\",\"name\":\"Savons Potions & Cie\",\"description\":\"Cr\u00e9atrice de savons et cosm\u00e9tiques naturels vegan\",\"publisher\":{\"@id\":\"https:\\\/\\\/www.savonspotionsetcie.com\\\/en\\\/#organization\"},\"potentialAction\":[{\"@type\":\"SearchAction\",\"target\":{\"@type\":\"EntryPoint\",\"urlTemplate\":\"https:\\\/\\\/www.savonspotionsetcie.com\\\/en\\\/?s={search_term_string}\"},\"query-input\":{\"@type\":\"PropertyValueSpecification\",\"valueRequired\":true,\"valueName\":\"search_term_string\"}}],\"inLanguage\":\"en-US\"},{\"@type\":\"Organization\",\"@id\":\"https:\\\/\\\/www.savonspotionsetcie.com\\\/en\\\/#organization\",\"name\":\"Savons Potions & Cie\",\"url\":\"https:\\\/\\\/www.savonspotionsetcie.com\\\/en\\\/\",\"logo\":{\"@type\":\"ImageObject\",\"inLanguage\":\"en-US\",\"@id\":\"https:\\\/\\\/www.savonspotionsetcie.com\\\/en\\\/#\\\/schema\\\/logo\\\/image\\\/\",\"url\":\"https:\\\/\\\/www.savonspotionsetcie.com\\\/wp-content\\\/uploads\\\/2023\\\/11\\\/Logo-depot-1.jpg\",\"contentUrl\":\"https:\\\/\\\/www.savonspotionsetcie.com\\\/wp-content\\\/uploads\\\/2023\\\/11\\\/Logo-depot-1.jpg\",\"width\":1492,\"height\":1492,\"caption\":\"Savons Potions & Cie\"},\"image\":{\"@id\":\"https:\\\/\\\/www.savonspotionsetcie.com\\\/en\\\/#\\\/schema\\\/logo\\\/image\\\/\"},\"sameAs\":[\"https:\\\/\\\/www.facebook.com\\\/Maguypavan\",\"https:\\\/\\\/www.instagram.com\\\/savonspotionsetcie\\\/\",\"https:\\\/\\\/www.tiktok.com\\\/@savonspotionsetcie\"]}]}<\/script>\n<!-- \/ Yoast SEO plugin. -->","yoast_head_json":{"title":"Sels de bains Romarin Menthe - Savons Potions &amp; Cie","description":"Sels de bains Romarin Menthe, aux vertus revitalisantes et tonifiantes. Id\u00e9al contre la fatigue et les tensions hivernales. Sel Issu de salines des Pyr\u00e9n\u00e9es","robots":{"index":"index","follow":"follow","max-snippet":"max-snippet:-1","max-image-preview":"max-image-preview:large","max-video-preview":"max-video-preview:-1"},"canonical":"https:\/\/www.savonspotionsetcie.com\/en\/product\/sels-de-bains-romarin-menthe\/","og_locale":"en_US","og_type":"article","og_title":"Sels de bains Romarin Menthe - Savons Potions &amp; Cie","og_description":"Sels de bains Romarin Menthe, aux vertus revitalisantes et tonifiantes. Id\u00e9al contre la fatigue et les tensions hivernales. Sel Issu de salines des Pyr\u00e9n\u00e9es","og_url":"https:\/\/www.savonspotionsetcie.com\/en\/product\/sels-de-bains-romarin-menthe\/","og_site_name":"Savons Potions &amp; Cie","article_publisher":"https:\/\/www.facebook.com\/Maguypavan","article_modified_time":"2026-01-02T10:14:09+00:00","og_image":[{"width":2560,"height":1701,"url":"https:\/\/www.savonspotionsetcie.com\/wp-content\/uploads\/2025\/08\/DSC03197-scaled.jpg","type":"image\/jpeg"}],"twitter_card":"summary_large_image","twitter_misc":{"Est. reading time":"3 minutes"},"schema":{"@context":"https:\/\/schema.org","@graph":[{"@type":"WebPage","@id":"https:\/\/www.savonspotionsetcie.com\/produit\/sels-de-bains-romarin-menthe\/","url":"https:\/\/www.savonspotionsetcie.com\/produit\/sels-de-bains-romarin-menthe\/","name":"Sels de bains Romarin Menthe - Savons Potions &amp; Cie","isPartOf":{"@id":"https:\/\/www.savonspotionsetcie.com\/en\/#website"},"primaryImageOfPage":{"@id":"https:\/\/www.savonspotionsetcie.com\/produit\/sels-de-bains-romarin-menthe\/#primaryimage"},"image":{"@id":"https:\/\/www.savonspotionsetcie.com\/produit\/sels-de-bains-romarin-menthe\/#primaryimage"},"thumbnailUrl":"https:\/\/www.savonspotionsetcie.com\/wp-content\/uploads\/2025\/08\/DSC03197-scaled.jpg","datePublished":"2021-03-30T12:24:01+00:00","dateModified":"2026-01-02T10:14:09+00:00","description":"Sels de bains Romarin Menthe, aux vertus revitalisantes et tonifiantes. Id\u00e9al contre la fatigue et les tensions hivernales. Sel Issu de salines des Pyr\u00e9n\u00e9es","breadcrumb":{"@id":"https:\/\/www.savonspotionsetcie.com\/produit\/sels-de-bains-romarin-menthe\/#breadcrumb"},"inLanguage":"en-US","potentialAction":[{"@type":"ReadAction","target":["https:\/\/www.savonspotionsetcie.com\/produit\/sels-de-bains-romarin-menthe\/"]}]},{"@type":"ImageObject","inLanguage":"en-US","@id":"https:\/\/www.savonspotionsetcie.com\/produit\/sels-de-bains-romarin-menthe\/#primaryimage","url":"https:\/\/www.savonspotionsetcie.com\/wp-content\/uploads\/2025\/08\/DSC03197-scaled.jpg","contentUrl":"https:\/\/www.savonspotionsetcie.com\/wp-content\/uploads\/2025\/08\/DSC03197-scaled.jpg","width":2560,"height":1701,"caption":"SONY DSC"},{"@type":"BreadcrumbList","@id":"https:\/\/www.savonspotionsetcie.com\/produit\/sels-de-bains-romarin-menthe\/#breadcrumb","itemListElement":[{"@type":"ListItem","position":1,"name":"Accueil","item":"https:\/\/www.savonspotionsetcie.com\/"},{"@type":"ListItem","position":2,"name":"Products","item":"https:\/\/www.savonspotionsetcie.com\/en\/boutique__trashed\/"},{"@type":"ListItem","position":3,"name":"Sels de bains Romarin Menthe"}]},{"@type":"WebSite","@id":"https:\/\/www.savonspotionsetcie.com\/en\/#website","url":"https:\/\/www.savonspotionsetcie.com\/en\/","name":"Savons Potions & Cie","description":"Cr\u00e9atrice de savons et cosm\u00e9tiques naturels vegan","publisher":{"@id":"https:\/\/www.savonspotionsetcie.com\/en\/#organization"},"potentialAction":[{"@type":"SearchAction","target":{"@type":"EntryPoint","urlTemplate":"https:\/\/www.savonspotionsetcie.com\/en\/?s={search_term_string}"},"query-input":{"@type":"PropertyValueSpecification","valueRequired":true,"valueName":"search_term_string"}}],"inLanguage":"en-US"},{"@type":"Organization","@id":"https:\/\/www.savonspotionsetcie.com\/en\/#organization","name":"Savons Potions & Cie","url":"https:\/\/www.savonspotionsetcie.com\/en\/","logo":{"@type":"ImageObject","inLanguage":"en-US","@id":"https:\/\/www.savonspotionsetcie.com\/en\/#\/schema\/logo\/image\/","url":"https:\/\/www.savonspotionsetcie.com\/wp-content\/uploads\/2023\/11\/Logo-depot-1.jpg","contentUrl":"https:\/\/www.savonspotionsetcie.com\/wp-content\/uploads\/2023\/11\/Logo-depot-1.jpg","width":1492,"height":1492,"caption":"Savons Potions & Cie"},"image":{"@id":"https:\/\/www.savonspotionsetcie.com\/en\/#\/schema\/logo\/image\/"},"sameAs":["https:\/\/www.facebook.com\/Maguypavan","https:\/\/www.instagram.com\/savonspotionsetcie\/","https:\/\/www.tiktok.com\/@savonspotionsetcie"]}]}},"_links":{"self":[{"href":"https:\/\/www.savonspotionsetcie.com\/en\/wp-json\/wp\/v2\/product\/29868","targetHints":{"allow":["GET"]}}],"collection":[{"href":"https:\/\/www.savonspotionsetcie.com\/en\/wp-json\/wp\/v2\/product"}],"about":[{"href":"https:\/\/www.savonspotionsetcie.com\/en\/wp-json\/wp\/v2\/types\/product"}],"replies":[{"embeddable":true,"href":"https:\/\/www.savonspotionsetcie.com\/en\/wp-json\/wp\/v2\/comments?post=29868"}],"wp:featuredmedia":[{"embeddable":true,"href":"https:\/\/www.savonspotionsetcie.com\/en\/wp-json\/wp\/v2\/media\/31910"}],"wp:attachment":[{"href":"https:\/\/www.savonspotionsetcie.com\/en\/wp-json\/wp\/v2\/media?parent=29868"}],"wp:term":[{"taxonomy":"product_brand","embeddable":true,"href":"https:\/\/www.savonspotionsetcie.com\/en\/wp-json\/wp\/v2\/product_brand?post=29868"},{"taxonomy":"product_cat","embeddable":true,"href":"https:\/\/www.savonspotionsetcie.com\/en\/wp-json\/wp\/v2\/product_cat?post=29868"},{"taxonomy":"product_tag","embeddable":true,"href":"https:\/\/www.savonspotionsetcie.com\/en\/wp-json\/wp\/v2\/product_tag?post=29868"}],"curies":[{"name":"wp","href":"https:\/\/api.w.org\/{rel}","templated":true}]}}