{"id":29866,"date":"2021-03-30T14:23:59","date_gmt":"2021-03-30T12:23:59","guid":{"rendered":"https:\/\/demo-site.savonspotionsetcie.com\/?post_type=product&#038;p=29866"},"modified":"2026-02-04T14:34:10","modified_gmt":"2026-02-04T13:34:10","slug":"savon-colza-romarin","status":"publish","type":"product","link":"https:\/\/www.savonspotionsetcie.com\/en\/product\/savon-colza-romarin\/","title":{"rendered":"Rosemary Rape Soap"},"content":{"rendered":"<p class=\"\" data-start=\"490\" data-end=\"696\">Le savon Colza Romarin :<\/p>\n<p class=\"\" data-start=\"490\" data-end=\"696\">\u2714\ufe0f Nettoie, purifie et tonifie les peaux mixtes \u00e0 grasses<br data-start=\"547\" data-end=\"550\" \/>\u2714\ufe0f Parfum naturel de romarin et de citronnelle<br data-start=\"596\" data-end=\"599\" \/>\u2714\ufe0f Formul\u00e9 avec des huiles v\u00e9g\u00e9tales bio<br data-start=\"639\" data-end=\"642\" \/>\u2714\ufe0f Fabriqu\u00e9 artisanalement avec saponification \u00e0 froid<\/p>\n<hr class=\"\" data-start=\"698\" data-end=\"701\" \/>\n<h3 class=\"\" data-start=\"703\" data-end=\"748\">Pourquoi adopter le Savon Colza Romarin ?<\/h3>\n<h4 data-start=\"750\" data-end=\"792\">Un savon purifiant au parfum vivifiant<\/h4>\n<p class=\"\" data-start=\"794\" data-end=\"1097\">Ce savon est enrichi en argile blanche, r\u00e9put\u00e9e pour ses propri\u00e9t\u00e9s r\u00e9paratrices et apaisantes, et en huiles essentielles de romarin et de citronnelle bio. Il est id\u00e9al pour les peaux mixtes \u00e0 grasses, sujettes aux imperfections, ou simplement pour une sensation de fra\u00eecheur revigorante sous la douche.<\/p>\n<hr class=\"\" data-start=\"1099\" data-end=\"1102\" \/>\n<h4 data-start=\"1104\" data-end=\"1136\">Lovingly handcrafted<\/h4>\n<p class=\"\" data-start=\"1138\" data-end=\"1395\">Chaque savon est fabriqu\u00e9 dans mon atelier des Pyr\u00e9n\u00e9es selon un proc\u00e9d\u00e9 artisanal : il est moul\u00e9, d\u00e9coup\u00e9 et emball\u00e9 \u00e0 la main avec amour. Ce savoir-faire local permet d\u2019offrir un produit authentique et de qualit\u00e9, tout en soutenant une production \u00e9thique.<\/p>\n<hr class=\"\" data-start=\"1397\" data-end=\"1400\" \/>\n<h4 data-start=\"1402\" data-end=\"1445\">Une formulation \u00e9thique et respectueuse<\/h4>\n<p class=\"\" data-start=\"1447\" data-end=\"1687\">100 % biod\u00e9gradable, vegan, sans conservateur. Tous les ingr\u00e9dients sont d\u2019origine naturelle, majoritairement issus de l\u2019agriculture biologique. L\u2019emballage est recyclable et compostable. Un geste doux pour votre peau comme pour la plan\u00e8te.<\/p>\n<hr class=\"\" data-start=\"1689\" data-end=\"1692\" \/>\n<h4 data-start=\"1694\" data-end=\"1746\">Saponification \u00e0 froid : douceur &amp; efficacit\u00e9<\/h4>\n<p class=\"\" data-start=\"1748\" data-end=\"1975\">Gr\u00e2ce \u00e0 la saponification \u00e0 froid, les huiles conservent toutes leurs propri\u00e9t\u00e9s nourrissantes, et la glyc\u00e9rine naturellement produite hydrate la peau en profondeur. Un proc\u00e9d\u00e9 artisanal qui pr\u00e9serve la qualit\u00e9 des ingr\u00e9dients.<\/p>\n<hr class=\"\" data-start=\"1977\" data-end=\"1980\" \/>\n<h2>My commitments<\/h2>\n<p class=\"\" data-start=\"2006\" data-end=\"2125\"><img loading=\"lazy\" decoding=\"async\" class=\"alignnone wp-image-31313\" src=\"https:\/\/www.savonspotionsetcie.com\/wp-content\/uploads\/2024\/08\/logo-MADE-IN-FRANCE.png\" alt=\"a flag in a circle with hearts\" width=\"199\" height=\"199\" srcset=\"https:\/\/www.savonspotionsetcie.com\/wp-content\/uploads\/2024\/08\/logo-MADE-IN-FRANCE.png 500w, https:\/\/www.savonspotionsetcie.com\/wp-content\/uploads\/2024\/08\/logo-MADE-IN-FRANCE-300x300.png 300w, https:\/\/www.savonspotionsetcie.com\/wp-content\/uploads\/2024\/08\/logo-MADE-IN-FRANCE-150x150.png 150w, https:\/\/www.savonspotionsetcie.com\/wp-content\/uploads\/2024\/08\/logo-MADE-IN-FRANCE-12x12.png 12w\" sizes=\"(max-width: 199px) 100vw, 199px\" \/><img loading=\"lazy\" decoding=\"async\" class=\"alignnone wp-image-31316\" src=\"https:\/\/www.savonspotionsetcie.com\/wp-content\/uploads\/2024\/05\/logo-2-1-300x300.png\" alt=\"a green logo with leaves around it\" width=\"201\" height=\"201\" srcset=\"https:\/\/www.savonspotionsetcie.com\/wp-content\/uploads\/2024\/05\/logo-2-1-300x300.png 300w, https:\/\/www.savonspotionsetcie.com\/wp-content\/uploads\/2024\/05\/logo-2-1-150x150.png 150w, https:\/\/www.savonspotionsetcie.com\/wp-content\/uploads\/2024\/05\/logo-2-1-12x12.png 12w, https:\/\/www.savonspotionsetcie.com\/wp-content\/uploads\/2024\/05\/logo-2-1.png 500w\" sizes=\"(max-width: 201px) 100vw, 201px\" \/><img loading=\"lazy\" decoding=\"async\" class=\"alignnone wp-image-31315\" src=\"https:\/\/www.savonspotionsetcie.com\/wp-content\/uploads\/2024\/08\/logo-handmade.png\" alt=\"two hands in the air\" width=\"200\" height=\"200\" srcset=\"https:\/\/www.savonspotionsetcie.com\/wp-content\/uploads\/2024\/08\/logo-handmade.png 500w, https:\/\/www.savonspotionsetcie.com\/wp-content\/uploads\/2024\/08\/logo-handmade-300x300.png 300w, https:\/\/www.savonspotionsetcie.com\/wp-content\/uploads\/2024\/08\/logo-handmade-150x150.png 150w, https:\/\/www.savonspotionsetcie.com\/wp-content\/uploads\/2024\/08\/logo-handmade-12x12.png 12w\" sizes=\"(max-width: 200px) 100vw, 200px\" \/><img loading=\"lazy\" decoding=\"async\" class=\"alignnone wp-image-31317\" src=\"https:\/\/www.savonspotionsetcie.com\/wp-content\/uploads\/2024\/05\/logo-3-1-300x300.png\" alt=\"a green and white globe with leaves and a arrow\" width=\"200\" height=\"200\" srcset=\"https:\/\/www.savonspotionsetcie.com\/wp-content\/uploads\/2024\/05\/logo-3-1-300x300.png 300w, https:\/\/www.savonspotionsetcie.com\/wp-content\/uploads\/2024\/05\/logo-3-1-150x150.png 150w, https:\/\/www.savonspotionsetcie.com\/wp-content\/uploads\/2024\/05\/logo-3-1-12x12.png 12w, https:\/\/www.savonspotionsetcie.com\/wp-content\/uploads\/2024\/05\/logo-3-1.png 500w\" sizes=\"(max-width: 200px) 100vw, 200px\" \/><\/p>\n<hr class=\"\" data-start=\"2127\" data-end=\"2130\" \/>\n<h2 class=\"\" data-start=\"2132\" data-end=\"2172\">Composition du savon Colza Romarin<\/h2>\n<p class=\"\" data-start=\"2174\" data-end=\"2365\"><strong data-start=\"2174\" data-end=\"2189\">Ingredients<\/strong> : huiles saponifi\u00e9es (huile de coco*, huile d\u2019olive*, huile de colza*, beurre de karit\u00e9*, huile de ricin*), huiles essentielles de citronnelle* et de romarin*, argile blanche.<\/p>\n<p class=\"\" data-start=\"2367\" data-end=\"2416\">*Ingredients from organic farming.<\/p>\n<p class=\"\" data-start=\"2418\" data-end=\"2611\"><strong data-start=\"2418\" data-end=\"2426\">INCI<\/strong> : <em data-start=\"2429\" data-end=\"2514\">Sodium cocoate, Sodium olivate, Sodium rapeseedate, Sodium shea butterate, Glycerin<\/em>*, Sodium castorate, Aqua, Rosmarinus officinalis oil, Cymbopogon flexuosus oil, Kaolin, Citral.*<\/p>\n<p class=\"\" data-start=\"2613\" data-end=\"2663\">** Cr\u00e9\u00e9e naturellement lors de la saponification.<\/p>\n<hr class=\"\" data-start=\"2665\" data-end=\"2668\" \/>\n<h2 class=\"\" data-start=\"2670\" data-end=\"2698\">Conseils d\u2019utilisation du savon colza romarin<\/h2>\n<p class=\"\" data-start=\"2700\" data-end=\"3046\">1\ufe0f\u20e3 Mouillez votre peau \u00e0 l\u2019eau ti\u00e8de.<br data-start=\"2738\" data-end=\"2741\" \/>2\ufe0f\u20e3 Frottez doucement le savon entre vos mains ou sur un gant.<br data-start=\"2803\" data-end=\"2806\" \/>3\ufe0f\u20e3 Appliquez la mousse sur votre peau en massant d\u00e9licatement.<br data-start=\"2869\" data-end=\"2872\" \/>4\ufe0f\u20e3 Rinse thoroughly with clean water.<br data-start=\"2910\" data-end=\"2913\" \/>5\ufe0f\u20e3 S\u00e9chez votre peau en tapotant avec une serviette propre.<br data-start=\"2973\" data-end=\"2976\" \/>6\ufe0f\u20e3 Let the soap air dry on a draining soap dish.<\/p>\n<p class=\"\" data-start=\"3048\" data-end=\"3162\">\ud83d\udca1 <em data-start=\"3051\" data-end=\"3059\">Tip<\/em> : id\u00e9al le matin pour r\u00e9veiller la peau et les sens gr\u00e2ce au parfum tonique de citronnelle et romarin.<\/p>","protected":false},"excerpt":{"rendered":"<p>This soap, soft and moisturizing, has a fresh smell of rosemary and lemongrass. Its composition combines the purifying and repairing qualities of white clay and the anti-infectious properties of rosemary.<\/p>","protected":false},"featured_media":30262,"comment_status":"open","ping_status":"closed","template":"","meta":{"_et_pb_use_builder":"","_et_pb_old_content":"","_et_gb_content_width":""},"product_brand":[],"product_cat":[32,33,22],"product_tag":[],"class_list":{"0":"post-29866","1":"product","2":"type-product","3":"status-publish","4":"has-post-thumbnail","6":"product_cat-avec-huiles-essentielles","7":"product_cat-hydratant","8":"product_cat-savons","9":"clearfix","11":"first","12":"instock","13":"taxable","14":"shipping-taxable","15":"purchasable","16":"product-type-simple"},"yoast_head":"<!-- This site is optimized with the Yoast SEO plugin v27.5 - https:\/\/yoast.com\/product\/yoast-seo-wordpress\/ -->\n<title>Savon Colza Romarin - Savons Potions &amp; Cie<\/title>\n<meta name=\"description\" content=\"Savon Colza Romarin saponifi\u00e9 \u00e0 froid, au parfum frais de citronnelle et romarin. Nettoie, purifie et hydrate les peaux mixtes \u00e0 grasses.\" \/>\n<meta name=\"robots\" content=\"index, follow, max-snippet:-1, max-image-preview:large, max-video-preview:-1\" \/>\n<link rel=\"canonical\" href=\"https:\/\/www.savonspotionsetcie.com\/en\/product\/savon-colza-romarin\/\" \/>\n<meta property=\"og:locale\" content=\"en_US\" \/>\n<meta property=\"og:type\" content=\"article\" \/>\n<meta property=\"og:title\" content=\"Savon Colza Romarin - Savons Potions &amp; Cie\" \/>\n<meta property=\"og:description\" content=\"Savon Colza Romarin saponifi\u00e9 \u00e0 froid, au parfum frais de citronnelle et romarin. Nettoie, purifie et hydrate les peaux mixtes \u00e0 grasses.\" \/>\n<meta property=\"og:url\" content=\"https:\/\/www.savonspotionsetcie.com\/en\/product\/savon-colza-romarin\/\" \/>\n<meta property=\"og:site_name\" content=\"Savons Potions &amp; Cie\" \/>\n<meta property=\"article:publisher\" content=\"https:\/\/www.facebook.com\/Maguypavan\" \/>\n<meta property=\"article:modified_time\" content=\"2026-02-04T13:34:10+00:00\" \/>\n<meta property=\"og:image\" content=\"https:\/\/www.savonspotionsetcie.com\/wp-content\/uploads\/2023\/07\/DSC02590.jpg\" \/>\n\t<meta property=\"og:image:width\" content=\"2456\" \/>\n\t<meta property=\"og:image:height\" content=\"1632\" \/>\n\t<meta property=\"og:image:type\" content=\"image\/jpeg\" \/>\n<meta name=\"twitter:card\" content=\"summary_large_image\" \/>\n<meta name=\"twitter:label1\" content=\"Est. reading time\" \/>\n\t<meta name=\"twitter:data1\" content=\"3 minutes\" \/>\n<script type=\"application\/ld+json\" class=\"yoast-schema-graph\">{\"@context\":\"https:\\\/\\\/schema.org\",\"@graph\":[{\"@type\":\"WebPage\",\"@id\":\"https:\\\/\\\/www.savonspotionsetcie.com\\\/produit\\\/savon-colza-romarin\\\/\",\"url\":\"https:\\\/\\\/www.savonspotionsetcie.com\\\/produit\\\/savon-colza-romarin\\\/\",\"name\":\"Savon Colza Romarin - Savons Potions &amp; Cie\",\"isPartOf\":{\"@id\":\"https:\\\/\\\/www.savonspotionsetcie.com\\\/en\\\/#website\"},\"primaryImageOfPage\":{\"@id\":\"https:\\\/\\\/www.savonspotionsetcie.com\\\/produit\\\/savon-colza-romarin\\\/#primaryimage\"},\"image\":{\"@id\":\"https:\\\/\\\/www.savonspotionsetcie.com\\\/produit\\\/savon-colza-romarin\\\/#primaryimage\"},\"thumbnailUrl\":\"https:\\\/\\\/www.savonspotionsetcie.com\\\/wp-content\\\/uploads\\\/2023\\\/07\\\/DSC02590.jpg\",\"datePublished\":\"2021-03-30T12:23:59+00:00\",\"dateModified\":\"2026-02-04T13:34:10+00:00\",\"description\":\"Savon Colza Romarin saponifi\u00e9 \u00e0 froid, au parfum frais de citronnelle et romarin. Nettoie, purifie et hydrate les peaux mixtes \u00e0 grasses.\",\"breadcrumb\":{\"@id\":\"https:\\\/\\\/www.savonspotionsetcie.com\\\/produit\\\/savon-colza-romarin\\\/#breadcrumb\"},\"inLanguage\":\"en-US\",\"potentialAction\":[{\"@type\":\"ReadAction\",\"target\":[\"https:\\\/\\\/www.savonspotionsetcie.com\\\/produit\\\/savon-colza-romarin\\\/\"]}]},{\"@type\":\"ImageObject\",\"inLanguage\":\"en-US\",\"@id\":\"https:\\\/\\\/www.savonspotionsetcie.com\\\/produit\\\/savon-colza-romarin\\\/#primaryimage\",\"url\":\"https:\\\/\\\/www.savonspotionsetcie.com\\\/wp-content\\\/uploads\\\/2023\\\/07\\\/DSC02590.jpg\",\"contentUrl\":\"https:\\\/\\\/www.savonspotionsetcie.com\\\/wp-content\\\/uploads\\\/2023\\\/07\\\/DSC02590.jpg\",\"width\":2456,\"height\":1632},{\"@type\":\"BreadcrumbList\",\"@id\":\"https:\\\/\\\/www.savonspotionsetcie.com\\\/produit\\\/savon-colza-romarin\\\/#breadcrumb\",\"itemListElement\":[{\"@type\":\"ListItem\",\"position\":1,\"name\":\"Accueil\",\"item\":\"https:\\\/\\\/www.savonspotionsetcie.com\\\/\"},{\"@type\":\"ListItem\",\"position\":2,\"name\":\"Products\",\"item\":\"https:\\\/\\\/www.savonspotionsetcie.com\\\/en\\\/boutique__trashed\\\/\"},{\"@type\":\"ListItem\",\"position\":3,\"name\":\"Savon Colza Romarin\"}]},{\"@type\":\"WebSite\",\"@id\":\"https:\\\/\\\/www.savonspotionsetcie.com\\\/en\\\/#website\",\"url\":\"https:\\\/\\\/www.savonspotionsetcie.com\\\/en\\\/\",\"name\":\"Savons Potions & Cie\",\"description\":\"Cr\u00e9atrice de savons et cosm\u00e9tiques naturels vegan\",\"publisher\":{\"@id\":\"https:\\\/\\\/www.savonspotionsetcie.com\\\/en\\\/#organization\"},\"potentialAction\":[{\"@type\":\"SearchAction\",\"target\":{\"@type\":\"EntryPoint\",\"urlTemplate\":\"https:\\\/\\\/www.savonspotionsetcie.com\\\/en\\\/?s={search_term_string}\"},\"query-input\":{\"@type\":\"PropertyValueSpecification\",\"valueRequired\":true,\"valueName\":\"search_term_string\"}}],\"inLanguage\":\"en-US\"},{\"@type\":\"Organization\",\"@id\":\"https:\\\/\\\/www.savonspotionsetcie.com\\\/en\\\/#organization\",\"name\":\"Savons Potions & Cie\",\"url\":\"https:\\\/\\\/www.savonspotionsetcie.com\\\/en\\\/\",\"logo\":{\"@type\":\"ImageObject\",\"inLanguage\":\"en-US\",\"@id\":\"https:\\\/\\\/www.savonspotionsetcie.com\\\/en\\\/#\\\/schema\\\/logo\\\/image\\\/\",\"url\":\"https:\\\/\\\/www.savonspotionsetcie.com\\\/wp-content\\\/uploads\\\/2023\\\/11\\\/Logo-depot-1.jpg\",\"contentUrl\":\"https:\\\/\\\/www.savonspotionsetcie.com\\\/wp-content\\\/uploads\\\/2023\\\/11\\\/Logo-depot-1.jpg\",\"width\":1492,\"height\":1492,\"caption\":\"Savons Potions & Cie\"},\"image\":{\"@id\":\"https:\\\/\\\/www.savonspotionsetcie.com\\\/en\\\/#\\\/schema\\\/logo\\\/image\\\/\"},\"sameAs\":[\"https:\\\/\\\/www.facebook.com\\\/Maguypavan\",\"https:\\\/\\\/www.instagram.com\\\/savonspotionsetcie\\\/\",\"https:\\\/\\\/www.tiktok.com\\\/@savonspotionsetcie\"]}]}<\/script>\n<!-- \/ Yoast SEO plugin. -->","yoast_head_json":{"title":"Savon Colza Romarin - Savons Potions &amp; Cie","description":"Savon Colza Romarin saponifi\u00e9 \u00e0 froid, au parfum frais de citronnelle et romarin. Nettoie, purifie et hydrate les peaux mixtes \u00e0 grasses.","robots":{"index":"index","follow":"follow","max-snippet":"max-snippet:-1","max-image-preview":"max-image-preview:large","max-video-preview":"max-video-preview:-1"},"canonical":"https:\/\/www.savonspotionsetcie.com\/en\/product\/savon-colza-romarin\/","og_locale":"en_US","og_type":"article","og_title":"Savon Colza Romarin - Savons Potions &amp; Cie","og_description":"Savon Colza Romarin saponifi\u00e9 \u00e0 froid, au parfum frais de citronnelle et romarin. Nettoie, purifie et hydrate les peaux mixtes \u00e0 grasses.","og_url":"https:\/\/www.savonspotionsetcie.com\/en\/product\/savon-colza-romarin\/","og_site_name":"Savons Potions &amp; Cie","article_publisher":"https:\/\/www.facebook.com\/Maguypavan","article_modified_time":"2026-02-04T13:34:10+00:00","og_image":[{"width":2456,"height":1632,"url":"https:\/\/www.savonspotionsetcie.com\/wp-content\/uploads\/2023\/07\/DSC02590.jpg","type":"image\/jpeg"}],"twitter_card":"summary_large_image","twitter_misc":{"Est. reading time":"3 minutes"},"schema":{"@context":"https:\/\/schema.org","@graph":[{"@type":"WebPage","@id":"https:\/\/www.savonspotionsetcie.com\/produit\/savon-colza-romarin\/","url":"https:\/\/www.savonspotionsetcie.com\/produit\/savon-colza-romarin\/","name":"Savon Colza Romarin - Savons Potions &amp; Cie","isPartOf":{"@id":"https:\/\/www.savonspotionsetcie.com\/en\/#website"},"primaryImageOfPage":{"@id":"https:\/\/www.savonspotionsetcie.com\/produit\/savon-colza-romarin\/#primaryimage"},"image":{"@id":"https:\/\/www.savonspotionsetcie.com\/produit\/savon-colza-romarin\/#primaryimage"},"thumbnailUrl":"https:\/\/www.savonspotionsetcie.com\/wp-content\/uploads\/2023\/07\/DSC02590.jpg","datePublished":"2021-03-30T12:23:59+00:00","dateModified":"2026-02-04T13:34:10+00:00","description":"Savon Colza Romarin saponifi\u00e9 \u00e0 froid, au parfum frais de citronnelle et romarin. Nettoie, purifie et hydrate les peaux mixtes \u00e0 grasses.","breadcrumb":{"@id":"https:\/\/www.savonspotionsetcie.com\/produit\/savon-colza-romarin\/#breadcrumb"},"inLanguage":"en-US","potentialAction":[{"@type":"ReadAction","target":["https:\/\/www.savonspotionsetcie.com\/produit\/savon-colza-romarin\/"]}]},{"@type":"ImageObject","inLanguage":"en-US","@id":"https:\/\/www.savonspotionsetcie.com\/produit\/savon-colza-romarin\/#primaryimage","url":"https:\/\/www.savonspotionsetcie.com\/wp-content\/uploads\/2023\/07\/DSC02590.jpg","contentUrl":"https:\/\/www.savonspotionsetcie.com\/wp-content\/uploads\/2023\/07\/DSC02590.jpg","width":2456,"height":1632},{"@type":"BreadcrumbList","@id":"https:\/\/www.savonspotionsetcie.com\/produit\/savon-colza-romarin\/#breadcrumb","itemListElement":[{"@type":"ListItem","position":1,"name":"Accueil","item":"https:\/\/www.savonspotionsetcie.com\/"},{"@type":"ListItem","position":2,"name":"Products","item":"https:\/\/www.savonspotionsetcie.com\/en\/boutique__trashed\/"},{"@type":"ListItem","position":3,"name":"Savon Colza Romarin"}]},{"@type":"WebSite","@id":"https:\/\/www.savonspotionsetcie.com\/en\/#website","url":"https:\/\/www.savonspotionsetcie.com\/en\/","name":"Savons Potions & Cie","description":"Cr\u00e9atrice de savons et cosm\u00e9tiques naturels vegan","publisher":{"@id":"https:\/\/www.savonspotionsetcie.com\/en\/#organization"},"potentialAction":[{"@type":"SearchAction","target":{"@type":"EntryPoint","urlTemplate":"https:\/\/www.savonspotionsetcie.com\/en\/?s={search_term_string}"},"query-input":{"@type":"PropertyValueSpecification","valueRequired":true,"valueName":"search_term_string"}}],"inLanguage":"en-US"},{"@type":"Organization","@id":"https:\/\/www.savonspotionsetcie.com\/en\/#organization","name":"Savons Potions & Cie","url":"https:\/\/www.savonspotionsetcie.com\/en\/","logo":{"@type":"ImageObject","inLanguage":"en-US","@id":"https:\/\/www.savonspotionsetcie.com\/en\/#\/schema\/logo\/image\/","url":"https:\/\/www.savonspotionsetcie.com\/wp-content\/uploads\/2023\/11\/Logo-depot-1.jpg","contentUrl":"https:\/\/www.savonspotionsetcie.com\/wp-content\/uploads\/2023\/11\/Logo-depot-1.jpg","width":1492,"height":1492,"caption":"Savons Potions & Cie"},"image":{"@id":"https:\/\/www.savonspotionsetcie.com\/en\/#\/schema\/logo\/image\/"},"sameAs":["https:\/\/www.facebook.com\/Maguypavan","https:\/\/www.instagram.com\/savonspotionsetcie\/","https:\/\/www.tiktok.com\/@savonspotionsetcie"]}]}},"_links":{"self":[{"href":"https:\/\/www.savonspotionsetcie.com\/en\/wp-json\/wp\/v2\/product\/29866","targetHints":{"allow":["GET"]}}],"collection":[{"href":"https:\/\/www.savonspotionsetcie.com\/en\/wp-json\/wp\/v2\/product"}],"about":[{"href":"https:\/\/www.savonspotionsetcie.com\/en\/wp-json\/wp\/v2\/types\/product"}],"replies":[{"embeddable":true,"href":"https:\/\/www.savonspotionsetcie.com\/en\/wp-json\/wp\/v2\/comments?post=29866"}],"wp:featuredmedia":[{"embeddable":true,"href":"https:\/\/www.savonspotionsetcie.com\/en\/wp-json\/wp\/v2\/media\/30262"}],"wp:attachment":[{"href":"https:\/\/www.savonspotionsetcie.com\/en\/wp-json\/wp\/v2\/media?parent=29866"}],"wp:term":[{"taxonomy":"product_brand","embeddable":true,"href":"https:\/\/www.savonspotionsetcie.com\/en\/wp-json\/wp\/v2\/product_brand?post=29866"},{"taxonomy":"product_cat","embeddable":true,"href":"https:\/\/www.savonspotionsetcie.com\/en\/wp-json\/wp\/v2\/product_cat?post=29866"},{"taxonomy":"product_tag","embeddable":true,"href":"https:\/\/www.savonspotionsetcie.com\/en\/wp-json\/wp\/v2\/product_tag?post=29866"}],"curies":[{"name":"wp","href":"https:\/\/api.w.org\/{rel}","templated":true}]}}