{"id":29862,"date":"2021-03-30T14:23:54","date_gmt":"2021-03-30T12:23:54","guid":{"rendered":"https:\/\/demo-site.savonspotionsetcie.com\/?post_type=product&#038;p=29862"},"modified":"2026-02-04T14:34:03","modified_gmt":"2026-02-04T13:34:03","slug":"savon-chanvre-patchouli","status":"publish","type":"product","link":"https:\/\/www.savonspotionsetcie.com\/en\/product\/savon-chanvre-patchouli\/","title":{"rendered":"Patchouli Hemp Soap"},"content":{"rendered":"<p class=\"\" data-start=\"218\" data-end=\"728\">Thanks to patchouli essential oil, known for its healing and antiseptic properties, and lavandin essential oil, this hemp patchouli soap promotes skin regeneration. Suitable for all skin types, it is especially beneficial for mature, combination, or blemish-prone skin.<\/p>\n<p class=\"\" data-start=\"730\" data-end=\"921\">\u2714\ufe0f Purifying and toning essential oils<br data-start=\"760\" data-end=\"763\" \/>\u2714\ufe0f Huiles essentielles purifiantes et tonifiantes<br data-start=\"812\" data-end=\"815\" \/>\u2714\ufe0f Suitable for mature or acne-prone skin<br data-start=\"865\" data-end=\"868\" \/>\u2714\ufe0f Handcrafted and cold-processed<\/p>\n<hr class=\"\" data-start=\"923\" data-end=\"926\" \/>\n<h3 class=\"\" data-start=\"928\" data-end=\"981\"><strong data-start=\"932\" data-end=\"981\">Why Choose the Hemp Patchouli Soap?<\/strong><\/h3>\n<h4 data-start=\"983\" data-end=\"1191\">A revitalizing and purifying skincare treatment<\/h4>\n<p class=\"\" data-start=\"983\" data-end=\"1191\"><br data-start=\"1023\" data-end=\"1026\" \/>Formulated with organic plant oils and enriched with hemp oil, this soap deeply nourishes the skin while promoting regeneration thanks to patchouli essential oil.<\/p>\n<hr \/>\n<h4 data-start=\"1193\" data-end=\"1366\">Lovingly handcrafted<\/h4>\n<p class=\"\" data-start=\"1193\" data-end=\"1366\"><br data-start=\"1228\" data-end=\"1231\" \/>Each bar is carefully handmade in my workshop at the foot of the Pyrenees\u2014molded, cut, and wrapped by hand with care.<\/p>\n<hr \/>\n<h4 data-start=\"1368\" data-end=\"1581\">An ethical and minimalist formula<\/h4>\n<p class=\"\" data-start=\"1368\" data-end=\"1581\"><br data-start=\"1413\" data-end=\"1416\" \/>100% biodegradable, vegan, and free from preservatives. The essential oils used are certified organic. Packaging is recyclable and compostable.<\/p>\n<hr \/>\n<h4 data-start=\"1583\" data-end=\"1819\">Cold process soap: gentle yet effective<\/h4>\n<p class=\"\" data-start=\"1583\" data-end=\"1819\"><br data-start=\"1636\" data-end=\"1639\" \/>This artisanal method preserves all the beneficial properties of plant and essential oils. The naturally produced glycerin ensures optimal hydration.<\/p>\n<hr class=\"\" data-start=\"1821\" data-end=\"1824\" \/>\n<h3 class=\"\" data-start=\"1826\" data-end=\"1851\"><strong data-start=\"1830\" data-end=\"1849\">My commitments<\/strong><\/h3>\n<p class=\"\" data-start=\"1852\" data-end=\"1954\"><img loading=\"lazy\" decoding=\"async\" class=\"alignnone wp-image-31313\" src=\"https:\/\/www.savonspotionsetcie.com\/wp-content\/uploads\/2024\/08\/logo-MADE-IN-FRANCE.png\" alt=\"a flag in a circle with hearts\" width=\"200\" height=\"200\" srcset=\"https:\/\/www.savonspotionsetcie.com\/wp-content\/uploads\/2024\/08\/logo-MADE-IN-FRANCE.png 500w, https:\/\/www.savonspotionsetcie.com\/wp-content\/uploads\/2024\/08\/logo-MADE-IN-FRANCE-300x300.png 300w, https:\/\/www.savonspotionsetcie.com\/wp-content\/uploads\/2024\/08\/logo-MADE-IN-FRANCE-150x150.png 150w, https:\/\/www.savonspotionsetcie.com\/wp-content\/uploads\/2024\/08\/logo-MADE-IN-FRANCE-12x12.png 12w\" sizes=\"(max-width: 200px) 100vw, 200px\" \/><img loading=\"lazy\" decoding=\"async\" class=\"alignnone wp-image-31316\" src=\"https:\/\/www.savonspotionsetcie.com\/wp-content\/uploads\/2024\/05\/logo-2-1-300x300.png\" alt=\"a green logo with leaves around it\" width=\"200\" height=\"200\" srcset=\"https:\/\/www.savonspotionsetcie.com\/wp-content\/uploads\/2024\/05\/logo-2-1-300x300.png 300w, https:\/\/www.savonspotionsetcie.com\/wp-content\/uploads\/2024\/05\/logo-2-1-150x150.png 150w, https:\/\/www.savonspotionsetcie.com\/wp-content\/uploads\/2024\/05\/logo-2-1-12x12.png 12w, https:\/\/www.savonspotionsetcie.com\/wp-content\/uploads\/2024\/05\/logo-2-1.png 500w\" sizes=\"(max-width: 200px) 100vw, 200px\" \/><img loading=\"lazy\" decoding=\"async\" class=\"alignnone wp-image-31315\" src=\"https:\/\/www.savonspotionsetcie.com\/wp-content\/uploads\/2024\/08\/logo-handmade.png\" alt=\"two hands in the air\" width=\"200\" height=\"200\" srcset=\"https:\/\/www.savonspotionsetcie.com\/wp-content\/uploads\/2024\/08\/logo-handmade.png 500w, https:\/\/www.savonspotionsetcie.com\/wp-content\/uploads\/2024\/08\/logo-handmade-300x300.png 300w, https:\/\/www.savonspotionsetcie.com\/wp-content\/uploads\/2024\/08\/logo-handmade-150x150.png 150w, https:\/\/www.savonspotionsetcie.com\/wp-content\/uploads\/2024\/08\/logo-handmade-12x12.png 12w\" sizes=\"(max-width: 200px) 100vw, 200px\" \/><img loading=\"lazy\" decoding=\"async\" class=\"alignnone wp-image-31317\" src=\"https:\/\/www.savonspotionsetcie.com\/wp-content\/uploads\/2024\/05\/logo-3-1-300x300.png\" alt=\"a green and white globe with leaves and a arrow\" width=\"200\" height=\"200\" srcset=\"https:\/\/www.savonspotionsetcie.com\/wp-content\/uploads\/2024\/05\/logo-3-1-300x300.png 300w, https:\/\/www.savonspotionsetcie.com\/wp-content\/uploads\/2024\/05\/logo-3-1-150x150.png 150w, https:\/\/www.savonspotionsetcie.com\/wp-content\/uploads\/2024\/05\/logo-3-1-12x12.png 12w, https:\/\/www.savonspotionsetcie.com\/wp-content\/uploads\/2024\/05\/logo-3-1.png 500w\" sizes=\"(max-width: 200px) 100vw, 200px\" \/><\/p>\n<hr class=\"\" data-start=\"1956\" data-end=\"1959\" \/>\n<h3 class=\"\" data-start=\"1961\" data-end=\"2007\"><strong data-start=\"1965\" data-end=\"2007\">Hemp Patchouli Soap \u2013 Ingredients<\/strong><\/h3>\n<p class=\"\" data-start=\"2009\" data-end=\"2278\"><strong data-start=\"2009\" data-end=\"2024\">Ingredients<\/strong> Saponified oils (olive oil*, coconut oil*, shea butter*, hemp oil*, castor oil*, cocoa butter*), water, sodium hydroxide, patchouli* and lavandin* essential oils.<br data-start=\"2226\" data-end=\"2229\" \/>*Ingredients from organic farming.<\/p>\n<p><strong>INCI :<\/strong> Sodium olivate, Sodium cocoate, Sodium shea\u00a0butterate, sodium hempseedate, Glycerin**, Sodium cocoa\u00a0butterate , Sodium castorate, Aqua, Pogostemon\u00a0cablin\u00a0leaf\u00a0oil, Lavandula hybrida oil, Linalool.<\/p>\n<p>**naturally created during the saponification process.<\/p>\n<hr class=\"\" data-start=\"2537\" data-end=\"2540\" \/>\n<h3 class=\"\" data-start=\"2542\" data-end=\"2572\"><strong data-start=\"2546\" data-end=\"2572\">How to use<\/strong><\/h3>\n<p class=\"\" data-start=\"2574\" data-end=\"2903\">1\ufe0f\u20e3 Wet your body with lukewarm water.<br data-start=\"2613\" data-end=\"2616\" \/>2\ufe0f\u20e3 Lather the soap directly onto your skin or with a soft sponge.<br data-start=\"2684\" data-end=\"2687\" \/>3\ufe0f\u20e3 Gently massage the foam into your skin.<br data-start=\"2735\" data-end=\"2738\" \/>4\ufe0f\u20e3 Rinse thoroughly with clean water.<br data-start=\"2776\" data-end=\"2779\" \/>5\ufe0f\u20e3 Pat dry with a clean towel.<br data-start=\"2830\" data-end=\"2833\" \/>6\ufe0f\u20e3 Let the soap air dry on a draining soap dish.<\/p>\n<p class=\"\" data-start=\"2905\" data-end=\"2977\">\ud83d\udca1 <strong data-start=\"2908\" data-end=\"2918\">Tip<\/strong> Perfect for a natural purifying or anti-aging skincare routine.<\/p>","protected":false},"excerpt":{"rendered":"<p>L&#8217;huile de chanvre a une composition lipidique tr\u00e8s similaire \u00e0 celles des lipides de la peau. Il serait donc dommage de se priver de ses qualit\u00e9s en cosm\u00e9tique. Pour renforcer ces propri\u00e9t\u00e9s hydratante, assouplissante et revitalisante je l&#8217;ai associ\u00e9 \u00e0 l&#8217;huile essentielle de patchouli cicatrisante, anti-septique et r\u00e9g\u00e9n\u00e9rante tissulaire. Ce savon utilisable par tous sera adapt\u00e9 aux peaux matures et aux peaux acn\u00e9iques.<\/p>","protected":false},"featured_media":30242,"comment_status":"open","ping_status":"closed","template":"","meta":{"_et_pb_use_builder":"","_et_pb_old_content":"","_et_gb_content_width":""},"product_brand":[],"product_cat":[32,33,34,35,22],"product_tag":[],"class_list":{"0":"post-29862","1":"product","2":"type-product","3":"status-publish","4":"has-post-thumbnail","6":"product_cat-avec-huiles-essentielles","7":"product_cat-hydratant","8":"product_cat-peaux-acneiques","9":"product_cat-peaux-atopiques","10":"product_cat-savons","11":"clearfix","13":"first","14":"instock","15":"taxable","16":"shipping-taxable","17":"purchasable","18":"product-type-simple"},"yoast_head":"<!-- This site is optimized with the Yoast SEO plugin v27.4 - https:\/\/yoast.com\/product\/yoast-seo-wordpress\/ -->\n<title>Savon chanvre patchouli - Savons Potions &amp; Cie<\/title>\n<meta name=\"description\" content=\"Mon savon artisanal Chanvre Patchouli \u2013 Hydrate, revitalise et purifie en douceur les peaux matures ou \u00e0 tendance acn\u00e9ique.\" \/>\n<meta name=\"robots\" content=\"index, follow, max-snippet:-1, max-image-preview:large, max-video-preview:-1\" \/>\n<link rel=\"canonical\" href=\"https:\/\/www.savonspotionsetcie.com\/en\/product\/savon-chanvre-patchouli\/\" \/>\n<meta property=\"og:locale\" content=\"en_US\" \/>\n<meta property=\"og:type\" content=\"article\" \/>\n<meta property=\"og:title\" content=\"Savon chanvre patchouli - Savons Potions &amp; Cie\" \/>\n<meta property=\"og:description\" content=\"Mon savon artisanal Chanvre Patchouli \u2013 Hydrate, revitalise et purifie en douceur les peaux matures ou \u00e0 tendance acn\u00e9ique.\" \/>\n<meta property=\"og:url\" content=\"https:\/\/www.savonspotionsetcie.com\/en\/product\/savon-chanvre-patchouli\/\" \/>\n<meta property=\"og:site_name\" content=\"Savons Potions &amp; Cie\" \/>\n<meta property=\"article:publisher\" content=\"https:\/\/www.facebook.com\/Maguypavan\" \/>\n<meta property=\"article:modified_time\" content=\"2026-02-04T13:34:03+00:00\" \/>\n<meta property=\"og:image\" content=\"https:\/\/www.savonspotionsetcie.com\/wp-content\/uploads\/2023\/07\/DSC02546.jpg\" \/>\n\t<meta property=\"og:image:width\" content=\"2456\" \/>\n\t<meta property=\"og:image:height\" content=\"1632\" \/>\n\t<meta property=\"og:image:type\" content=\"image\/jpeg\" \/>\n<meta name=\"twitter:card\" content=\"summary_large_image\" \/>\n<meta name=\"twitter:label1\" content=\"Est. reading time\" \/>\n\t<meta name=\"twitter:data1\" content=\"3 minutes\" \/>\n<script type=\"application\/ld+json\" class=\"yoast-schema-graph\">{\"@context\":\"https:\\\/\\\/schema.org\",\"@graph\":[{\"@type\":\"WebPage\",\"@id\":\"https:\\\/\\\/www.savonspotionsetcie.com\\\/produit\\\/savon-chanvre-patchouli\\\/\",\"url\":\"https:\\\/\\\/www.savonspotionsetcie.com\\\/produit\\\/savon-chanvre-patchouli\\\/\",\"name\":\"Savon chanvre patchouli - Savons Potions &amp; Cie\",\"isPartOf\":{\"@id\":\"https:\\\/\\\/www.savonspotionsetcie.com\\\/en\\\/#website\"},\"primaryImageOfPage\":{\"@id\":\"https:\\\/\\\/www.savonspotionsetcie.com\\\/produit\\\/savon-chanvre-patchouli\\\/#primaryimage\"},\"image\":{\"@id\":\"https:\\\/\\\/www.savonspotionsetcie.com\\\/produit\\\/savon-chanvre-patchouli\\\/#primaryimage\"},\"thumbnailUrl\":\"https:\\\/\\\/www.savonspotionsetcie.com\\\/wp-content\\\/uploads\\\/2023\\\/07\\\/DSC02546.jpg\",\"datePublished\":\"2021-03-30T12:23:54+00:00\",\"dateModified\":\"2026-02-04T13:34:03+00:00\",\"description\":\"Mon savon artisanal Chanvre Patchouli \u2013 Hydrate, revitalise et purifie en douceur les peaux matures ou \u00e0 tendance acn\u00e9ique.\",\"breadcrumb\":{\"@id\":\"https:\\\/\\\/www.savonspotionsetcie.com\\\/produit\\\/savon-chanvre-patchouli\\\/#breadcrumb\"},\"inLanguage\":\"en-US\",\"potentialAction\":[{\"@type\":\"ReadAction\",\"target\":[\"https:\\\/\\\/www.savonspotionsetcie.com\\\/produit\\\/savon-chanvre-patchouli\\\/\"]}]},{\"@type\":\"ImageObject\",\"inLanguage\":\"en-US\",\"@id\":\"https:\\\/\\\/www.savonspotionsetcie.com\\\/produit\\\/savon-chanvre-patchouli\\\/#primaryimage\",\"url\":\"https:\\\/\\\/www.savonspotionsetcie.com\\\/wp-content\\\/uploads\\\/2023\\\/07\\\/DSC02546.jpg\",\"contentUrl\":\"https:\\\/\\\/www.savonspotionsetcie.com\\\/wp-content\\\/uploads\\\/2023\\\/07\\\/DSC02546.jpg\",\"width\":2456,\"height\":1632},{\"@type\":\"BreadcrumbList\",\"@id\":\"https:\\\/\\\/www.savonspotionsetcie.com\\\/produit\\\/savon-chanvre-patchouli\\\/#breadcrumb\",\"itemListElement\":[{\"@type\":\"ListItem\",\"position\":1,\"name\":\"Accueil\",\"item\":\"https:\\\/\\\/www.savonspotionsetcie.com\\\/\"},{\"@type\":\"ListItem\",\"position\":2,\"name\":\"Products\",\"item\":\"https:\\\/\\\/www.savonspotionsetcie.com\\\/en\\\/boutique__trashed\\\/\"},{\"@type\":\"ListItem\",\"position\":3,\"name\":\"Savon chanvre patchouli\"}]},{\"@type\":\"WebSite\",\"@id\":\"https:\\\/\\\/www.savonspotionsetcie.com\\\/en\\\/#website\",\"url\":\"https:\\\/\\\/www.savonspotionsetcie.com\\\/en\\\/\",\"name\":\"Savons Potions & Cie\",\"description\":\"Cr\u00e9atrice de savons et cosm\u00e9tiques naturels vegan\",\"publisher\":{\"@id\":\"https:\\\/\\\/www.savonspotionsetcie.com\\\/en\\\/#organization\"},\"potentialAction\":[{\"@type\":\"SearchAction\",\"target\":{\"@type\":\"EntryPoint\",\"urlTemplate\":\"https:\\\/\\\/www.savonspotionsetcie.com\\\/en\\\/?s={search_term_string}\"},\"query-input\":{\"@type\":\"PropertyValueSpecification\",\"valueRequired\":true,\"valueName\":\"search_term_string\"}}],\"inLanguage\":\"en-US\"},{\"@type\":\"Organization\",\"@id\":\"https:\\\/\\\/www.savonspotionsetcie.com\\\/en\\\/#organization\",\"name\":\"Savons Potions & Cie\",\"url\":\"https:\\\/\\\/www.savonspotionsetcie.com\\\/en\\\/\",\"logo\":{\"@type\":\"ImageObject\",\"inLanguage\":\"en-US\",\"@id\":\"https:\\\/\\\/www.savonspotionsetcie.com\\\/en\\\/#\\\/schema\\\/logo\\\/image\\\/\",\"url\":\"https:\\\/\\\/www.savonspotionsetcie.com\\\/wp-content\\\/uploads\\\/2023\\\/11\\\/Logo-depot-1.jpg\",\"contentUrl\":\"https:\\\/\\\/www.savonspotionsetcie.com\\\/wp-content\\\/uploads\\\/2023\\\/11\\\/Logo-depot-1.jpg\",\"width\":1492,\"height\":1492,\"caption\":\"Savons Potions & Cie\"},\"image\":{\"@id\":\"https:\\\/\\\/www.savonspotionsetcie.com\\\/en\\\/#\\\/schema\\\/logo\\\/image\\\/\"},\"sameAs\":[\"https:\\\/\\\/www.facebook.com\\\/Maguypavan\",\"https:\\\/\\\/www.instagram.com\\\/savonspotionsetcie\\\/\",\"https:\\\/\\\/www.tiktok.com\\\/@savonspotionsetcie\"]}]}<\/script>\n<!-- \/ Yoast SEO plugin. -->","yoast_head_json":{"title":"Savon chanvre patchouli - Savons Potions &amp; Cie","description":"Mon savon artisanal Chanvre Patchouli \u2013 Hydrate, revitalise et purifie en douceur les peaux matures ou \u00e0 tendance acn\u00e9ique.","robots":{"index":"index","follow":"follow","max-snippet":"max-snippet:-1","max-image-preview":"max-image-preview:large","max-video-preview":"max-video-preview:-1"},"canonical":"https:\/\/www.savonspotionsetcie.com\/en\/product\/savon-chanvre-patchouli\/","og_locale":"en_US","og_type":"article","og_title":"Savon chanvre patchouli - Savons Potions &amp; Cie","og_description":"Mon savon artisanal Chanvre Patchouli \u2013 Hydrate, revitalise et purifie en douceur les peaux matures ou \u00e0 tendance acn\u00e9ique.","og_url":"https:\/\/www.savonspotionsetcie.com\/en\/product\/savon-chanvre-patchouli\/","og_site_name":"Savons Potions &amp; Cie","article_publisher":"https:\/\/www.facebook.com\/Maguypavan","article_modified_time":"2026-02-04T13:34:03+00:00","og_image":[{"width":2456,"height":1632,"url":"https:\/\/www.savonspotionsetcie.com\/wp-content\/uploads\/2023\/07\/DSC02546.jpg","type":"image\/jpeg"}],"twitter_card":"summary_large_image","twitter_misc":{"Est. reading time":"3 minutes"},"schema":{"@context":"https:\/\/schema.org","@graph":[{"@type":"WebPage","@id":"https:\/\/www.savonspotionsetcie.com\/produit\/savon-chanvre-patchouli\/","url":"https:\/\/www.savonspotionsetcie.com\/produit\/savon-chanvre-patchouli\/","name":"Savon chanvre patchouli - Savons Potions &amp; Cie","isPartOf":{"@id":"https:\/\/www.savonspotionsetcie.com\/en\/#website"},"primaryImageOfPage":{"@id":"https:\/\/www.savonspotionsetcie.com\/produit\/savon-chanvre-patchouli\/#primaryimage"},"image":{"@id":"https:\/\/www.savonspotionsetcie.com\/produit\/savon-chanvre-patchouli\/#primaryimage"},"thumbnailUrl":"https:\/\/www.savonspotionsetcie.com\/wp-content\/uploads\/2023\/07\/DSC02546.jpg","datePublished":"2021-03-30T12:23:54+00:00","dateModified":"2026-02-04T13:34:03+00:00","description":"Mon savon artisanal Chanvre Patchouli \u2013 Hydrate, revitalise et purifie en douceur les peaux matures ou \u00e0 tendance acn\u00e9ique.","breadcrumb":{"@id":"https:\/\/www.savonspotionsetcie.com\/produit\/savon-chanvre-patchouli\/#breadcrumb"},"inLanguage":"en-US","potentialAction":[{"@type":"ReadAction","target":["https:\/\/www.savonspotionsetcie.com\/produit\/savon-chanvre-patchouli\/"]}]},{"@type":"ImageObject","inLanguage":"en-US","@id":"https:\/\/www.savonspotionsetcie.com\/produit\/savon-chanvre-patchouli\/#primaryimage","url":"https:\/\/www.savonspotionsetcie.com\/wp-content\/uploads\/2023\/07\/DSC02546.jpg","contentUrl":"https:\/\/www.savonspotionsetcie.com\/wp-content\/uploads\/2023\/07\/DSC02546.jpg","width":2456,"height":1632},{"@type":"BreadcrumbList","@id":"https:\/\/www.savonspotionsetcie.com\/produit\/savon-chanvre-patchouli\/#breadcrumb","itemListElement":[{"@type":"ListItem","position":1,"name":"Accueil","item":"https:\/\/www.savonspotionsetcie.com\/"},{"@type":"ListItem","position":2,"name":"Products","item":"https:\/\/www.savonspotionsetcie.com\/en\/boutique__trashed\/"},{"@type":"ListItem","position":3,"name":"Savon chanvre patchouli"}]},{"@type":"WebSite","@id":"https:\/\/www.savonspotionsetcie.com\/en\/#website","url":"https:\/\/www.savonspotionsetcie.com\/en\/","name":"Savons Potions & Cie","description":"Cr\u00e9atrice de savons et cosm\u00e9tiques naturels vegan","publisher":{"@id":"https:\/\/www.savonspotionsetcie.com\/en\/#organization"},"potentialAction":[{"@type":"SearchAction","target":{"@type":"EntryPoint","urlTemplate":"https:\/\/www.savonspotionsetcie.com\/en\/?s={search_term_string}"},"query-input":{"@type":"PropertyValueSpecification","valueRequired":true,"valueName":"search_term_string"}}],"inLanguage":"en-US"},{"@type":"Organization","@id":"https:\/\/www.savonspotionsetcie.com\/en\/#organization","name":"Savons Potions & Cie","url":"https:\/\/www.savonspotionsetcie.com\/en\/","logo":{"@type":"ImageObject","inLanguage":"en-US","@id":"https:\/\/www.savonspotionsetcie.com\/en\/#\/schema\/logo\/image\/","url":"https:\/\/www.savonspotionsetcie.com\/wp-content\/uploads\/2023\/11\/Logo-depot-1.jpg","contentUrl":"https:\/\/www.savonspotionsetcie.com\/wp-content\/uploads\/2023\/11\/Logo-depot-1.jpg","width":1492,"height":1492,"caption":"Savons Potions & Cie"},"image":{"@id":"https:\/\/www.savonspotionsetcie.com\/en\/#\/schema\/logo\/image\/"},"sameAs":["https:\/\/www.facebook.com\/Maguypavan","https:\/\/www.instagram.com\/savonspotionsetcie\/","https:\/\/www.tiktok.com\/@savonspotionsetcie"]}]}},"_links":{"self":[{"href":"https:\/\/www.savonspotionsetcie.com\/en\/wp-json\/wp\/v2\/product\/29862","targetHints":{"allow":["GET"]}}],"collection":[{"href":"https:\/\/www.savonspotionsetcie.com\/en\/wp-json\/wp\/v2\/product"}],"about":[{"href":"https:\/\/www.savonspotionsetcie.com\/en\/wp-json\/wp\/v2\/types\/product"}],"replies":[{"embeddable":true,"href":"https:\/\/www.savonspotionsetcie.com\/en\/wp-json\/wp\/v2\/comments?post=29862"}],"wp:featuredmedia":[{"embeddable":true,"href":"https:\/\/www.savonspotionsetcie.com\/en\/wp-json\/wp\/v2\/media\/30242"}],"wp:attachment":[{"href":"https:\/\/www.savonspotionsetcie.com\/en\/wp-json\/wp\/v2\/media?parent=29862"}],"wp:term":[{"taxonomy":"product_brand","embeddable":true,"href":"https:\/\/www.savonspotionsetcie.com\/en\/wp-json\/wp\/v2\/product_brand?post=29862"},{"taxonomy":"product_cat","embeddable":true,"href":"https:\/\/www.savonspotionsetcie.com\/en\/wp-json\/wp\/v2\/product_cat?post=29862"},{"taxonomy":"product_tag","embeddable":true,"href":"https:\/\/www.savonspotionsetcie.com\/en\/wp-json\/wp\/v2\/product_tag?post=29862"}],"curies":[{"name":"wp","href":"https:\/\/api.w.org\/{rel}","templated":true}]}}