{"id":29851,"date":"2021-03-30T14:21:53","date_gmt":"2021-03-30T12:21:53","guid":{"rendered":"https:\/\/demo-site.savonspotionsetcie.com\/?post_type=product&#038;p=29851"},"modified":"2026-04-09T15:59:33","modified_gmt":"2026-04-09T13:59:33","slug":"savon-lavande","status":"publish","type":"product","link":"https:\/\/www.savonspotionsetcie.com\/en\/product\/savon-lavande\/","title":{"rendered":"Lavender Soap"},"content":{"rendered":"<p class=\"\" data-start=\"199\" data-end=\"600\">Le savon lavande est enrichi en huile essentielle de lavandin bio, reconnue pour ses vertus purifiantes, cicatrisantes et apaisantes, il nettoie tout en douceur les peaux sujettes aux imperfections. Sa mousse onctueuse laisse la peau souple, fra\u00eeche et d\u00e9licatement parfum\u00e9e.<\/p>\n<p class=\"\" data-start=\"602\" data-end=\"802\">\u2714\ufe0f Nettoie, purifie et apaise les peaux \u00e0 imperfections<br data-start=\"657\" data-end=\"660\" \/>\u2714\ufe0f Parfum naturel de lavande de Provence<br data-start=\"700\" data-end=\"703\" \/>\u2714\ufe0f Formul\u00e9 avec des huiles v\u00e9g\u00e9tales bio<br data-start=\"743\" data-end=\"746\" \/>\u2714\ufe0f Fabriqu\u00e9 artisanalement avec saponification \u00e0 froid<\/p>\n<hr class=\"\" data-start=\"804\" data-end=\"807\" \/>\n<h3 class=\"\" data-start=\"809\" data-end=\"852\"><strong data-start=\"813\" data-end=\"852\">Pourquoi adopter le Savon Lavande ?<\/strong><\/h3>\n<h4 data-start=\"854\" data-end=\"1071\">Un savon purifiant et fleuri<\/h4>\n<p class=\"\" data-start=\"854\" data-end=\"1071\"><br data-start=\"889\" data-end=\"892\" \/>Sa formule \u00e0 base d\u2019huile essentielle de lavandin bio purifie la peau en douceur tout en la parfumant naturellement. Id\u00e9al pour les peaux acn\u00e9iques ou sujettes aux petits boutons.<\/p>\n<hr \/>\n<h4 data-start=\"1073\" data-end=\"1285\">Lovingly handcrafted<\/h4>\n<p class=\"\" data-start=\"1073\" data-end=\"1285\"><br data-start=\"1108\" data-end=\"1111\" \/>Chaque savon est fabriqu\u00e9 dans mon atelier des Pyr\u00e9n\u00e9es selon des m\u00e9thodes artisanales : moul\u00e9, d\u00e9coup\u00e9 et emball\u00e9 \u00e0 la main, il incarne un savoir-faire local et responsable.<\/p>\n<hr \/>\n<h4 data-start=\"1287\" data-end=\"1504\">Une formulation \u00e9thique et respectueuse<\/h4>\n<p class=\"\" data-start=\"1287\" data-end=\"1504\"><br data-start=\"1333\" data-end=\"1336\" \/>100 % biod\u00e9gradable, vegan, sans conservateur. Les ingr\u00e9dients sont issus de l\u2019agriculture biologique ou d\u2019origine naturelle. L\u2019emballage est recyclable et compostable.<\/p>\n<hr \/>\n<h4 data-start=\"1506\" data-end=\"1711\">Cold process soap: gentle yet effective<\/h4>\n<p class=\"\" data-start=\"1506\" data-end=\"1711\"><br data-start=\"1559\" data-end=\"1562\" \/>La saponification \u00e0 froid permet de pr\u00e9server toutes les propri\u00e9t\u00e9s des huiles et d\u2019obtenir naturellement de la glyc\u00e9rine, hydratante et protectrice.<\/p>\n<hr class=\"\" data-start=\"1713\" data-end=\"1716\" \/>\n<h3 class=\"\" data-start=\"1718\" data-end=\"1743\"><strong data-start=\"1722\" data-end=\"1741\">My commitments<\/strong><\/h3>\n<p class=\"\" data-start=\"1744\" data-end=\"1846\"><img loading=\"lazy\" decoding=\"async\" class=\"alignnone wp-image-31313\" src=\"https:\/\/www.savonspotionsetcie.com\/wp-content\/uploads\/2024\/08\/logo-MADE-IN-FRANCE.png\" alt=\"a flag in a circle with hearts\" width=\"199\" height=\"199\" srcset=\"https:\/\/www.savonspotionsetcie.com\/wp-content\/uploads\/2024\/08\/logo-MADE-IN-FRANCE.png 500w, https:\/\/www.savonspotionsetcie.com\/wp-content\/uploads\/2024\/08\/logo-MADE-IN-FRANCE-300x300.png 300w, https:\/\/www.savonspotionsetcie.com\/wp-content\/uploads\/2024\/08\/logo-MADE-IN-FRANCE-150x150.png 150w, https:\/\/www.savonspotionsetcie.com\/wp-content\/uploads\/2024\/08\/logo-MADE-IN-FRANCE-12x12.png 12w\" sizes=\"(max-width: 199px) 100vw, 199px\" \/><img loading=\"lazy\" decoding=\"async\" class=\"alignnone wp-image-31316\" src=\"https:\/\/www.savonspotionsetcie.com\/wp-content\/uploads\/2024\/05\/logo-2-1-300x300.png\" alt=\"a green logo with leaves around it\" width=\"201\" height=\"201\" srcset=\"https:\/\/www.savonspotionsetcie.com\/wp-content\/uploads\/2024\/05\/logo-2-1-300x300.png 300w, https:\/\/www.savonspotionsetcie.com\/wp-content\/uploads\/2024\/05\/logo-2-1-150x150.png 150w, https:\/\/www.savonspotionsetcie.com\/wp-content\/uploads\/2024\/05\/logo-2-1-12x12.png 12w, https:\/\/www.savonspotionsetcie.com\/wp-content\/uploads\/2024\/05\/logo-2-1.png 500w\" sizes=\"(max-width: 201px) 100vw, 201px\" \/><img loading=\"lazy\" decoding=\"async\" class=\"alignnone wp-image-31315\" src=\"https:\/\/www.savonspotionsetcie.com\/wp-content\/uploads\/2024\/08\/logo-handmade.png\" alt=\"two hands in the air\" width=\"199\" height=\"199\" srcset=\"https:\/\/www.savonspotionsetcie.com\/wp-content\/uploads\/2024\/08\/logo-handmade.png 500w, https:\/\/www.savonspotionsetcie.com\/wp-content\/uploads\/2024\/08\/logo-handmade-300x300.png 300w, https:\/\/www.savonspotionsetcie.com\/wp-content\/uploads\/2024\/08\/logo-handmade-150x150.png 150w, https:\/\/www.savonspotionsetcie.com\/wp-content\/uploads\/2024\/08\/logo-handmade-12x12.png 12w\" sizes=\"(max-width: 199px) 100vw, 199px\" \/><img loading=\"lazy\" decoding=\"async\" class=\"alignnone wp-image-31317\" src=\"https:\/\/www.savonspotionsetcie.com\/wp-content\/uploads\/2024\/05\/logo-3-1-300x300.png\" alt=\"a green and white globe with leaves and a arrow\" width=\"200\" height=\"200\" srcset=\"https:\/\/www.savonspotionsetcie.com\/wp-content\/uploads\/2024\/05\/logo-3-1-300x300.png 300w, https:\/\/www.savonspotionsetcie.com\/wp-content\/uploads\/2024\/05\/logo-3-1-150x150.png 150w, https:\/\/www.savonspotionsetcie.com\/wp-content\/uploads\/2024\/05\/logo-3-1-12x12.png 12w, https:\/\/www.savonspotionsetcie.com\/wp-content\/uploads\/2024\/05\/logo-3-1.png 500w\" sizes=\"(max-width: 200px) 100vw, 200px\" \/><\/p>\n<hr class=\"\" data-start=\"1848\" data-end=\"1851\" \/>\n<h3 class=\"\" data-start=\"1853\" data-end=\"1889\"><strong data-start=\"1857\" data-end=\"1889\">Composition du Savon Lavande<\/strong><\/h3>\n<p class=\"\" data-start=\"1891\" data-end=\"2101\"><strong data-start=\"1891\" data-end=\"1906\">Ingredients<\/strong> : huiles saponifi\u00e9es (huile d\u2019olive*, huile de coco*, beurre de karit\u00e9*, huile de ricin*), huile essentielle de lavandin*, oxyde min\u00e9ral bleu.<br data-start=\"2049\" data-end=\"2052\" \/>*Ingredients from organic farming.<\/p>\n<p class=\"\" data-start=\"2103\" data-end=\"2309\"><strong data-start=\"2103\" data-end=\"2111\">INCI<\/strong> : <em data-start=\"2114\" data-end=\"2197\">Sodium olivate, Sodium cocoate, Sodium shea butterate, Sodium castorate, Glycerin<\/em>*, Aqua, Ultramarine blue, Lavandula hybrida oil, Linalool.*<br data-start=\"2257\" data-end=\"2260\" \/>**naturally created during the saponification process.<\/p>\n<hr class=\"\" data-start=\"2311\" data-end=\"2314\" \/>\n<h3 class=\"\" data-start=\"2316\" data-end=\"2346\"><strong data-start=\"2320\" data-end=\"2346\">How to use<\/strong><\/h3>\n<p class=\"\" data-start=\"2348\" data-end=\"2690\">1\ufe0f\u20e3 Wet your body with lukewarm water.<br data-start=\"2387\" data-end=\"2390\" \/>2\ufe0f\u20e3 Faites mousser le savon sur votre peau ou \u00e0 l\u2019aide d\u2019un gant.<br data-start=\"2455\" data-end=\"2458\" \/>3\ufe0f\u20e3 Massez d\u00e9licatement pour bien r\u00e9partir la mousse.<br data-start=\"2511\" data-end=\"2514\" \/>4\ufe0f\u20e3 Rinse thoroughly with clean water.<br data-start=\"2552\" data-end=\"2555\" \/>5\ufe0f\u20e3 S\u00e9chez votre peau en tamponnant avec une serviette propre.<br data-start=\"2617\" data-end=\"2620\" \/>6\ufe0f\u20e3 Laissez le savon s\u00e9cher \u00e0 l\u2019air libre sur un porte-savon drainant.<\/p>\n<p class=\"\" data-start=\"2692\" data-end=\"2789\">\ud83d\udca1 <strong data-start=\"2695\" data-end=\"2705\">Tip<\/strong> : parfait pour une routine du soir relaxante, gr\u00e2ce \u00e0 l\u2019effet apaisant du lavandin.<\/p>","protected":false},"excerpt":{"rendered":"<p>Ce savon doux et hydratant, d&#8217;un bleu profond, poss\u00e8de un surgras de 6%. Le parfum fleuri, de l&#8217;huile essentielle de lavandin aux propri\u00e9t\u00e9s anti-infectieuse et cicatrisante, ravira les amoureux de la Provence.<\/p>","protected":false},"featured_media":30244,"comment_status":"open","ping_status":"closed","template":"","meta":{"_et_pb_use_builder":"","_et_pb_old_content":"","_et_gb_content_width":""},"product_brand":[],"product_cat":[32,34,22],"product_tag":[],"class_list":{"0":"post-29851","1":"product","2":"type-product","3":"status-publish","4":"has-post-thumbnail","6":"product_cat-avec-huiles-essentielles","7":"product_cat-peaux-acneiques","8":"product_cat-savons","9":"clearfix","11":"first","12":"instock","13":"taxable","14":"shipping-taxable","15":"purchasable","16":"product-type-simple"},"yoast_head":"<!-- This site is optimized with the Yoast SEO plugin v27.3 - https:\/\/yoast.com\/product\/yoast-seo-wordpress\/ -->\n<title>Savon lavande - Savons Potions &amp; Cie<\/title>\n<meta name=\"description\" content=\"Savon lavande : Purifie, apaise et parfume d\u00e9licatement les peaux acn\u00e9iques. Huiles v\u00e9g\u00e9tales, lavandin, fabrication artisanale &amp; saponification \u00e0 froid.\" \/>\n<meta name=\"robots\" content=\"index, follow, max-snippet:-1, max-image-preview:large, max-video-preview:-1\" \/>\n<link rel=\"canonical\" href=\"https:\/\/www.savonspotionsetcie.com\/en\/product\/savon-lavande\/\" \/>\n<meta property=\"og:locale\" content=\"en_US\" \/>\n<meta property=\"og:type\" content=\"article\" \/>\n<meta property=\"og:title\" content=\"Savon lavande - Savons Potions &amp; Cie\" \/>\n<meta property=\"og:description\" content=\"Savon lavande : Purifie, apaise et parfume d\u00e9licatement les peaux acn\u00e9iques. Huiles v\u00e9g\u00e9tales, lavandin, fabrication artisanale &amp; saponification \u00e0 froid.\" \/>\n<meta property=\"og:url\" content=\"https:\/\/www.savonspotionsetcie.com\/en\/product\/savon-lavande\/\" \/>\n<meta property=\"og:site_name\" content=\"Savons Potions &amp; Cie\" \/>\n<meta property=\"article:publisher\" content=\"https:\/\/www.facebook.com\/Maguypavan\" \/>\n<meta property=\"article:modified_time\" content=\"2026-04-09T13:59:33+00:00\" \/>\n<meta property=\"og:image\" content=\"https:\/\/www.savonspotionsetcie.com\/wp-content\/uploads\/2023\/07\/DSC02548.jpg\" \/>\n\t<meta property=\"og:image:width\" content=\"2456\" \/>\n\t<meta property=\"og:image:height\" content=\"1632\" \/>\n\t<meta property=\"og:image:type\" content=\"image\/jpeg\" \/>\n<meta name=\"twitter:card\" content=\"summary_large_image\" \/>\n<meta name=\"twitter:label1\" content=\"Est. reading time\" \/>\n\t<meta name=\"twitter:data1\" content=\"3 minutes\" \/>\n<script type=\"application\/ld+json\" class=\"yoast-schema-graph\">{\"@context\":\"https:\\\/\\\/schema.org\",\"@graph\":[{\"@type\":\"WebPage\",\"@id\":\"https:\\\/\\\/www.savonspotionsetcie.com\\\/produit\\\/savon-lavande\\\/\",\"url\":\"https:\\\/\\\/www.savonspotionsetcie.com\\\/produit\\\/savon-lavande\\\/\",\"name\":\"Savon lavande - Savons Potions &amp; Cie\",\"isPartOf\":{\"@id\":\"https:\\\/\\\/www.savonspotionsetcie.com\\\/en\\\/#website\"},\"primaryImageOfPage\":{\"@id\":\"https:\\\/\\\/www.savonspotionsetcie.com\\\/produit\\\/savon-lavande\\\/#primaryimage\"},\"image\":{\"@id\":\"https:\\\/\\\/www.savonspotionsetcie.com\\\/produit\\\/savon-lavande\\\/#primaryimage\"},\"thumbnailUrl\":\"https:\\\/\\\/www.savonspotionsetcie.com\\\/wp-content\\\/uploads\\\/2023\\\/07\\\/DSC02548.jpg\",\"datePublished\":\"2021-03-30T12:21:53+00:00\",\"dateModified\":\"2026-04-09T13:59:33+00:00\",\"description\":\"Savon lavande : Purifie, apaise et parfume d\u00e9licatement les peaux acn\u00e9iques. Huiles v\u00e9g\u00e9tales, lavandin, fabrication artisanale & saponification \u00e0 froid.\",\"breadcrumb\":{\"@id\":\"https:\\\/\\\/www.savonspotionsetcie.com\\\/produit\\\/savon-lavande\\\/#breadcrumb\"},\"inLanguage\":\"en-US\",\"potentialAction\":[{\"@type\":\"ReadAction\",\"target\":[\"https:\\\/\\\/www.savonspotionsetcie.com\\\/produit\\\/savon-lavande\\\/\"]}]},{\"@type\":\"ImageObject\",\"inLanguage\":\"en-US\",\"@id\":\"https:\\\/\\\/www.savonspotionsetcie.com\\\/produit\\\/savon-lavande\\\/#primaryimage\",\"url\":\"https:\\\/\\\/www.savonspotionsetcie.com\\\/wp-content\\\/uploads\\\/2023\\\/07\\\/DSC02548.jpg\",\"contentUrl\":\"https:\\\/\\\/www.savonspotionsetcie.com\\\/wp-content\\\/uploads\\\/2023\\\/07\\\/DSC02548.jpg\",\"width\":2456,\"height\":1632},{\"@type\":\"BreadcrumbList\",\"@id\":\"https:\\\/\\\/www.savonspotionsetcie.com\\\/produit\\\/savon-lavande\\\/#breadcrumb\",\"itemListElement\":[{\"@type\":\"ListItem\",\"position\":1,\"name\":\"Accueil\",\"item\":\"https:\\\/\\\/www.savonspotionsetcie.com\\\/\"},{\"@type\":\"ListItem\",\"position\":2,\"name\":\"Products\",\"item\":\"https:\\\/\\\/www.savonspotionsetcie.com\\\/en\\\/boutique__trashed\\\/\"},{\"@type\":\"ListItem\",\"position\":3,\"name\":\"Savon lavande\"}]},{\"@type\":\"WebSite\",\"@id\":\"https:\\\/\\\/www.savonspotionsetcie.com\\\/en\\\/#website\",\"url\":\"https:\\\/\\\/www.savonspotionsetcie.com\\\/en\\\/\",\"name\":\"Savons Potions & Cie\",\"description\":\"Cr\u00e9atrice de savons et cosm\u00e9tiques naturels vegan\",\"publisher\":{\"@id\":\"https:\\\/\\\/www.savonspotionsetcie.com\\\/en\\\/#organization\"},\"potentialAction\":[{\"@type\":\"SearchAction\",\"target\":{\"@type\":\"EntryPoint\",\"urlTemplate\":\"https:\\\/\\\/www.savonspotionsetcie.com\\\/en\\\/?s={search_term_string}\"},\"query-input\":{\"@type\":\"PropertyValueSpecification\",\"valueRequired\":true,\"valueName\":\"search_term_string\"}}],\"inLanguage\":\"en-US\"},{\"@type\":\"Organization\",\"@id\":\"https:\\\/\\\/www.savonspotionsetcie.com\\\/en\\\/#organization\",\"name\":\"Savons Potions & Cie\",\"url\":\"https:\\\/\\\/www.savonspotionsetcie.com\\\/en\\\/\",\"logo\":{\"@type\":\"ImageObject\",\"inLanguage\":\"en-US\",\"@id\":\"https:\\\/\\\/www.savonspotionsetcie.com\\\/en\\\/#\\\/schema\\\/logo\\\/image\\\/\",\"url\":\"https:\\\/\\\/www.savonspotionsetcie.com\\\/wp-content\\\/uploads\\\/2023\\\/11\\\/Logo-depot-1.jpg\",\"contentUrl\":\"https:\\\/\\\/www.savonspotionsetcie.com\\\/wp-content\\\/uploads\\\/2023\\\/11\\\/Logo-depot-1.jpg\",\"width\":1492,\"height\":1492,\"caption\":\"Savons Potions & Cie\"},\"image\":{\"@id\":\"https:\\\/\\\/www.savonspotionsetcie.com\\\/en\\\/#\\\/schema\\\/logo\\\/image\\\/\"},\"sameAs\":[\"https:\\\/\\\/www.facebook.com\\\/Maguypavan\",\"https:\\\/\\\/www.instagram.com\\\/savonspotionsetcie\\\/\",\"https:\\\/\\\/www.tiktok.com\\\/@savonspotionsetcie\"]}]}<\/script>\n<!-- \/ Yoast SEO plugin. -->","yoast_head_json":{"title":"Savon lavande - Savons Potions &amp; Cie","description":"Savon lavande : Purifie, apaise et parfume d\u00e9licatement les peaux acn\u00e9iques. Huiles v\u00e9g\u00e9tales, lavandin, fabrication artisanale & saponification \u00e0 froid.","robots":{"index":"index","follow":"follow","max-snippet":"max-snippet:-1","max-image-preview":"max-image-preview:large","max-video-preview":"max-video-preview:-1"},"canonical":"https:\/\/www.savonspotionsetcie.com\/en\/product\/savon-lavande\/","og_locale":"en_US","og_type":"article","og_title":"Savon lavande - Savons Potions &amp; Cie","og_description":"Savon lavande : Purifie, apaise et parfume d\u00e9licatement les peaux acn\u00e9iques. Huiles v\u00e9g\u00e9tales, lavandin, fabrication artisanale & saponification \u00e0 froid.","og_url":"https:\/\/www.savonspotionsetcie.com\/en\/product\/savon-lavande\/","og_site_name":"Savons Potions &amp; Cie","article_publisher":"https:\/\/www.facebook.com\/Maguypavan","article_modified_time":"2026-04-09T13:59:33+00:00","og_image":[{"width":2456,"height":1632,"url":"https:\/\/www.savonspotionsetcie.com\/wp-content\/uploads\/2023\/07\/DSC02548.jpg","type":"image\/jpeg"}],"twitter_card":"summary_large_image","twitter_misc":{"Est. reading time":"3 minutes"},"schema":{"@context":"https:\/\/schema.org","@graph":[{"@type":"WebPage","@id":"https:\/\/www.savonspotionsetcie.com\/produit\/savon-lavande\/","url":"https:\/\/www.savonspotionsetcie.com\/produit\/savon-lavande\/","name":"Savon lavande - Savons Potions &amp; Cie","isPartOf":{"@id":"https:\/\/www.savonspotionsetcie.com\/en\/#website"},"primaryImageOfPage":{"@id":"https:\/\/www.savonspotionsetcie.com\/produit\/savon-lavande\/#primaryimage"},"image":{"@id":"https:\/\/www.savonspotionsetcie.com\/produit\/savon-lavande\/#primaryimage"},"thumbnailUrl":"https:\/\/www.savonspotionsetcie.com\/wp-content\/uploads\/2023\/07\/DSC02548.jpg","datePublished":"2021-03-30T12:21:53+00:00","dateModified":"2026-04-09T13:59:33+00:00","description":"Savon lavande : Purifie, apaise et parfume d\u00e9licatement les peaux acn\u00e9iques. Huiles v\u00e9g\u00e9tales, lavandin, fabrication artisanale & saponification \u00e0 froid.","breadcrumb":{"@id":"https:\/\/www.savonspotionsetcie.com\/produit\/savon-lavande\/#breadcrumb"},"inLanguage":"en-US","potentialAction":[{"@type":"ReadAction","target":["https:\/\/www.savonspotionsetcie.com\/produit\/savon-lavande\/"]}]},{"@type":"ImageObject","inLanguage":"en-US","@id":"https:\/\/www.savonspotionsetcie.com\/produit\/savon-lavande\/#primaryimage","url":"https:\/\/www.savonspotionsetcie.com\/wp-content\/uploads\/2023\/07\/DSC02548.jpg","contentUrl":"https:\/\/www.savonspotionsetcie.com\/wp-content\/uploads\/2023\/07\/DSC02548.jpg","width":2456,"height":1632},{"@type":"BreadcrumbList","@id":"https:\/\/www.savonspotionsetcie.com\/produit\/savon-lavande\/#breadcrumb","itemListElement":[{"@type":"ListItem","position":1,"name":"Accueil","item":"https:\/\/www.savonspotionsetcie.com\/"},{"@type":"ListItem","position":2,"name":"Products","item":"https:\/\/www.savonspotionsetcie.com\/en\/boutique__trashed\/"},{"@type":"ListItem","position":3,"name":"Savon lavande"}]},{"@type":"WebSite","@id":"https:\/\/www.savonspotionsetcie.com\/en\/#website","url":"https:\/\/www.savonspotionsetcie.com\/en\/","name":"Savons Potions & Cie","description":"Cr\u00e9atrice de savons et cosm\u00e9tiques naturels vegan","publisher":{"@id":"https:\/\/www.savonspotionsetcie.com\/en\/#organization"},"potentialAction":[{"@type":"SearchAction","target":{"@type":"EntryPoint","urlTemplate":"https:\/\/www.savonspotionsetcie.com\/en\/?s={search_term_string}"},"query-input":{"@type":"PropertyValueSpecification","valueRequired":true,"valueName":"search_term_string"}}],"inLanguage":"en-US"},{"@type":"Organization","@id":"https:\/\/www.savonspotionsetcie.com\/en\/#organization","name":"Savons Potions & Cie","url":"https:\/\/www.savonspotionsetcie.com\/en\/","logo":{"@type":"ImageObject","inLanguage":"en-US","@id":"https:\/\/www.savonspotionsetcie.com\/en\/#\/schema\/logo\/image\/","url":"https:\/\/www.savonspotionsetcie.com\/wp-content\/uploads\/2023\/11\/Logo-depot-1.jpg","contentUrl":"https:\/\/www.savonspotionsetcie.com\/wp-content\/uploads\/2023\/11\/Logo-depot-1.jpg","width":1492,"height":1492,"caption":"Savons Potions & Cie"},"image":{"@id":"https:\/\/www.savonspotionsetcie.com\/en\/#\/schema\/logo\/image\/"},"sameAs":["https:\/\/www.facebook.com\/Maguypavan","https:\/\/www.instagram.com\/savonspotionsetcie\/","https:\/\/www.tiktok.com\/@savonspotionsetcie"]}]}},"_links":{"self":[{"href":"https:\/\/www.savonspotionsetcie.com\/en\/wp-json\/wp\/v2\/product\/29851","targetHints":{"allow":["GET"]}}],"collection":[{"href":"https:\/\/www.savonspotionsetcie.com\/en\/wp-json\/wp\/v2\/product"}],"about":[{"href":"https:\/\/www.savonspotionsetcie.com\/en\/wp-json\/wp\/v2\/types\/product"}],"replies":[{"embeddable":true,"href":"https:\/\/www.savonspotionsetcie.com\/en\/wp-json\/wp\/v2\/comments?post=29851"}],"wp:featuredmedia":[{"embeddable":true,"href":"https:\/\/www.savonspotionsetcie.com\/en\/wp-json\/wp\/v2\/media\/30244"}],"wp:attachment":[{"href":"https:\/\/www.savonspotionsetcie.com\/en\/wp-json\/wp\/v2\/media?parent=29851"}],"wp:term":[{"taxonomy":"product_brand","embeddable":true,"href":"https:\/\/www.savonspotionsetcie.com\/en\/wp-json\/wp\/v2\/product_brand?post=29851"},{"taxonomy":"product_cat","embeddable":true,"href":"https:\/\/www.savonspotionsetcie.com\/en\/wp-json\/wp\/v2\/product_cat?post=29851"},{"taxonomy":"product_tag","embeddable":true,"href":"https:\/\/www.savonspotionsetcie.com\/en\/wp-json\/wp\/v2\/product_tag?post=29851"}],"curies":[{"name":"wp","href":"https:\/\/api.w.org\/{rel}","templated":true}]}}