{"id":29848,"date":"2021-03-30T14:21:14","date_gmt":"2021-03-30T12:21:14","guid":{"rendered":"https:\/\/demo-site.savonspotionsetcie.com\/?post_type=product&#038;p=29848"},"modified":"2026-02-04T14:34:06","modified_gmt":"2026-02-04T13:34:06","slug":"savon-chanvre-basilic-citron","status":"publish","type":"product","link":"https:\/\/www.savonspotionsetcie.com\/en\/product\/savon-chanvre-basilic-citron\/","title":{"rendered":"Savon chanvre citron"},"content":{"rendered":"<p class=\"\" data-start=\"239\" data-end=\"622\">Le Savon chanvre citron nettoie la peau tout en douceur, la revitalise et la purifie sans l\u2019agresser. Parfait pour les peaux matures, \u00e0 imperfections ou fatigu\u00e9es, il offre un moment de soin frais et tonique.<\/p>\n<p class=\"\" data-start=\"624\" data-end=\"805\">\u2714\ufe0f Nettoie, purifie et revitalise<br data-start=\"657\" data-end=\"660\" \/>\u2714\ufe0f Parfum frais et aromatique naturel<br data-start=\"697\" data-end=\"700\" \/>\u2714\ufe0f Huiles v\u00e9g\u00e9tales et essentielles bio<br data-start=\"739\" data-end=\"742\" \/>\u2714\ufe0f Convient \u00e0 toutes les peaux, y compris \u00e0 tendance acn\u00e9ique<\/p>\n<hr class=\"\" data-start=\"807\" data-end=\"810\" \/>\n<h3 class=\"\" data-start=\"812\" data-end=\"870\"><strong data-start=\"816\" data-end=\"870\">Pourquoi adopter le Savon Chanvre Citron ?<\/strong><\/h3>\n<h4 data-start=\"872\" data-end=\"1132\">Un savon frais et revitalisant<\/h4>\n<p class=\"\" data-start=\"872\" data-end=\"1132\"><br data-start=\"909\" data-end=\"912\" \/>Gr\u00e2ce \u00e0 l\u2019huile de chanvre, proche de la composition de la peau, et \u00e0 l&#8217; huile essentielle de citron, ce savon aide \u00e0 \u00e9quilibrer, purifier et tonifier l\u2019\u00e9piderme tout en laissant un parfum vivifiant.<\/p>\n<hr \/>\n<h4 data-start=\"1134\" data-end=\"1338\">Lovingly handcrafted<\/h4>\n<p class=\"\" data-start=\"1134\" data-end=\"1338\"><br data-start=\"1169\" data-end=\"1172\" \/>Chaque savon est \u00e9labor\u00e9 artisanalement dans mon atelier au pied des Pyr\u00e9n\u00e9es : moul\u00e9, d\u00e9coup\u00e9 et emball\u00e9 \u00e0 la main, pour une qualit\u00e9 unique et un savoir-faire local.<\/p>\n<hr \/>\n<h4 data-start=\"1340\" data-end=\"1535\">Une formulation \u00e9thique et responsable<\/h4>\n<p class=\"\" data-start=\"1340\" data-end=\"1535\"><br data-start=\"1385\" data-end=\"1388\" \/>100 % biod\u00e9gradable, vegan, sans conservateur. Les ingr\u00e9dients sont issus de l\u2019agriculture biologique et l\u2019emballage est recyclable et compostable.<\/p>\n<hr \/>\n<h4 data-start=\"1537\" data-end=\"1742\">Saponification \u00e0 froid : une douceur pr\u00e9serv\u00e9e<\/h4>\n<p class=\"\" data-start=\"1537\" data-end=\"1742\"><br data-start=\"1590\" data-end=\"1593\" \/>Ce proc\u00e9d\u00e9 conserve les propri\u00e9t\u00e9s des huiles v\u00e9g\u00e9tales et essentielles, tout en produisant naturellement de la glyc\u00e9rine, hydratante et protectrice.<\/p>\n<hr class=\"\" data-start=\"1744\" data-end=\"1747\" \/>\n<h3 class=\"\" data-start=\"1749\" data-end=\"1774\"><strong data-start=\"1753\" data-end=\"1772\">My commitments<\/strong><\/h3>\n<p class=\"\" data-start=\"1775\" data-end=\"1877\"><img loading=\"lazy\" decoding=\"async\" class=\"alignnone wp-image-31313\" src=\"https:\/\/www.savonspotionsetcie.com\/wp-content\/uploads\/2024\/08\/logo-MADE-IN-FRANCE.png\" alt=\"a flag in a circle with hearts\" width=\"201\" height=\"201\" srcset=\"https:\/\/www.savonspotionsetcie.com\/wp-content\/uploads\/2024\/08\/logo-MADE-IN-FRANCE.png 500w, https:\/\/www.savonspotionsetcie.com\/wp-content\/uploads\/2024\/08\/logo-MADE-IN-FRANCE-300x300.png 300w, https:\/\/www.savonspotionsetcie.com\/wp-content\/uploads\/2024\/08\/logo-MADE-IN-FRANCE-150x150.png 150w, https:\/\/www.savonspotionsetcie.com\/wp-content\/uploads\/2024\/08\/logo-MADE-IN-FRANCE-12x12.png 12w\" sizes=\"(max-width: 201px) 100vw, 201px\" \/><img loading=\"lazy\" decoding=\"async\" class=\"alignnone wp-image-31316\" src=\"https:\/\/www.savonspotionsetcie.com\/wp-content\/uploads\/2024\/05\/logo-2-1-300x300.png\" alt=\"a green logo with leaves around it\" width=\"200\" height=\"200\" srcset=\"https:\/\/www.savonspotionsetcie.com\/wp-content\/uploads\/2024\/05\/logo-2-1-300x300.png 300w, https:\/\/www.savonspotionsetcie.com\/wp-content\/uploads\/2024\/05\/logo-2-1-150x150.png 150w, https:\/\/www.savonspotionsetcie.com\/wp-content\/uploads\/2024\/05\/logo-2-1-12x12.png 12w, https:\/\/www.savonspotionsetcie.com\/wp-content\/uploads\/2024\/05\/logo-2-1.png 500w\" sizes=\"(max-width: 200px) 100vw, 200px\" \/><img loading=\"lazy\" decoding=\"async\" class=\"alignnone wp-image-31315\" src=\"https:\/\/www.savonspotionsetcie.com\/wp-content\/uploads\/2024\/08\/logo-handmade.png\" alt=\"two hands in the air\" width=\"200\" height=\"200\" srcset=\"https:\/\/www.savonspotionsetcie.com\/wp-content\/uploads\/2024\/08\/logo-handmade.png 500w, https:\/\/www.savonspotionsetcie.com\/wp-content\/uploads\/2024\/08\/logo-handmade-300x300.png 300w, https:\/\/www.savonspotionsetcie.com\/wp-content\/uploads\/2024\/08\/logo-handmade-150x150.png 150w, https:\/\/www.savonspotionsetcie.com\/wp-content\/uploads\/2024\/08\/logo-handmade-12x12.png 12w\" sizes=\"(max-width: 200px) 100vw, 200px\" \/><img loading=\"lazy\" decoding=\"async\" class=\"alignnone wp-image-31317\" src=\"https:\/\/www.savonspotionsetcie.com\/wp-content\/uploads\/2024\/05\/logo-3-1-300x300.png\" alt=\"a green and white globe with leaves and a arrow\" width=\"200\" height=\"200\" srcset=\"https:\/\/www.savonspotionsetcie.com\/wp-content\/uploads\/2024\/05\/logo-3-1-300x300.png 300w, https:\/\/www.savonspotionsetcie.com\/wp-content\/uploads\/2024\/05\/logo-3-1-150x150.png 150w, https:\/\/www.savonspotionsetcie.com\/wp-content\/uploads\/2024\/05\/logo-3-1-12x12.png 12w, https:\/\/www.savonspotionsetcie.com\/wp-content\/uploads\/2024\/05\/logo-3-1.png 500w\" sizes=\"(max-width: 200px) 100vw, 200px\" \/><\/p>\n<hr class=\"\" data-start=\"1879\" data-end=\"1882\" \/>\n<h3 class=\"\" data-start=\"1884\" data-end=\"1935\"><strong data-start=\"1888\" data-end=\"1935\">Composition du Savon Chanvre Citron<\/strong><\/h3>\n<p class=\"\" data-start=\"1937\" data-end=\"2208\"><strong data-start=\"1937\" data-end=\"1952\">Ingredients<\/strong> : huiles saponifi\u00e9es (huile d\u2019olive*, huile de coco*, beurre de karit\u00e9*, huile de chanvre*, huile de ricin*, beurre de cacao*), eau, hydroxyde de sodium, huile essentielle de citron*.<br data-start=\"2156\" data-end=\"2159\" \/>*Ingredients from organic farming.<\/p>\n<p><strong>INCI :<\/strong> Sodium olivate, Sodium cocoate, Sodium shea\u00a0butterate, sodium hempseedate, Glycerin**, Sodium cocoa\u00a0butterate, Sodium castorate, Aqua, Citrus limon peel\u00a0oil, Oscimum basilicum oil, Limon\u00e8ne.<\/p>\n<p>**naturally created during the saponification process.<\/p>\n<hr class=\"\" data-start=\"2461\" data-end=\"2464\" \/>\n<h3 class=\"\" data-start=\"2466\" data-end=\"2496\"><strong data-start=\"2470\" data-end=\"2496\">How to use<\/strong><\/h3>\n<p class=\"\" data-start=\"2498\" data-end=\"2838\">1\ufe0f\u20e3 Mouillez votre peau \u00e0 l\u2019eau ti\u00e8de.<br data-start=\"2536\" data-end=\"2539\" \/>2\ufe0f\u20e3 Faites mousser le savon entre vos mains ou avec une \u00e9ponge douce.<br data-start=\"2608\" data-end=\"2611\" \/>3\ufe0f\u20e3 Appliquez la mousse sur la peau en massant d\u00e9licatement.<br data-start=\"2671\" data-end=\"2674\" \/>4\ufe0f\u20e3 Rinse thoroughly with clean water.<br data-start=\"2712\" data-end=\"2715\" \/>5\ufe0f\u20e3 S\u00e9chez d\u00e9licatement avec une serviette propre.<br data-start=\"2765\" data-end=\"2768\" \/>6\ufe0f\u20e3 Laissez le savon s\u00e9cher \u00e0 l\u2019air libre sur un porte-savon drainant.<\/p>\n<p class=\"\" data-start=\"2840\" data-end=\"2934\">\ud83d\udca1 <strong data-start=\"2843\" data-end=\"2853\">Tip<\/strong> : id\u00e9al pour les routines matinales gr\u00e2ce \u00e0 son effet tonique et rafra\u00eechissant.<\/p>","protected":false},"excerpt":{"rendered":"<p>L&#8217;huile de chanvre a une composition lipidique tr\u00e8s similaire \u00e0 celle des lipides de la peau. Il serait donc dommage de se priver de ses qualit\u00e9s en cosm\u00e9tique. Pour compl\u00e9ter ses propri\u00e9t\u00e9s hydratante, assouplissante et revitalisante, elle est associ\u00e9e \u00e0 une huile essentielle \u00e0 la qualit\u00e9 antiseptique, le citron. Celui-ci donne une odeur fraiche et apaisante, renforc\u00e9e par l\u2019huile essentielle de basilic sacr\u00e9. Ce savon utilisable par tous, sera adapt\u00e9 aux peaux matures et aux peaux acn\u00e9iques.<\/p>","protected":false},"featured_media":30234,"comment_status":"open","ping_status":"closed","template":"","meta":{"_et_pb_use_builder":"","_et_pb_old_content":"","_et_gb_content_width":""},"product_brand":[],"product_cat":[32,33,34,22],"product_tag":[],"class_list":{"0":"post-29848","1":"product","2":"type-product","3":"status-publish","4":"has-post-thumbnail","6":"product_cat-avec-huiles-essentielles","7":"product_cat-hydratant","8":"product_cat-peaux-acneiques","9":"product_cat-savons","10":"clearfix","12":"first","13":"instock","14":"taxable","15":"shipping-taxable","16":"purchasable","17":"product-type-simple"},"yoast_head":"<!-- This site is optimized with the Yoast SEO plugin v27.5 - https:\/\/yoast.com\/product\/yoast-seo-wordpress\/ -->\n<title>Savon chanvre citron - Savons Potions &amp; Cie<\/title>\n<meta name=\"description\" content=\"Savon chanvre basilic citron \u2013 Purifie, hydrate et revitalise les peaux matures ou acn\u00e9iques. Formul\u00e9 \u00e0 froid, aux huiles bio et aux huiles essentielles.\" \/>\n<meta name=\"robots\" content=\"index, follow, max-snippet:-1, max-image-preview:large, max-video-preview:-1\" \/>\n<link rel=\"canonical\" href=\"https:\/\/www.savonspotionsetcie.com\/en\/product\/savon-chanvre-basilic-citron\/\" \/>\n<meta property=\"og:locale\" content=\"en_US\" \/>\n<meta property=\"og:type\" content=\"article\" \/>\n<meta property=\"og:title\" content=\"Savon chanvre citron - Savons Potions &amp; Cie\" \/>\n<meta property=\"og:description\" content=\"Savon chanvre basilic citron \u2013 Purifie, hydrate et revitalise les peaux matures ou acn\u00e9iques. Formul\u00e9 \u00e0 froid, aux huiles bio et aux huiles essentielles.\" \/>\n<meta property=\"og:url\" content=\"https:\/\/www.savonspotionsetcie.com\/en\/product\/savon-chanvre-basilic-citron\/\" \/>\n<meta property=\"og:site_name\" content=\"Savons Potions &amp; Cie\" \/>\n<meta property=\"article:publisher\" content=\"https:\/\/www.facebook.com\/Maguypavan\" \/>\n<meta property=\"article:modified_time\" content=\"2026-02-04T13:34:06+00:00\" \/>\n<meta property=\"og:image\" content=\"https:\/\/www.savonspotionsetcie.com\/wp-content\/uploads\/2023\/07\/DSC02536.jpg\" \/>\n\t<meta property=\"og:image:width\" content=\"2456\" \/>\n\t<meta property=\"og:image:height\" content=\"1632\" \/>\n\t<meta property=\"og:image:type\" content=\"image\/jpeg\" \/>\n<meta name=\"twitter:card\" content=\"summary_large_image\" \/>\n<meta name=\"twitter:label1\" content=\"Est. reading time\" \/>\n\t<meta name=\"twitter:data1\" content=\"3 minutes\" \/>\n<script type=\"application\/ld+json\" class=\"yoast-schema-graph\">{\"@context\":\"https:\\\/\\\/schema.org\",\"@graph\":[{\"@type\":\"WebPage\",\"@id\":\"https:\\\/\\\/www.savonspotionsetcie.com\\\/produit\\\/savon-chanvre-basilic-citron\\\/\",\"url\":\"https:\\\/\\\/www.savonspotionsetcie.com\\\/produit\\\/savon-chanvre-basilic-citron\\\/\",\"name\":\"Savon chanvre citron - Savons Potions &amp; Cie\",\"isPartOf\":{\"@id\":\"https:\\\/\\\/www.savonspotionsetcie.com\\\/en\\\/#website\"},\"primaryImageOfPage\":{\"@id\":\"https:\\\/\\\/www.savonspotionsetcie.com\\\/produit\\\/savon-chanvre-basilic-citron\\\/#primaryimage\"},\"image\":{\"@id\":\"https:\\\/\\\/www.savonspotionsetcie.com\\\/produit\\\/savon-chanvre-basilic-citron\\\/#primaryimage\"},\"thumbnailUrl\":\"https:\\\/\\\/www.savonspotionsetcie.com\\\/wp-content\\\/uploads\\\/2023\\\/07\\\/DSC02536.jpg\",\"datePublished\":\"2021-03-30T12:21:14+00:00\",\"dateModified\":\"2026-02-04T13:34:06+00:00\",\"description\":\"Savon chanvre basilic citron \u2013 Purifie, hydrate et revitalise les peaux matures ou acn\u00e9iques. Formul\u00e9 \u00e0 froid, aux huiles bio et aux huiles essentielles.\",\"breadcrumb\":{\"@id\":\"https:\\\/\\\/www.savonspotionsetcie.com\\\/produit\\\/savon-chanvre-basilic-citron\\\/#breadcrumb\"},\"inLanguage\":\"en-US\",\"potentialAction\":[{\"@type\":\"ReadAction\",\"target\":[\"https:\\\/\\\/www.savonspotionsetcie.com\\\/produit\\\/savon-chanvre-basilic-citron\\\/\"]}]},{\"@type\":\"ImageObject\",\"inLanguage\":\"en-US\",\"@id\":\"https:\\\/\\\/www.savonspotionsetcie.com\\\/produit\\\/savon-chanvre-basilic-citron\\\/#primaryimage\",\"url\":\"https:\\\/\\\/www.savonspotionsetcie.com\\\/wp-content\\\/uploads\\\/2023\\\/07\\\/DSC02536.jpg\",\"contentUrl\":\"https:\\\/\\\/www.savonspotionsetcie.com\\\/wp-content\\\/uploads\\\/2023\\\/07\\\/DSC02536.jpg\",\"width\":2456,\"height\":1632},{\"@type\":\"BreadcrumbList\",\"@id\":\"https:\\\/\\\/www.savonspotionsetcie.com\\\/produit\\\/savon-chanvre-basilic-citron\\\/#breadcrumb\",\"itemListElement\":[{\"@type\":\"ListItem\",\"position\":1,\"name\":\"Accueil\",\"item\":\"https:\\\/\\\/www.savonspotionsetcie.com\\\/\"},{\"@type\":\"ListItem\",\"position\":2,\"name\":\"Products\",\"item\":\"https:\\\/\\\/www.savonspotionsetcie.com\\\/en\\\/boutique__trashed\\\/\"},{\"@type\":\"ListItem\",\"position\":3,\"name\":\"Savon chanvre citron\"}]},{\"@type\":\"WebSite\",\"@id\":\"https:\\\/\\\/www.savonspotionsetcie.com\\\/en\\\/#website\",\"url\":\"https:\\\/\\\/www.savonspotionsetcie.com\\\/en\\\/\",\"name\":\"Savons Potions & Cie\",\"description\":\"Cr\u00e9atrice de savons et cosm\u00e9tiques naturels vegan\",\"publisher\":{\"@id\":\"https:\\\/\\\/www.savonspotionsetcie.com\\\/en\\\/#organization\"},\"potentialAction\":[{\"@type\":\"SearchAction\",\"target\":{\"@type\":\"EntryPoint\",\"urlTemplate\":\"https:\\\/\\\/www.savonspotionsetcie.com\\\/en\\\/?s={search_term_string}\"},\"query-input\":{\"@type\":\"PropertyValueSpecification\",\"valueRequired\":true,\"valueName\":\"search_term_string\"}}],\"inLanguage\":\"en-US\"},{\"@type\":\"Organization\",\"@id\":\"https:\\\/\\\/www.savonspotionsetcie.com\\\/en\\\/#organization\",\"name\":\"Savons Potions & Cie\",\"url\":\"https:\\\/\\\/www.savonspotionsetcie.com\\\/en\\\/\",\"logo\":{\"@type\":\"ImageObject\",\"inLanguage\":\"en-US\",\"@id\":\"https:\\\/\\\/www.savonspotionsetcie.com\\\/en\\\/#\\\/schema\\\/logo\\\/image\\\/\",\"url\":\"https:\\\/\\\/www.savonspotionsetcie.com\\\/wp-content\\\/uploads\\\/2023\\\/11\\\/Logo-depot-1.jpg\",\"contentUrl\":\"https:\\\/\\\/www.savonspotionsetcie.com\\\/wp-content\\\/uploads\\\/2023\\\/11\\\/Logo-depot-1.jpg\",\"width\":1492,\"height\":1492,\"caption\":\"Savons Potions & Cie\"},\"image\":{\"@id\":\"https:\\\/\\\/www.savonspotionsetcie.com\\\/en\\\/#\\\/schema\\\/logo\\\/image\\\/\"},\"sameAs\":[\"https:\\\/\\\/www.facebook.com\\\/Maguypavan\",\"https:\\\/\\\/www.instagram.com\\\/savonspotionsetcie\\\/\",\"https:\\\/\\\/www.tiktok.com\\\/@savonspotionsetcie\"]}]}<\/script>\n<!-- \/ Yoast SEO plugin. -->","yoast_head_json":{"title":"Savon chanvre citron - Savons Potions &amp; Cie","description":"Savon chanvre basilic citron \u2013 Purifie, hydrate et revitalise les peaux matures ou acn\u00e9iques. Formul\u00e9 \u00e0 froid, aux huiles bio et aux huiles essentielles.","robots":{"index":"index","follow":"follow","max-snippet":"max-snippet:-1","max-image-preview":"max-image-preview:large","max-video-preview":"max-video-preview:-1"},"canonical":"https:\/\/www.savonspotionsetcie.com\/en\/product\/savon-chanvre-basilic-citron\/","og_locale":"en_US","og_type":"article","og_title":"Savon chanvre citron - Savons Potions &amp; Cie","og_description":"Savon chanvre basilic citron \u2013 Purifie, hydrate et revitalise les peaux matures ou acn\u00e9iques. Formul\u00e9 \u00e0 froid, aux huiles bio et aux huiles essentielles.","og_url":"https:\/\/www.savonspotionsetcie.com\/en\/product\/savon-chanvre-basilic-citron\/","og_site_name":"Savons Potions &amp; Cie","article_publisher":"https:\/\/www.facebook.com\/Maguypavan","article_modified_time":"2026-02-04T13:34:06+00:00","og_image":[{"width":2456,"height":1632,"url":"https:\/\/www.savonspotionsetcie.com\/wp-content\/uploads\/2023\/07\/DSC02536.jpg","type":"image\/jpeg"}],"twitter_card":"summary_large_image","twitter_misc":{"Est. reading time":"3 minutes"},"schema":{"@context":"https:\/\/schema.org","@graph":[{"@type":"WebPage","@id":"https:\/\/www.savonspotionsetcie.com\/produit\/savon-chanvre-basilic-citron\/","url":"https:\/\/www.savonspotionsetcie.com\/produit\/savon-chanvre-basilic-citron\/","name":"Savon chanvre citron - Savons Potions &amp; Cie","isPartOf":{"@id":"https:\/\/www.savonspotionsetcie.com\/en\/#website"},"primaryImageOfPage":{"@id":"https:\/\/www.savonspotionsetcie.com\/produit\/savon-chanvre-basilic-citron\/#primaryimage"},"image":{"@id":"https:\/\/www.savonspotionsetcie.com\/produit\/savon-chanvre-basilic-citron\/#primaryimage"},"thumbnailUrl":"https:\/\/www.savonspotionsetcie.com\/wp-content\/uploads\/2023\/07\/DSC02536.jpg","datePublished":"2021-03-30T12:21:14+00:00","dateModified":"2026-02-04T13:34:06+00:00","description":"Savon chanvre basilic citron \u2013 Purifie, hydrate et revitalise les peaux matures ou acn\u00e9iques. Formul\u00e9 \u00e0 froid, aux huiles bio et aux huiles essentielles.","breadcrumb":{"@id":"https:\/\/www.savonspotionsetcie.com\/produit\/savon-chanvre-basilic-citron\/#breadcrumb"},"inLanguage":"en-US","potentialAction":[{"@type":"ReadAction","target":["https:\/\/www.savonspotionsetcie.com\/produit\/savon-chanvre-basilic-citron\/"]}]},{"@type":"ImageObject","inLanguage":"en-US","@id":"https:\/\/www.savonspotionsetcie.com\/produit\/savon-chanvre-basilic-citron\/#primaryimage","url":"https:\/\/www.savonspotionsetcie.com\/wp-content\/uploads\/2023\/07\/DSC02536.jpg","contentUrl":"https:\/\/www.savonspotionsetcie.com\/wp-content\/uploads\/2023\/07\/DSC02536.jpg","width":2456,"height":1632},{"@type":"BreadcrumbList","@id":"https:\/\/www.savonspotionsetcie.com\/produit\/savon-chanvre-basilic-citron\/#breadcrumb","itemListElement":[{"@type":"ListItem","position":1,"name":"Accueil","item":"https:\/\/www.savonspotionsetcie.com\/"},{"@type":"ListItem","position":2,"name":"Products","item":"https:\/\/www.savonspotionsetcie.com\/en\/boutique__trashed\/"},{"@type":"ListItem","position":3,"name":"Savon chanvre citron"}]},{"@type":"WebSite","@id":"https:\/\/www.savonspotionsetcie.com\/en\/#website","url":"https:\/\/www.savonspotionsetcie.com\/en\/","name":"Savons Potions & Cie","description":"Cr\u00e9atrice de savons et cosm\u00e9tiques naturels vegan","publisher":{"@id":"https:\/\/www.savonspotionsetcie.com\/en\/#organization"},"potentialAction":[{"@type":"SearchAction","target":{"@type":"EntryPoint","urlTemplate":"https:\/\/www.savonspotionsetcie.com\/en\/?s={search_term_string}"},"query-input":{"@type":"PropertyValueSpecification","valueRequired":true,"valueName":"search_term_string"}}],"inLanguage":"en-US"},{"@type":"Organization","@id":"https:\/\/www.savonspotionsetcie.com\/en\/#organization","name":"Savons Potions & Cie","url":"https:\/\/www.savonspotionsetcie.com\/en\/","logo":{"@type":"ImageObject","inLanguage":"en-US","@id":"https:\/\/www.savonspotionsetcie.com\/en\/#\/schema\/logo\/image\/","url":"https:\/\/www.savonspotionsetcie.com\/wp-content\/uploads\/2023\/11\/Logo-depot-1.jpg","contentUrl":"https:\/\/www.savonspotionsetcie.com\/wp-content\/uploads\/2023\/11\/Logo-depot-1.jpg","width":1492,"height":1492,"caption":"Savons Potions & Cie"},"image":{"@id":"https:\/\/www.savonspotionsetcie.com\/en\/#\/schema\/logo\/image\/"},"sameAs":["https:\/\/www.facebook.com\/Maguypavan","https:\/\/www.instagram.com\/savonspotionsetcie\/","https:\/\/www.tiktok.com\/@savonspotionsetcie"]}]}},"_links":{"self":[{"href":"https:\/\/www.savonspotionsetcie.com\/en\/wp-json\/wp\/v2\/product\/29848","targetHints":{"allow":["GET"]}}],"collection":[{"href":"https:\/\/www.savonspotionsetcie.com\/en\/wp-json\/wp\/v2\/product"}],"about":[{"href":"https:\/\/www.savonspotionsetcie.com\/en\/wp-json\/wp\/v2\/types\/product"}],"replies":[{"embeddable":true,"href":"https:\/\/www.savonspotionsetcie.com\/en\/wp-json\/wp\/v2\/comments?post=29848"}],"wp:featuredmedia":[{"embeddable":true,"href":"https:\/\/www.savonspotionsetcie.com\/en\/wp-json\/wp\/v2\/media\/30234"}],"wp:attachment":[{"href":"https:\/\/www.savonspotionsetcie.com\/en\/wp-json\/wp\/v2\/media?parent=29848"}],"wp:term":[{"taxonomy":"product_brand","embeddable":true,"href":"https:\/\/www.savonspotionsetcie.com\/en\/wp-json\/wp\/v2\/product_brand?post=29848"},{"taxonomy":"product_cat","embeddable":true,"href":"https:\/\/www.savonspotionsetcie.com\/en\/wp-json\/wp\/v2\/product_cat?post=29848"},{"taxonomy":"product_tag","embeddable":true,"href":"https:\/\/www.savonspotionsetcie.com\/en\/wp-json\/wp\/v2\/product_tag?post=29848"}],"curies":[{"name":"wp","href":"https:\/\/api.w.org\/{rel}","templated":true}]}}