{"id":29844,"date":"2021-03-28T23:39:31","date_gmt":"2021-03-28T21:39:31","guid":{"rendered":"https:\/\/demo-site.savonspotionsetcie.com\/?post_type=product&#038;p=29844"},"modified":"2026-03-10T08:55:31","modified_gmt":"2026-03-10T07:55:31","slug":"savon-sauge-eucalyptus","status":"publish","type":"product","link":"https:\/\/www.savonspotionsetcie.com\/en\/product\/savon-sauge-eucalyptus\/","title":{"rendered":"Sage and Eucalyptus Soap"},"content":{"rendered":"<p class=\"\" data-start=\"229\" data-end=\"643\">L\u2019ortie broy\u00e9e contenue dans le savon sauge eucalyptus l\u00e9g\u00e8rement exfoliante, affine le grain de peau tout en stimulant la microcirculation. R\u00e9sultat : une peau tonifi\u00e9e, fra\u00eeche et \u00e9clatante.<\/p>\n<p class=\"\" data-start=\"645\" data-end=\"825\">\u2714\ufe0f Nettoie, purifie et revitalise.<br data-start=\"678\" data-end=\"681\" \/>\u2714\ufe0f Effet exfoliant doux gr\u00e2ce \u00e0 l\u2019ortie.<br data-start=\"720\" data-end=\"723\" \/>\u2714\ufe0f Senteur fra\u00eeche et tonique \u00e0 l\u2019eucalyptus.<br data-start=\"767\" data-end=\"770\" \/>\u2714\ufe0f Convient aux peaux matures, s\u00e8ches ou d\u00e9shydrat\u00e9es.<\/p>\n<hr class=\"\" data-start=\"827\" data-end=\"830\" \/>\n<h3 class=\"\" data-start=\"832\" data-end=\"884\"><strong data-start=\"836\" data-end=\"884\">Pourquoi adopter le Savon Sauge Eucalyptus ?<\/strong><\/h3>\n<h4 data-start=\"886\" data-end=\"1086\">Un soin revitalisant pour les peaux matures<\/h4>\n<p class=\"\" data-start=\"886\" data-end=\"1086\"><br data-start=\"936\" data-end=\"939\" \/>Gr\u00e2ce \u00e0 la sauge et \u00e0 l\u2019eucalyptus, ce savon stimule la peau, la purifie et favorise sa r\u00e9g\u00e9n\u00e9ration, tout en pr\u00e9servant son hydratation naturelle.<\/p>\n<hr \/>\n<h4 data-start=\"1088\" data-end=\"1301\">Lovingly handcrafted<\/h4>\n<p class=\"\" data-start=\"1088\" data-end=\"1301\"><br data-start=\"1123\" data-end=\"1126\" \/>Chaque savon est confectionn\u00e9 artisanalement dans mon atelier au pied des Pyr\u00e9n\u00e9es : du moulage \u00e0 l\u2019emballage, tout est fait \u00e0 la main dans une d\u00e9marche locale et responsable.<\/p>\n<hr \/>\n<h4 data-start=\"1303\" data-end=\"1496\">Une formulation \u00e9thique et sensorielle<\/h4>\n<p class=\"\" data-start=\"1303\" data-end=\"1496\"><br data-start=\"1348\" data-end=\"1351\" \/>100 % biod\u00e9gradable, vegan, sans conservateur, avec des ingr\u00e9dients issus de l\u2019agriculture biologique. L\u2019emballage est recyclable et compostable.<\/p>\n<hr \/>\n<h4 data-start=\"1498\" data-end=\"1725\">Saponification \u00e0 froid : richesse pr\u00e9serv\u00e9e<\/h4>\n<p class=\"\" data-start=\"1498\" data-end=\"1725\"><br data-start=\"1548\" data-end=\"1551\" \/>Ce proc\u00e9d\u00e9 artisanal conserve toutes les propri\u00e9t\u00e9s des plantes et huiles utilis\u00e9es, tout en cr\u00e9ant naturellement de la glyc\u00e9rine, pour une peau nourrie, apais\u00e9e et prot\u00e9g\u00e9e.<\/p>\n<hr class=\"\" data-start=\"1727\" data-end=\"1730\" \/>\n<h3 class=\"\" data-start=\"1732\" data-end=\"1757\"><strong data-start=\"1736\" data-end=\"1755\">My commitments<\/strong><\/h3>\n<p class=\"\" data-start=\"1758\" data-end=\"1860\"><img loading=\"lazy\" decoding=\"async\" class=\"alignnone wp-image-31313\" src=\"https:\/\/www.savonspotionsetcie.com\/wp-content\/uploads\/2024\/08\/logo-MADE-IN-FRANCE.png\" alt=\"a flag in a circle with hearts\" width=\"201\" height=\"201\" srcset=\"https:\/\/www.savonspotionsetcie.com\/wp-content\/uploads\/2024\/08\/logo-MADE-IN-FRANCE.png 500w, https:\/\/www.savonspotionsetcie.com\/wp-content\/uploads\/2024\/08\/logo-MADE-IN-FRANCE-300x300.png 300w, https:\/\/www.savonspotionsetcie.com\/wp-content\/uploads\/2024\/08\/logo-MADE-IN-FRANCE-150x150.png 150w, https:\/\/www.savonspotionsetcie.com\/wp-content\/uploads\/2024\/08\/logo-MADE-IN-FRANCE-12x12.png 12w\" sizes=\"(max-width: 201px) 100vw, 201px\" \/><img loading=\"lazy\" decoding=\"async\" class=\"alignnone wp-image-31316\" src=\"https:\/\/www.savonspotionsetcie.com\/wp-content\/uploads\/2024\/05\/logo-2-1-300x300.png\" alt=\"a green logo with leaves around it\" width=\"202\" height=\"202\" srcset=\"https:\/\/www.savonspotionsetcie.com\/wp-content\/uploads\/2024\/05\/logo-2-1-300x300.png 300w, https:\/\/www.savonspotionsetcie.com\/wp-content\/uploads\/2024\/05\/logo-2-1-150x150.png 150w, https:\/\/www.savonspotionsetcie.com\/wp-content\/uploads\/2024\/05\/logo-2-1-12x12.png 12w, https:\/\/www.savonspotionsetcie.com\/wp-content\/uploads\/2024\/05\/logo-2-1.png 500w\" sizes=\"(max-width: 202px) 100vw, 202px\" \/><img loading=\"lazy\" decoding=\"async\" class=\"alignnone wp-image-31315\" src=\"https:\/\/www.savonspotionsetcie.com\/wp-content\/uploads\/2024\/08\/logo-handmade.png\" alt=\"two hands in the air\" width=\"199\" height=\"199\" srcset=\"https:\/\/www.savonspotionsetcie.com\/wp-content\/uploads\/2024\/08\/logo-handmade.png 500w, https:\/\/www.savonspotionsetcie.com\/wp-content\/uploads\/2024\/08\/logo-handmade-300x300.png 300w, https:\/\/www.savonspotionsetcie.com\/wp-content\/uploads\/2024\/08\/logo-handmade-150x150.png 150w, https:\/\/www.savonspotionsetcie.com\/wp-content\/uploads\/2024\/08\/logo-handmade-12x12.png 12w\" sizes=\"(max-width: 199px) 100vw, 199px\" \/><img loading=\"lazy\" decoding=\"async\" class=\"alignnone wp-image-31317\" src=\"https:\/\/www.savonspotionsetcie.com\/wp-content\/uploads\/2024\/05\/logo-3-1-300x300.png\" alt=\"a green and white globe with leaves and a arrow\" width=\"200\" height=\"200\" srcset=\"https:\/\/www.savonspotionsetcie.com\/wp-content\/uploads\/2024\/05\/logo-3-1-300x300.png 300w, https:\/\/www.savonspotionsetcie.com\/wp-content\/uploads\/2024\/05\/logo-3-1-150x150.png 150w, https:\/\/www.savonspotionsetcie.com\/wp-content\/uploads\/2024\/05\/logo-3-1-12x12.png 12w, https:\/\/www.savonspotionsetcie.com\/wp-content\/uploads\/2024\/05\/logo-3-1.png 500w\" sizes=\"(max-width: 200px) 100vw, 200px\" \/><\/p>\n<hr class=\"\" data-start=\"1862\" data-end=\"1865\" \/>\n<h3 class=\"\" data-start=\"1867\" data-end=\"1912\"><strong data-start=\"1871\" data-end=\"1912\">Composition du Savon Sauge Eucalyptus<\/strong><\/h3>\n<p><strong>Ingredients<\/strong>\u00a0: huiles saponifi\u00e9es (huile d\u2019olive*, huile de coco*, mac\u00e9rat huileux de sauge officinale*, beurre de karit\u00e9*, huile de ricin*, beurre de cacao*), eau, hydroxyde de sodium, huile essentielles d\u2019eucalyptus*, argile, poudre d\u2019ortie*.<br \/>\n*Ingredients from organic farming.<\/p>\n<p><strong>INCI :<\/strong> Sodium olivate, Sodium cocoate, Glycerin**, Sodium shea\u00a0butterate, Sodium castorate, Sodium cocoa\u00a0butterate, Aqua, salva\u00a0offcinalis\u00a0leaf, Eucalyptus globulus\u00a0leaf\u00a0oil, Illite, Kaolin, Montmorillonite, Urtica\u00a0dioica\u00a0leaf\u00a0powder, Limon\u00e8ne.<\/p>\n<p>** cr\u00e9e naturellement lors de la saponification.<\/p>\n<hr class=\"\" data-start=\"2493\" data-end=\"2496\" \/>\n<h3 class=\"\" data-start=\"2498\" data-end=\"2528\"><strong data-start=\"2502\" data-end=\"2528\">How to use<\/strong><\/h3>\n<p class=\"\" data-start=\"2530\" data-end=\"2879\">1\ufe0f\u20e3 Mouillez votre peau \u00e0 l\u2019eau ti\u00e8de.<br data-start=\"2568\" data-end=\"2571\" \/>2\ufe0f\u20e3 Faites mousser le savon entre vos mains ou sur une \u00e9ponge.<br data-start=\"2633\" data-end=\"2636\" \/>3\ufe0f\u20e3 Gently massage the foam into your skin.<br data-start=\"2684\" data-end=\"2687\" \/>4\ufe0f\u20e3 Rincez soigneusement \u00e0 l\u2019eau claire.<br data-start=\"2727\" data-end=\"2730\" \/>5\ufe0f\u20e3 S\u00e9chez la peau en tamponnant avec une serviette propre.<br data-start=\"2789\" data-end=\"2792\" \/>6\ufe0f\u20e3 Laissez s\u00e9cher le savon sur un porte-savon drainant pour prolonger sa dur\u00e9e de vie.<\/p>\n<p class=\"\" data-start=\"2881\" data-end=\"2962\">\ud83d\udca1 <strong data-start=\"2884\" data-end=\"2894\">Tip<\/strong> : id\u00e9al pour redonner tonus et \u00e9clat aux peaux fatigu\u00e9es ou ternes.<\/p>","protected":false},"excerpt":{"rendered":"<p>La sauge officinale, riche en chlorophylle, permet d&#8217;obtenir un mac\u00e9rat huileux d&#8217;un vert lumineux. Cette plante poss\u00e8de des propri\u00e9t\u00e9s anti-septique et cicatrisante tr\u00e8s int\u00e9ressantes pour la peau. L\u2019ortie, s\u00e9ch\u00e9e et broy\u00e9e, apporte un l\u00e9ger effet exfoliant \u00e0 ce savon \u00e0 l&#8217;odeur fraiche et puissante d&#8217;eucalyptus.<\/p>","protected":false},"featured_media":30239,"comment_status":"open","ping_status":"closed","template":"","meta":{"_et_pb_use_builder":"","_et_pb_old_content":"","_et_gb_content_width":""},"product_brand":[],"product_cat":[32,33,22],"product_tag":[],"class_list":{"0":"post-29844","1":"product","2":"type-product","3":"status-publish","4":"has-post-thumbnail","6":"product_cat-avec-huiles-essentielles","7":"product_cat-hydratant","8":"product_cat-savons","9":"clearfix","11":"first","12":"instock","13":"taxable","14":"shipping-taxable","15":"purchasable","16":"product-type-simple"},"yoast_head":"<!-- This site is optimized with the Yoast SEO plugin v27.4 - https:\/\/yoast.com\/product\/yoast-seo-wordpress\/ -->\n<title>Savon sauge eucalyptus - Savons Potions &amp; Cie<\/title>\n<meta name=\"description\" content=\"Savon sauge eucalyptus saponifi\u00e9 \u00e0 froid \u2013 purifiant, exfoliant et hydratant, id\u00e9al pour les peaux matures ou s\u00e8ches. Fabrication artisanale.\" \/>\n<meta name=\"robots\" content=\"index, follow, max-snippet:-1, max-image-preview:large, max-video-preview:-1\" \/>\n<link rel=\"canonical\" href=\"https:\/\/www.savonspotionsetcie.com\/en\/product\/savon-sauge-eucalyptus\/\" \/>\n<meta property=\"og:locale\" content=\"en_US\" \/>\n<meta property=\"og:type\" content=\"article\" \/>\n<meta property=\"og:title\" content=\"Savon sauge eucalyptus - Savons Potions &amp; Cie\" \/>\n<meta property=\"og:description\" content=\"Savon sauge eucalyptus saponifi\u00e9 \u00e0 froid \u2013 purifiant, exfoliant et hydratant, id\u00e9al pour les peaux matures ou s\u00e8ches. Fabrication artisanale.\" \/>\n<meta property=\"og:url\" content=\"https:\/\/www.savonspotionsetcie.com\/en\/product\/savon-sauge-eucalyptus\/\" \/>\n<meta property=\"og:site_name\" content=\"Savons Potions &amp; Cie\" \/>\n<meta property=\"article:publisher\" content=\"https:\/\/www.facebook.com\/Maguypavan\" \/>\n<meta property=\"article:modified_time\" content=\"2026-03-10T07:55:31+00:00\" \/>\n<meta property=\"og:image\" content=\"https:\/\/www.savonspotionsetcie.com\/wp-content\/uploads\/2023\/07\/DSC02543.jpg\" \/>\n\t<meta property=\"og:image:width\" content=\"2456\" \/>\n\t<meta property=\"og:image:height\" content=\"1632\" \/>\n\t<meta property=\"og:image:type\" content=\"image\/jpeg\" \/>\n<meta name=\"twitter:card\" content=\"summary_large_image\" \/>\n<meta name=\"twitter:label1\" content=\"Est. reading time\" \/>\n\t<meta name=\"twitter:data1\" content=\"3 minutes\" \/>\n<script type=\"application\/ld+json\" class=\"yoast-schema-graph\">{\"@context\":\"https:\\\/\\\/schema.org\",\"@graph\":[{\"@type\":\"WebPage\",\"@id\":\"https:\\\/\\\/www.savonspotionsetcie.com\\\/produit\\\/savon-sauge-eucalyptus\\\/\",\"url\":\"https:\\\/\\\/www.savonspotionsetcie.com\\\/produit\\\/savon-sauge-eucalyptus\\\/\",\"name\":\"Savon sauge eucalyptus - Savons Potions &amp; Cie\",\"isPartOf\":{\"@id\":\"https:\\\/\\\/www.savonspotionsetcie.com\\\/en\\\/#website\"},\"primaryImageOfPage\":{\"@id\":\"https:\\\/\\\/www.savonspotionsetcie.com\\\/produit\\\/savon-sauge-eucalyptus\\\/#primaryimage\"},\"image\":{\"@id\":\"https:\\\/\\\/www.savonspotionsetcie.com\\\/produit\\\/savon-sauge-eucalyptus\\\/#primaryimage\"},\"thumbnailUrl\":\"https:\\\/\\\/www.savonspotionsetcie.com\\\/wp-content\\\/uploads\\\/2023\\\/07\\\/DSC02543.jpg\",\"datePublished\":\"2021-03-28T21:39:31+00:00\",\"dateModified\":\"2026-03-10T07:55:31+00:00\",\"description\":\"Savon sauge eucalyptus saponifi\u00e9 \u00e0 froid \u2013 purifiant, exfoliant et hydratant, id\u00e9al pour les peaux matures ou s\u00e8ches. Fabrication artisanale.\",\"breadcrumb\":{\"@id\":\"https:\\\/\\\/www.savonspotionsetcie.com\\\/produit\\\/savon-sauge-eucalyptus\\\/#breadcrumb\"},\"inLanguage\":\"en-US\",\"potentialAction\":[{\"@type\":\"ReadAction\",\"target\":[\"https:\\\/\\\/www.savonspotionsetcie.com\\\/produit\\\/savon-sauge-eucalyptus\\\/\"]}]},{\"@type\":\"ImageObject\",\"inLanguage\":\"en-US\",\"@id\":\"https:\\\/\\\/www.savonspotionsetcie.com\\\/produit\\\/savon-sauge-eucalyptus\\\/#primaryimage\",\"url\":\"https:\\\/\\\/www.savonspotionsetcie.com\\\/wp-content\\\/uploads\\\/2023\\\/07\\\/DSC02543.jpg\",\"contentUrl\":\"https:\\\/\\\/www.savonspotionsetcie.com\\\/wp-content\\\/uploads\\\/2023\\\/07\\\/DSC02543.jpg\",\"width\":2456,\"height\":1632},{\"@type\":\"BreadcrumbList\",\"@id\":\"https:\\\/\\\/www.savonspotionsetcie.com\\\/produit\\\/savon-sauge-eucalyptus\\\/#breadcrumb\",\"itemListElement\":[{\"@type\":\"ListItem\",\"position\":1,\"name\":\"Accueil\",\"item\":\"https:\\\/\\\/www.savonspotionsetcie.com\\\/\"},{\"@type\":\"ListItem\",\"position\":2,\"name\":\"Products\",\"item\":\"https:\\\/\\\/www.savonspotionsetcie.com\\\/en\\\/boutique__trashed\\\/\"},{\"@type\":\"ListItem\",\"position\":3,\"name\":\"Savon sauge eucalyptus\"}]},{\"@type\":\"WebSite\",\"@id\":\"https:\\\/\\\/www.savonspotionsetcie.com\\\/en\\\/#website\",\"url\":\"https:\\\/\\\/www.savonspotionsetcie.com\\\/en\\\/\",\"name\":\"Savons Potions & Cie\",\"description\":\"Cr\u00e9atrice de savons et cosm\u00e9tiques naturels vegan\",\"publisher\":{\"@id\":\"https:\\\/\\\/www.savonspotionsetcie.com\\\/en\\\/#organization\"},\"potentialAction\":[{\"@type\":\"SearchAction\",\"target\":{\"@type\":\"EntryPoint\",\"urlTemplate\":\"https:\\\/\\\/www.savonspotionsetcie.com\\\/en\\\/?s={search_term_string}\"},\"query-input\":{\"@type\":\"PropertyValueSpecification\",\"valueRequired\":true,\"valueName\":\"search_term_string\"}}],\"inLanguage\":\"en-US\"},{\"@type\":\"Organization\",\"@id\":\"https:\\\/\\\/www.savonspotionsetcie.com\\\/en\\\/#organization\",\"name\":\"Savons Potions & Cie\",\"url\":\"https:\\\/\\\/www.savonspotionsetcie.com\\\/en\\\/\",\"logo\":{\"@type\":\"ImageObject\",\"inLanguage\":\"en-US\",\"@id\":\"https:\\\/\\\/www.savonspotionsetcie.com\\\/en\\\/#\\\/schema\\\/logo\\\/image\\\/\",\"url\":\"https:\\\/\\\/www.savonspotionsetcie.com\\\/wp-content\\\/uploads\\\/2023\\\/11\\\/Logo-depot-1.jpg\",\"contentUrl\":\"https:\\\/\\\/www.savonspotionsetcie.com\\\/wp-content\\\/uploads\\\/2023\\\/11\\\/Logo-depot-1.jpg\",\"width\":1492,\"height\":1492,\"caption\":\"Savons Potions & Cie\"},\"image\":{\"@id\":\"https:\\\/\\\/www.savonspotionsetcie.com\\\/en\\\/#\\\/schema\\\/logo\\\/image\\\/\"},\"sameAs\":[\"https:\\\/\\\/www.facebook.com\\\/Maguypavan\",\"https:\\\/\\\/www.instagram.com\\\/savonspotionsetcie\\\/\",\"https:\\\/\\\/www.tiktok.com\\\/@savonspotionsetcie\"]}]}<\/script>\n<!-- \/ Yoast SEO plugin. -->","yoast_head_json":{"title":"Savon sauge eucalyptus - Savons Potions &amp; Cie","description":"Savon sauge eucalyptus saponifi\u00e9 \u00e0 froid \u2013 purifiant, exfoliant et hydratant, id\u00e9al pour les peaux matures ou s\u00e8ches. Fabrication artisanale.","robots":{"index":"index","follow":"follow","max-snippet":"max-snippet:-1","max-image-preview":"max-image-preview:large","max-video-preview":"max-video-preview:-1"},"canonical":"https:\/\/www.savonspotionsetcie.com\/en\/product\/savon-sauge-eucalyptus\/","og_locale":"en_US","og_type":"article","og_title":"Savon sauge eucalyptus - Savons Potions &amp; Cie","og_description":"Savon sauge eucalyptus saponifi\u00e9 \u00e0 froid \u2013 purifiant, exfoliant et hydratant, id\u00e9al pour les peaux matures ou s\u00e8ches. Fabrication artisanale.","og_url":"https:\/\/www.savonspotionsetcie.com\/en\/product\/savon-sauge-eucalyptus\/","og_site_name":"Savons Potions &amp; Cie","article_publisher":"https:\/\/www.facebook.com\/Maguypavan","article_modified_time":"2026-03-10T07:55:31+00:00","og_image":[{"width":2456,"height":1632,"url":"https:\/\/www.savonspotionsetcie.com\/wp-content\/uploads\/2023\/07\/DSC02543.jpg","type":"image\/jpeg"}],"twitter_card":"summary_large_image","twitter_misc":{"Est. reading time":"3 minutes"},"schema":{"@context":"https:\/\/schema.org","@graph":[{"@type":"WebPage","@id":"https:\/\/www.savonspotionsetcie.com\/produit\/savon-sauge-eucalyptus\/","url":"https:\/\/www.savonspotionsetcie.com\/produit\/savon-sauge-eucalyptus\/","name":"Savon sauge eucalyptus - Savons Potions &amp; Cie","isPartOf":{"@id":"https:\/\/www.savonspotionsetcie.com\/en\/#website"},"primaryImageOfPage":{"@id":"https:\/\/www.savonspotionsetcie.com\/produit\/savon-sauge-eucalyptus\/#primaryimage"},"image":{"@id":"https:\/\/www.savonspotionsetcie.com\/produit\/savon-sauge-eucalyptus\/#primaryimage"},"thumbnailUrl":"https:\/\/www.savonspotionsetcie.com\/wp-content\/uploads\/2023\/07\/DSC02543.jpg","datePublished":"2021-03-28T21:39:31+00:00","dateModified":"2026-03-10T07:55:31+00:00","description":"Savon sauge eucalyptus saponifi\u00e9 \u00e0 froid \u2013 purifiant, exfoliant et hydratant, id\u00e9al pour les peaux matures ou s\u00e8ches. Fabrication artisanale.","breadcrumb":{"@id":"https:\/\/www.savonspotionsetcie.com\/produit\/savon-sauge-eucalyptus\/#breadcrumb"},"inLanguage":"en-US","potentialAction":[{"@type":"ReadAction","target":["https:\/\/www.savonspotionsetcie.com\/produit\/savon-sauge-eucalyptus\/"]}]},{"@type":"ImageObject","inLanguage":"en-US","@id":"https:\/\/www.savonspotionsetcie.com\/produit\/savon-sauge-eucalyptus\/#primaryimage","url":"https:\/\/www.savonspotionsetcie.com\/wp-content\/uploads\/2023\/07\/DSC02543.jpg","contentUrl":"https:\/\/www.savonspotionsetcie.com\/wp-content\/uploads\/2023\/07\/DSC02543.jpg","width":2456,"height":1632},{"@type":"BreadcrumbList","@id":"https:\/\/www.savonspotionsetcie.com\/produit\/savon-sauge-eucalyptus\/#breadcrumb","itemListElement":[{"@type":"ListItem","position":1,"name":"Accueil","item":"https:\/\/www.savonspotionsetcie.com\/"},{"@type":"ListItem","position":2,"name":"Products","item":"https:\/\/www.savonspotionsetcie.com\/en\/boutique__trashed\/"},{"@type":"ListItem","position":3,"name":"Savon sauge eucalyptus"}]},{"@type":"WebSite","@id":"https:\/\/www.savonspotionsetcie.com\/en\/#website","url":"https:\/\/www.savonspotionsetcie.com\/en\/","name":"Savons Potions & Cie","description":"Cr\u00e9atrice de savons et cosm\u00e9tiques naturels vegan","publisher":{"@id":"https:\/\/www.savonspotionsetcie.com\/en\/#organization"},"potentialAction":[{"@type":"SearchAction","target":{"@type":"EntryPoint","urlTemplate":"https:\/\/www.savonspotionsetcie.com\/en\/?s={search_term_string}"},"query-input":{"@type":"PropertyValueSpecification","valueRequired":true,"valueName":"search_term_string"}}],"inLanguage":"en-US"},{"@type":"Organization","@id":"https:\/\/www.savonspotionsetcie.com\/en\/#organization","name":"Savons Potions & Cie","url":"https:\/\/www.savonspotionsetcie.com\/en\/","logo":{"@type":"ImageObject","inLanguage":"en-US","@id":"https:\/\/www.savonspotionsetcie.com\/en\/#\/schema\/logo\/image\/","url":"https:\/\/www.savonspotionsetcie.com\/wp-content\/uploads\/2023\/11\/Logo-depot-1.jpg","contentUrl":"https:\/\/www.savonspotionsetcie.com\/wp-content\/uploads\/2023\/11\/Logo-depot-1.jpg","width":1492,"height":1492,"caption":"Savons Potions & Cie"},"image":{"@id":"https:\/\/www.savonspotionsetcie.com\/en\/#\/schema\/logo\/image\/"},"sameAs":["https:\/\/www.facebook.com\/Maguypavan","https:\/\/www.instagram.com\/savonspotionsetcie\/","https:\/\/www.tiktok.com\/@savonspotionsetcie"]}]}},"_links":{"self":[{"href":"https:\/\/www.savonspotionsetcie.com\/en\/wp-json\/wp\/v2\/product\/29844","targetHints":{"allow":["GET"]}}],"collection":[{"href":"https:\/\/www.savonspotionsetcie.com\/en\/wp-json\/wp\/v2\/product"}],"about":[{"href":"https:\/\/www.savonspotionsetcie.com\/en\/wp-json\/wp\/v2\/types\/product"}],"replies":[{"embeddable":true,"href":"https:\/\/www.savonspotionsetcie.com\/en\/wp-json\/wp\/v2\/comments?post=29844"}],"wp:featuredmedia":[{"embeddable":true,"href":"https:\/\/www.savonspotionsetcie.com\/en\/wp-json\/wp\/v2\/media\/30239"}],"wp:attachment":[{"href":"https:\/\/www.savonspotionsetcie.com\/en\/wp-json\/wp\/v2\/media?parent=29844"}],"wp:term":[{"taxonomy":"product_brand","embeddable":true,"href":"https:\/\/www.savonspotionsetcie.com\/en\/wp-json\/wp\/v2\/product_brand?post=29844"},{"taxonomy":"product_cat","embeddable":true,"href":"https:\/\/www.savonspotionsetcie.com\/en\/wp-json\/wp\/v2\/product_cat?post=29844"},{"taxonomy":"product_tag","embeddable":true,"href":"https:\/\/www.savonspotionsetcie.com\/en\/wp-json\/wp\/v2\/product_tag?post=29844"}],"curies":[{"name":"wp","href":"https:\/\/api.w.org\/{rel}","templated":true}]}}