{"id":29843,"date":"2021-03-28T23:27:31","date_gmt":"2021-03-28T21:27:31","guid":{"rendered":"https:\/\/demo-site.savonspotionsetcie.com\/?post_type=product&#038;p=29843"},"modified":"2026-02-04T14:34:13","modified_gmt":"2026-02-04T13:34:13","slug":"savon-colza-orange","status":"publish","type":"product","link":"https:\/\/www.savonspotionsetcie.com\/en\/product\/savon-colza-orange\/","title":{"rendered":"Rapeseed orange soap"},"content":{"rendered":"<h3 class=\"\" data-start=\"140\" data-end=\"188\">Pourquoi adopter le Savon Savon Colza Orange ?<\/h3>\n<h4 data-start=\"189\" data-end=\"419\">Un savon ultra doux pour les peaux sujettes aux rougeurs et aux imperfections<\/h4>\n<p class=\"\" data-start=\"189\" data-end=\"419\"><br data-start=\"236\" data-end=\"239\" \/>Sa formule permet de renforcer la barri\u00e8re cutan\u00e9e, att\u00e9nuer les rougeurs et pr\u00e9venir les imperfections sans dess\u00e9cher la peau. La synergie d\u2019ingr\u00e9dients naturels purifie en douceur tout en apportant de l\u2019\u00e9clat.<\/p>\n<hr \/>\n<h4 data-start=\"421\" data-end=\"652\">Lovingly handcrafted<\/h4>\n<p class=\"\" data-start=\"421\" data-end=\"652\"><br data-start=\"452\" data-end=\"455\" \/>Con\u00e7u artisanalement dans mon atelier au pied des Pyr\u00e9n\u00e9es, chaque savon est moul\u00e9, d\u00e9coup\u00e9 et emball\u00e9 \u00e0 la main avec la plus grande attention pour offrir un soin authentique, local et responsable.<\/p>\n<hr \/>\n<h4 data-start=\"654\" data-end=\"869\">An ethical and minimalist formula<\/h4>\n<p class=\"\" data-start=\"654\" data-end=\"869\"><br data-start=\"695\" data-end=\"698\" \/>100 % biod\u00e9gradable, vegan, sans huile essentielle, sans parfum ni conservateur. La garance provient de la cueillette sauvage et l\u2019emballage est recyclable et compostable.<\/p>\n<hr \/>\n<h4 data-start=\"871\" data-end=\"1154\">Cold process soap: gentle yet effective<\/h4>\n<p class=\"\" data-start=\"871\" data-end=\"1154\"><br data-start=\"920\" data-end=\"923\" \/>Gr\u00e2ce \u00e0 la saponification \u00e0 froid, les bienfaits des huiles v\u00e9g\u00e9tales et de la garance sont pleinement pr\u00e9serv\u00e9s. La glyc\u00e9rine naturellement form\u00e9e garantit une hydratation optimale pour une peau nourrie et apais\u00e9e jour apr\u00e8s jour.<\/p>\n<hr \/>\n<h3 data-start=\"2014\" data-end=\"2055\">My commitments<\/h3>\n<p><img loading=\"lazy\" decoding=\"async\" class=\"alignnone wp-image-31313\" src=\"https:\/\/www.savonspotionsetcie.com\/wp-content\/uploads\/2024\/08\/logo-MADE-IN-FRANCE.png\" alt=\"a flag in a circle with hearts\" width=\"201\" height=\"201\" srcset=\"https:\/\/www.savonspotionsetcie.com\/wp-content\/uploads\/2024\/08\/logo-MADE-IN-FRANCE.png 500w, https:\/\/www.savonspotionsetcie.com\/wp-content\/uploads\/2024\/08\/logo-MADE-IN-FRANCE-300x300.png 300w, https:\/\/www.savonspotionsetcie.com\/wp-content\/uploads\/2024\/08\/logo-MADE-IN-FRANCE-150x150.png 150w, https:\/\/www.savonspotionsetcie.com\/wp-content\/uploads\/2024\/08\/logo-MADE-IN-FRANCE-12x12.png 12w\" sizes=\"(max-width: 201px) 100vw, 201px\" \/><img loading=\"lazy\" decoding=\"async\" class=\"alignnone wp-image-31316\" src=\"https:\/\/www.savonspotionsetcie.com\/wp-content\/uploads\/2024\/05\/logo-2-1-300x300.png\" alt=\"a green logo with leaves around it\" width=\"200\" height=\"200\" srcset=\"https:\/\/www.savonspotionsetcie.com\/wp-content\/uploads\/2024\/05\/logo-2-1-300x300.png 300w, https:\/\/www.savonspotionsetcie.com\/wp-content\/uploads\/2024\/05\/logo-2-1-150x150.png 150w, https:\/\/www.savonspotionsetcie.com\/wp-content\/uploads\/2024\/05\/logo-2-1-12x12.png 12w, https:\/\/www.savonspotionsetcie.com\/wp-content\/uploads\/2024\/05\/logo-2-1.png 500w\" sizes=\"(max-width: 200px) 100vw, 200px\" \/><img loading=\"lazy\" decoding=\"async\" class=\"alignnone wp-image-31315\" src=\"https:\/\/www.savonspotionsetcie.com\/wp-content\/uploads\/2024\/08\/logo-handmade.png\" alt=\"two hands in the air\" width=\"200\" height=\"200\" srcset=\"https:\/\/www.savonspotionsetcie.com\/wp-content\/uploads\/2024\/08\/logo-handmade.png 500w, https:\/\/www.savonspotionsetcie.com\/wp-content\/uploads\/2024\/08\/logo-handmade-300x300.png 300w, https:\/\/www.savonspotionsetcie.com\/wp-content\/uploads\/2024\/08\/logo-handmade-150x150.png 150w, https:\/\/www.savonspotionsetcie.com\/wp-content\/uploads\/2024\/08\/logo-handmade-12x12.png 12w\" sizes=\"(max-width: 200px) 100vw, 200px\" \/><img loading=\"lazy\" decoding=\"async\" class=\"alignnone wp-image-31317\" src=\"https:\/\/www.savonspotionsetcie.com\/wp-content\/uploads\/2024\/05\/logo-3-1-300x300.png\" alt=\"a green and white globe with leaves and a arrow\" width=\"200\" height=\"200\" srcset=\"https:\/\/www.savonspotionsetcie.com\/wp-content\/uploads\/2024\/05\/logo-3-1-300x300.png 300w, https:\/\/www.savonspotionsetcie.com\/wp-content\/uploads\/2024\/05\/logo-3-1-150x150.png 150w, https:\/\/www.savonspotionsetcie.com\/wp-content\/uploads\/2024\/05\/logo-3-1-12x12.png 12w, https:\/\/www.savonspotionsetcie.com\/wp-content\/uploads\/2024\/05\/logo-3-1.png 500w\" sizes=\"(max-width: 200px) 100vw, 200px\" \/><\/p>\n<hr \/>\n<h3 class=\"\" data-start=\"2014\" data-end=\"2055\">Composition du Colza Orange<\/h3>\n<p>Superfat : 6%<\/p>\n<p><strong>Ingr\u00e9dients\u00a0:<\/strong> huiles saponifi\u00e9es (coco*, olive*, colza*, karit\u00e9*, ricin*), huiles essentielles d\u2019orange douce* et de bois de h\u00f4, argile rouge.<\/p>\n<p>* Products from organic farming<\/p>\n<p><strong>INCI :<\/strong> Sodium olivate, Sodium cocoate, Sodium shea\u00a0butterate, Sodium rapeseedate, Glycerin**, Sodium castorate, Aqua, Illite, Citrus aurandium\u00a0dulcis\u00a0peel\u00a0oil\u00a0expressed, Cinnamomum\u00a0camphora\u00a0wood\u00a0oil, Linallol, citronellol, g\u00e9raniol.<\/p>\n<p>**naturally created during the saponification process.<\/p>\n<p>&nbsp;<\/p>\n<hr \/>\n<h3 data-start=\"1632\" data-end=\"1920\">How to use<\/h3>\n<p class=\"\" data-start=\"1632\" data-end=\"1920\"><br data-start=\"1658\" data-end=\"1661\" \/>1\ufe0f\u20e3 Wet your body with lukewarm water.<br data-start=\"2516\" data-end=\"2519\" \/>2\ufe0f\u20e3 Faites mousser le savon sur votre corps ou avec une \u00e9ponge douce.<br data-start=\"2587\" data-end=\"2590\" \/>3\ufe0f\u20e3 Appliquez la mousse\u00a0 en massant d\u00e9licatement.<br data-start=\"2651\" data-end=\"2654\" \/>4\ufe0f\u20e3 Rinse thoroughly with clean water.<br data-start=\"2691\" data-end=\"2694\" \/>5\ufe0f\u20e3 S\u00e9chez votre corps en tamponnant avec une serviette propre.<br data-start=\"2757\" data-end=\"2760\" \/>6\ufe0f\u20e3 Let the soap air dry on a draining soap dish.<\/p>\n<p class=\"\" data-start=\"1922\" data-end=\"2007\">\ud83d\udca1 Astuce : id\u00e9al en routine minimaliste pour les peaux allergiques ou sensibilis\u00e9es.<\/p>","protected":false},"excerpt":{"rendered":"<p>Ce savon contient un surgras de 6%.<\/p>\n<p>L\u2019odeur fraiche, fruit\u00e9e et sucr\u00e9e, de l\u2019huile essentielle d\u2019orange douce, apaise les tensions et rend son utilisation tr\u00e8s agr\u00e9able. La qualit\u00e9 purifiante de cette huile prend soin de toutes les peaux.<\/p>","protected":false},"featured_media":30233,"comment_status":"open","ping_status":"closed","template":"","meta":{"_et_pb_use_builder":"","_et_pb_old_content":"","_et_gb_content_width":""},"product_brand":[],"product_cat":[32,33,22],"product_tag":[],"class_list":{"0":"post-29843","1":"product","2":"type-product","3":"status-publish","4":"has-post-thumbnail","6":"product_cat-avec-huiles-essentielles","7":"product_cat-hydratant","8":"product_cat-savons","9":"clearfix","11":"first","12":"instock","13":"taxable","14":"shipping-taxable","15":"purchasable","16":"product-type-simple"},"yoast_head":"<!-- This site is optimized with the Yoast SEO plugin v27.5 - https:\/\/yoast.com\/product\/yoast-seo-wordpress\/ -->\n<title>Savon Colza Orange - Savons Potions &amp; Cie<\/title>\n<meta name=\"description\" content=\"D\u00e9couvrez le savon colza orange saponifi\u00e9e \u00e0 froid pour une peau douce et hydrat\u00e9e. Adapt\u00e9 aux peaux sujettes aux rougeurs et aux petites imperfections\" \/>\n<meta name=\"robots\" content=\"index, follow, max-snippet:-1, max-image-preview:large, max-video-preview:-1\" \/>\n<link rel=\"canonical\" href=\"https:\/\/www.savonspotionsetcie.com\/en\/product\/savon-colza-orange\/\" \/>\n<meta property=\"og:locale\" content=\"en_US\" \/>\n<meta property=\"og:type\" content=\"article\" \/>\n<meta property=\"og:title\" content=\"Savon Colza Orange - Savons Potions &amp; Cie\" \/>\n<meta property=\"og:description\" content=\"D\u00e9couvrez le savon colza orange saponifi\u00e9e \u00e0 froid pour une peau douce et hydrat\u00e9e. Adapt\u00e9 aux peaux sujettes aux rougeurs et aux petites imperfections\" \/>\n<meta property=\"og:url\" content=\"https:\/\/www.savonspotionsetcie.com\/en\/product\/savon-colza-orange\/\" \/>\n<meta property=\"og:site_name\" content=\"Savons Potions &amp; Cie\" \/>\n<meta property=\"article:publisher\" content=\"https:\/\/www.facebook.com\/Maguypavan\" \/>\n<meta property=\"article:modified_time\" content=\"2026-02-04T13:34:13+00:00\" \/>\n<meta property=\"og:image\" content=\"https:\/\/www.savonspotionsetcie.com\/wp-content\/uploads\/2023\/07\/DSC02535.jpg\" \/>\n\t<meta property=\"og:image:width\" content=\"2456\" \/>\n\t<meta property=\"og:image:height\" content=\"1632\" \/>\n\t<meta property=\"og:image:type\" content=\"image\/jpeg\" \/>\n<meta name=\"twitter:card\" content=\"summary_large_image\" \/>\n<meta name=\"twitter:label1\" content=\"Est. reading time\" \/>\n\t<meta name=\"twitter:data1\" content=\"3 minutes\" \/>\n<script type=\"application\/ld+json\" class=\"yoast-schema-graph\">{\"@context\":\"https:\\\/\\\/schema.org\",\"@graph\":[{\"@type\":\"WebPage\",\"@id\":\"https:\\\/\\\/www.savonspotionsetcie.com\\\/produit\\\/savon-colza-orange\\\/\",\"url\":\"https:\\\/\\\/www.savonspotionsetcie.com\\\/produit\\\/savon-colza-orange\\\/\",\"name\":\"Savon Colza Orange - Savons Potions &amp; Cie\",\"isPartOf\":{\"@id\":\"https:\\\/\\\/www.savonspotionsetcie.com\\\/en\\\/#website\"},\"primaryImageOfPage\":{\"@id\":\"https:\\\/\\\/www.savonspotionsetcie.com\\\/produit\\\/savon-colza-orange\\\/#primaryimage\"},\"image\":{\"@id\":\"https:\\\/\\\/www.savonspotionsetcie.com\\\/produit\\\/savon-colza-orange\\\/#primaryimage\"},\"thumbnailUrl\":\"https:\\\/\\\/www.savonspotionsetcie.com\\\/wp-content\\\/uploads\\\/2023\\\/07\\\/DSC02535.jpg\",\"datePublished\":\"2021-03-28T21:27:31+00:00\",\"dateModified\":\"2026-02-04T13:34:13+00:00\",\"description\":\"D\u00e9couvrez le savon colza orange saponifi\u00e9e \u00e0 froid pour une peau douce et hydrat\u00e9e. Adapt\u00e9 aux peaux sujettes aux rougeurs et aux petites imperfections\",\"breadcrumb\":{\"@id\":\"https:\\\/\\\/www.savonspotionsetcie.com\\\/produit\\\/savon-colza-orange\\\/#breadcrumb\"},\"inLanguage\":\"en-US\",\"potentialAction\":[{\"@type\":\"ReadAction\",\"target\":[\"https:\\\/\\\/www.savonspotionsetcie.com\\\/produit\\\/savon-colza-orange\\\/\"]}]},{\"@type\":\"ImageObject\",\"inLanguage\":\"en-US\",\"@id\":\"https:\\\/\\\/www.savonspotionsetcie.com\\\/produit\\\/savon-colza-orange\\\/#primaryimage\",\"url\":\"https:\\\/\\\/www.savonspotionsetcie.com\\\/wp-content\\\/uploads\\\/2023\\\/07\\\/DSC02535.jpg\",\"contentUrl\":\"https:\\\/\\\/www.savonspotionsetcie.com\\\/wp-content\\\/uploads\\\/2023\\\/07\\\/DSC02535.jpg\",\"width\":2456,\"height\":1632},{\"@type\":\"BreadcrumbList\",\"@id\":\"https:\\\/\\\/www.savonspotionsetcie.com\\\/produit\\\/savon-colza-orange\\\/#breadcrumb\",\"itemListElement\":[{\"@type\":\"ListItem\",\"position\":1,\"name\":\"Accueil\",\"item\":\"https:\\\/\\\/www.savonspotionsetcie.com\\\/\"},{\"@type\":\"ListItem\",\"position\":2,\"name\":\"Products\",\"item\":\"https:\\\/\\\/www.savonspotionsetcie.com\\\/en\\\/boutique__trashed\\\/\"},{\"@type\":\"ListItem\",\"position\":3,\"name\":\"Savon Colza Orange\"}]},{\"@type\":\"WebSite\",\"@id\":\"https:\\\/\\\/www.savonspotionsetcie.com\\\/en\\\/#website\",\"url\":\"https:\\\/\\\/www.savonspotionsetcie.com\\\/en\\\/\",\"name\":\"Savons Potions & Cie\",\"description\":\"Cr\u00e9atrice de savons et cosm\u00e9tiques naturels vegan\",\"publisher\":{\"@id\":\"https:\\\/\\\/www.savonspotionsetcie.com\\\/en\\\/#organization\"},\"potentialAction\":[{\"@type\":\"SearchAction\",\"target\":{\"@type\":\"EntryPoint\",\"urlTemplate\":\"https:\\\/\\\/www.savonspotionsetcie.com\\\/en\\\/?s={search_term_string}\"},\"query-input\":{\"@type\":\"PropertyValueSpecification\",\"valueRequired\":true,\"valueName\":\"search_term_string\"}}],\"inLanguage\":\"en-US\"},{\"@type\":\"Organization\",\"@id\":\"https:\\\/\\\/www.savonspotionsetcie.com\\\/en\\\/#organization\",\"name\":\"Savons Potions & Cie\",\"url\":\"https:\\\/\\\/www.savonspotionsetcie.com\\\/en\\\/\",\"logo\":{\"@type\":\"ImageObject\",\"inLanguage\":\"en-US\",\"@id\":\"https:\\\/\\\/www.savonspotionsetcie.com\\\/en\\\/#\\\/schema\\\/logo\\\/image\\\/\",\"url\":\"https:\\\/\\\/www.savonspotionsetcie.com\\\/wp-content\\\/uploads\\\/2023\\\/11\\\/Logo-depot-1.jpg\",\"contentUrl\":\"https:\\\/\\\/www.savonspotionsetcie.com\\\/wp-content\\\/uploads\\\/2023\\\/11\\\/Logo-depot-1.jpg\",\"width\":1492,\"height\":1492,\"caption\":\"Savons Potions & Cie\"},\"image\":{\"@id\":\"https:\\\/\\\/www.savonspotionsetcie.com\\\/en\\\/#\\\/schema\\\/logo\\\/image\\\/\"},\"sameAs\":[\"https:\\\/\\\/www.facebook.com\\\/Maguypavan\",\"https:\\\/\\\/www.instagram.com\\\/savonspotionsetcie\\\/\",\"https:\\\/\\\/www.tiktok.com\\\/@savonspotionsetcie\"]}]}<\/script>\n<!-- \/ Yoast SEO plugin. -->","yoast_head_json":{"title":"Savon Colza Orange - Savons Potions &amp; Cie","description":"D\u00e9couvrez le savon colza orange saponifi\u00e9e \u00e0 froid pour une peau douce et hydrat\u00e9e. Adapt\u00e9 aux peaux sujettes aux rougeurs et aux petites imperfections","robots":{"index":"index","follow":"follow","max-snippet":"max-snippet:-1","max-image-preview":"max-image-preview:large","max-video-preview":"max-video-preview:-1"},"canonical":"https:\/\/www.savonspotionsetcie.com\/en\/product\/savon-colza-orange\/","og_locale":"en_US","og_type":"article","og_title":"Savon Colza Orange - Savons Potions &amp; Cie","og_description":"D\u00e9couvrez le savon colza orange saponifi\u00e9e \u00e0 froid pour une peau douce et hydrat\u00e9e. Adapt\u00e9 aux peaux sujettes aux rougeurs et aux petites imperfections","og_url":"https:\/\/www.savonspotionsetcie.com\/en\/product\/savon-colza-orange\/","og_site_name":"Savons Potions &amp; Cie","article_publisher":"https:\/\/www.facebook.com\/Maguypavan","article_modified_time":"2026-02-04T13:34:13+00:00","og_image":[{"width":2456,"height":1632,"url":"https:\/\/www.savonspotionsetcie.com\/wp-content\/uploads\/2023\/07\/DSC02535.jpg","type":"image\/jpeg"}],"twitter_card":"summary_large_image","twitter_misc":{"Est. reading time":"3 minutes"},"schema":{"@context":"https:\/\/schema.org","@graph":[{"@type":"WebPage","@id":"https:\/\/www.savonspotionsetcie.com\/produit\/savon-colza-orange\/","url":"https:\/\/www.savonspotionsetcie.com\/produit\/savon-colza-orange\/","name":"Savon Colza Orange - Savons Potions &amp; Cie","isPartOf":{"@id":"https:\/\/www.savonspotionsetcie.com\/en\/#website"},"primaryImageOfPage":{"@id":"https:\/\/www.savonspotionsetcie.com\/produit\/savon-colza-orange\/#primaryimage"},"image":{"@id":"https:\/\/www.savonspotionsetcie.com\/produit\/savon-colza-orange\/#primaryimage"},"thumbnailUrl":"https:\/\/www.savonspotionsetcie.com\/wp-content\/uploads\/2023\/07\/DSC02535.jpg","datePublished":"2021-03-28T21:27:31+00:00","dateModified":"2026-02-04T13:34:13+00:00","description":"D\u00e9couvrez le savon colza orange saponifi\u00e9e \u00e0 froid pour une peau douce et hydrat\u00e9e. Adapt\u00e9 aux peaux sujettes aux rougeurs et aux petites imperfections","breadcrumb":{"@id":"https:\/\/www.savonspotionsetcie.com\/produit\/savon-colza-orange\/#breadcrumb"},"inLanguage":"en-US","potentialAction":[{"@type":"ReadAction","target":["https:\/\/www.savonspotionsetcie.com\/produit\/savon-colza-orange\/"]}]},{"@type":"ImageObject","inLanguage":"en-US","@id":"https:\/\/www.savonspotionsetcie.com\/produit\/savon-colza-orange\/#primaryimage","url":"https:\/\/www.savonspotionsetcie.com\/wp-content\/uploads\/2023\/07\/DSC02535.jpg","contentUrl":"https:\/\/www.savonspotionsetcie.com\/wp-content\/uploads\/2023\/07\/DSC02535.jpg","width":2456,"height":1632},{"@type":"BreadcrumbList","@id":"https:\/\/www.savonspotionsetcie.com\/produit\/savon-colza-orange\/#breadcrumb","itemListElement":[{"@type":"ListItem","position":1,"name":"Accueil","item":"https:\/\/www.savonspotionsetcie.com\/"},{"@type":"ListItem","position":2,"name":"Products","item":"https:\/\/www.savonspotionsetcie.com\/en\/boutique__trashed\/"},{"@type":"ListItem","position":3,"name":"Savon Colza Orange"}]},{"@type":"WebSite","@id":"https:\/\/www.savonspotionsetcie.com\/en\/#website","url":"https:\/\/www.savonspotionsetcie.com\/en\/","name":"Savons Potions & Cie","description":"Cr\u00e9atrice de savons et cosm\u00e9tiques naturels vegan","publisher":{"@id":"https:\/\/www.savonspotionsetcie.com\/en\/#organization"},"potentialAction":[{"@type":"SearchAction","target":{"@type":"EntryPoint","urlTemplate":"https:\/\/www.savonspotionsetcie.com\/en\/?s={search_term_string}"},"query-input":{"@type":"PropertyValueSpecification","valueRequired":true,"valueName":"search_term_string"}}],"inLanguage":"en-US"},{"@type":"Organization","@id":"https:\/\/www.savonspotionsetcie.com\/en\/#organization","name":"Savons Potions & Cie","url":"https:\/\/www.savonspotionsetcie.com\/en\/","logo":{"@type":"ImageObject","inLanguage":"en-US","@id":"https:\/\/www.savonspotionsetcie.com\/en\/#\/schema\/logo\/image\/","url":"https:\/\/www.savonspotionsetcie.com\/wp-content\/uploads\/2023\/11\/Logo-depot-1.jpg","contentUrl":"https:\/\/www.savonspotionsetcie.com\/wp-content\/uploads\/2023\/11\/Logo-depot-1.jpg","width":1492,"height":1492,"caption":"Savons Potions & Cie"},"image":{"@id":"https:\/\/www.savonspotionsetcie.com\/en\/#\/schema\/logo\/image\/"},"sameAs":["https:\/\/www.facebook.com\/Maguypavan","https:\/\/www.instagram.com\/savonspotionsetcie\/","https:\/\/www.tiktok.com\/@savonspotionsetcie"]}]}},"_links":{"self":[{"href":"https:\/\/www.savonspotionsetcie.com\/en\/wp-json\/wp\/v2\/product\/29843","targetHints":{"allow":["GET"]}}],"collection":[{"href":"https:\/\/www.savonspotionsetcie.com\/en\/wp-json\/wp\/v2\/product"}],"about":[{"href":"https:\/\/www.savonspotionsetcie.com\/en\/wp-json\/wp\/v2\/types\/product"}],"replies":[{"embeddable":true,"href":"https:\/\/www.savonspotionsetcie.com\/en\/wp-json\/wp\/v2\/comments?post=29843"}],"wp:featuredmedia":[{"embeddable":true,"href":"https:\/\/www.savonspotionsetcie.com\/en\/wp-json\/wp\/v2\/media\/30233"}],"wp:attachment":[{"href":"https:\/\/www.savonspotionsetcie.com\/en\/wp-json\/wp\/v2\/media?parent=29843"}],"wp:term":[{"taxonomy":"product_brand","embeddable":true,"href":"https:\/\/www.savonspotionsetcie.com\/en\/wp-json\/wp\/v2\/product_brand?post=29843"},{"taxonomy":"product_cat","embeddable":true,"href":"https:\/\/www.savonspotionsetcie.com\/en\/wp-json\/wp\/v2\/product_cat?post=29843"},{"taxonomy":"product_tag","embeddable":true,"href":"https:\/\/www.savonspotionsetcie.com\/en\/wp-json\/wp\/v2\/product_tag?post=29843"}],"curies":[{"name":"wp","href":"https:\/\/api.w.org\/{rel}","templated":true}]}}